{"id":16752,"date":"2022-04-04T05:00:03","date_gmt":"2022-04-04T05:00:03","guid":{"rendered":"https:\/\/www.hicreategames.com\/politica-de-privacidade\/"},"modified":"2024-07-23T07:04:58","modified_gmt":"2024-07-23T07:04:58","slug":"politica-de-privacidade","status":"publish","type":"page","link":"https:\/\/www.hicreategames.com\/pt-pt\/politica-de-privacidade\/","title":{"rendered":"Pol\u00edtica de Privacidade"},"content":{"rendered":"\n\n\t<p>Bem-vindo ao HicreateGames! Se visitar a nossa loja significa que aceita automaticamente todos estes termos e condi\u00e7\u00f5es. Leia atentamente todas as informa\u00e7\u00f5es relativas \u00e0s nossas diretrizes, termos e acordos.<\/p>\n<p>\u00c9 muito importante preocuparmo-nos com a informa\u00e7\u00e3o porque vivemos numa sociedade informacional e n\u00e3o se pode subestimar a forma como a informa\u00e7\u00e3o ser\u00e1 utilizada e partilhada.<\/p>\n<p>A confian\u00e7a \u00e9 a base da amizade e agradecemos a sua decis\u00e3o de escolher a nossa loja. Estamos a dar-lhe acesso total a diferentes tipos de informa\u00e7\u00f5es relacionadas com a sua conta.<\/p>\n<p>Al\u00e9m disso, note que o nosso website cont\u00e9m in\u00fameras marcas registadas que podem pertencer tanto \u00e0 nossa empresa como a empresas terceiras.<\/p>\n<p>\u00c9 proibido utilizar log\u00f3tipos, \u00edcones e nomes de servi\u00e7os de qualquer forma que possa causar confus\u00e3o entre os nossos clientes e ser\u00e1 considerada uma viola\u00e7\u00e3o da lei de direitos de autor.<\/p>\n<p>Reservamo-nos o direito de fazer altera\u00e7\u00f5es a estes termos e condi\u00e7\u00f5es a qualquer momento, sem notifica\u00e7\u00e3o pr\u00e9via.<\/p>\n<p>Ao utilizar este site, concorda com os termos da vers\u00e3o mais recente desta Pol\u00edtica de Privacidade. Por favor, leia os nossos Termos de Utiliza\u00e7\u00e3o para compreender as regras gerais sobre a utiliza\u00e7\u00e3o deste site. Exceto conforme escrito em quaisquer outras isen\u00e7\u00f5es de responsabilidade, pol\u00edticas, Termos de Utiliza\u00e7\u00e3o ou outros avisos neste website, esta Pol\u00edtica de Privacidade e os Termos de Utiliza\u00e7\u00e3o constituem o acordo completo entre si e a HicreateGames.com relativamente \u00e0 utiliza\u00e7\u00e3o deste website. Poder\u00e1 estar sujeito a termos adicionais que podem ser aplicados ao aceder a servi\u00e7os ou materiais espec\u00edficos em determinadas \u00e1reas deste site ou ao seguir um link deste site.<\/p>\n<h3>Introdu\u00e7\u00e3o<\/h3>\n<p>As informa\u00e7\u00f5es que recebemos e a forma como as utilizamos dependem do que faz quando visita o nosso site. Recolhemos e utilizamos as suas informa\u00e7\u00f5es n\u00e3o pessoais (informa\u00e7\u00f5es que n\u00e3o s\u00e3o identific\u00e1veis \u200b\u200bpara si pessoalmente) de forma diferente das suas informa\u00e7\u00f5es pessoais.<\/p>\n<p>O que s\u00e3o informa\u00e7\u00f5es n\u00e3o pessoais?<\/p>\n<p>Informa\u00e7\u00f5es n\u00e3o pessoais s\u00e3o as informa\u00e7\u00f5es que recolhemos atrav\u00e9s deste site e que n\u00e3o nos identificam como pessoa singular. Pode incluir informa\u00e7\u00f5es como as seguintes:<\/p>\n<ul>\n<li>o tipo de software de navegador Web que utiliza (por exemplo, Netscape Navigator ou Internet Explorer)<\/li>\n<li>o nome do dom\u00ednio a partir do qual acede \u00e0 Internet<\/li>\n<li>o endere\u00e7o de Internet do site a partir do qual se ligou diretamente ao nosso site<\/li>\n<li>a data e hora em que acede ao nosso site<\/li>\n<li>quais as p\u00e1ginas que visitou no nosso site<\/li>\n<li>os termos de pesquisa que utiliza<\/li>\n<li>os links nos quais clica<\/li>\n<li>informa\u00e7\u00f5es pessoais que se tornaram impessoais ou anonimizadas (ou seja, informa\u00e7\u00f5es que n\u00e3o refletem ou fazem refer\u00eancia a um utilizador individualmente identific\u00e1vel)<\/li>\n<\/ul>\n<p>Se visitar o nosso website para ler ou descarregar informa\u00e7\u00f5es, como informa\u00e7\u00f5es sobre um problema de sa\u00fade ou sobre um dos nossos produtos, poderemos recolher determinadas informa\u00e7\u00f5es n\u00e3o pessoais sobre si no seu computador. Estas informa\u00e7\u00f5es s\u00e3o recolhidas do navegador do seu computador: se apenas ler ou descarregar informa\u00e7\u00f5es do nosso website, n\u00e3o recolheremos nem saberemos o seu nome, endere\u00e7o de e-mail, endere\u00e7o de casa ou outras informa\u00e7\u00f5es pessoais sobre si. Podemos colocar um ficheiro de texto chamado cookie nos ficheiros do navegador do seu computador quando nos visita. O cookie pode ser armazenado no disco r\u00edgido do seu computador. As informa\u00e7\u00f5es que recolhemos atrav\u00e9s de cookies s\u00e3o informa\u00e7\u00f5es n\u00e3o pessoais. \u00c9 sempre livre de recusar os nossos cookies se o seu navegador o permitir, mas algumas partes do nosso website podem n\u00e3o funcionar corretamente se o fizer. N\u00e3o permitiremos que terceiros, para al\u00e9m das empresas que contratamos para executar servi\u00e7os ou fun\u00e7\u00f5es em nosso nome, coloquem cookies no nosso website.<\/p>\n<h3>O que faz o HicreateGames.com com informa\u00e7\u00f5es que n\u00e3o sejam de identifica\u00e7\u00e3o pessoal?<\/h3>\n<p>Uma vez que as informa\u00e7\u00f5es n\u00e3o pessoais n\u00e3o podem identific\u00e1-lo ou estar ligadas a si de forma alguma, n\u00e3o existem restri\u00e7\u00f5es sobre as formas como podemos utilizar ou partilhar informa\u00e7\u00f5es n\u00e3o pessoais. Estamos sempre \u00e0 procura de formas de melhor o servir e melhorar este site. Utilizaremos informa\u00e7\u00f5es n\u00e3o pessoais suas para nos ajudar a tornar este site mais \u00fatil para os visitantes. Tamb\u00e9m utilizaremos informa\u00e7\u00f5es n\u00e3o pessoais para outros fins comerciais. Por exemplo, podemos utilizar informa\u00e7\u00f5es n\u00e3o pessoais ou agregar informa\u00e7\u00f5es n\u00e3o pessoais para:<\/p>\n<ul>\n<li>criar relat\u00f3rios para uso interno para desenvolver programas, produtos, servi\u00e7os ou conte\u00fados<\/li>\n<li>personalizar as informa\u00e7\u00f5es ou servi\u00e7os que sejam do seu interesse<br \/>\nPartilhe ou venda a terceiros<\/li>\n<li>fornecer &#8220;estat\u00edsticas de tr\u00e1fego&#8221; agregadas e &#8220;taxas de resposta&#8221; a terceiros<\/li>\n<\/ul>\n<h3>O que s\u00e3o informa\u00e7\u00f5es pessoais?<\/h3>\n<p>As informa\u00e7\u00f5es pessoais s\u00e3o as informa\u00e7\u00f5es que recolhemos atrav\u00e9s deste site e que podemos utilizar para o identificar especificamente, tais como:<\/p>\n<ul>\n<li>nome<\/li>\n<li>n\u00famero de telefone<\/li>\n<li>endere\u00e7o de email<\/li>\n<li>n\u00famero de s\u00e9rie do dispositivo m\u00e9dico<\/li>\n<li>informa\u00e7\u00f5es pessoais de sa\u00fade<\/li>\n<li>data de nascimento<\/li>\n<\/ul>\n<p>Em alguns locais deste site, tem a oportunidade de nos enviar informa\u00e7\u00f5es pessoais sobre si, de optar por receber informa\u00e7\u00f5es espec\u00edficas ou de participar numa atividade. Por exemplo, pode preencher um formul\u00e1rio de registo, um inqu\u00e9rito ou um formul\u00e1rio por e-mail e optar por receber material educativo sobre os nossos produtos e terapias. Pode tamb\u00e9m optar por nos permitir personalizar as suas visitas ao site; nesse caso, solicitaremos determinadas informa\u00e7\u00f5es pessoais para tornar as suas visitas ao nosso site mais \u00fateis para si. Quando estas informa\u00e7\u00f5es s\u00e3o combinadas com as informa\u00e7\u00f5es n\u00e3o pessoais que recolhemos atrav\u00e9s de cookies (descritas acima), poderemos dizer-lhe que j\u00e1 visitou o nosso website anteriormente e personalizar o seu acesso ao nosso website, por exemplo, informando-o sobre novas funcionalidades que podem ser do o seu interesse.<\/p>\n<h3>Como \u00e9 que o HicreateGames.com mant\u00e9m e utiliza informa\u00e7\u00f5es pessoais?<\/h3>\n<p>Poderemos manter e utilizar as informa\u00e7\u00f5es pessoais que recolhemos de si atrav\u00e9s deste site para lhe fornecer acesso a este site. Al\u00e9m disso, podemos manter e utilizar as suas informa\u00e7\u00f5es pessoais:<\/p>\n<ul>\n<li>para responder \u00e0s suas solicita\u00e7\u00f5es<\/li>\n<li>personalizar o seu acesso ao nosso site, por exemplo, informando-o sobre novas funcionalidades que possam ser do seu interesse<\/li>\n<li>desenvolver registos, incluindo registos das suas informa\u00e7\u00f5es pessoais<br \/>\ncontact\u00e1-lo com informa\u00e7\u00f5es que possam ser do seu interesse, incluindo informa\u00e7\u00f5es sobre ensaios cl\u00ednicos e sobre produtos e servi\u00e7os nossos e de terceiros<\/li>\n<li>para fins anal\u00edticos e para pesquisar, desenvolver e melhorar programas, produtos, servi\u00e7os e conte\u00fados<\/li>\n<li>para remover os seus identificadores pessoais (o seu nome, endere\u00e7o de e-mail, n\u00famero de seguran\u00e7a social, etc.). Nesse caso, deixaria de ser identificado como um indiv\u00edduo \u00fanico. Depois de anonimizarmos as informa\u00e7\u00f5es, estas tornar-se-\u00e3o informa\u00e7\u00f5es n\u00e3o pessoais e poderemos trat\u00e1-las como outras informa\u00e7\u00f5es n\u00e3o pessoais.<\/li>\n<li>fazer cumprir esta Declara\u00e7\u00e3o de Privacidade e outras regras sobre a utiliza\u00e7\u00e3o deste site<\/li>\n<li>para proteger os nossos direitos ou propriedade<\/li>\n<li>para proteger a sa\u00fade, a seguran\u00e7a ou o bem-estar de algu\u00e9m<\/li>\n<li>cumprir uma lei ou regulamento, ordem judicial ou outros processos legais<\/li>\n<\/ul>\n<p>N\u00e3o temos um m\u00e9todo para rever informa\u00e7\u00f5es pessoais ou n\u00e3o pessoais recolhidas atrav\u00e9s deste site.<\/p>\n<h3>O HicreateGames.com partilha alguma vez informa\u00e7\u00f5es pessoais com terceiros?<\/h3>\n<p>HicreateGames.com n\u00e3o partilhar\u00e1 as suas informa\u00e7\u00f5es pessoais recolhidas neste website com terceiros n\u00e3o relacionados sem a sua permiss\u00e3o, salvo disposi\u00e7\u00e3o em contr\u00e1rio nesta Declara\u00e7\u00e3o de Privacidade. No decurso normal dos neg\u00f3cios, poderemos partilhar algumas informa\u00e7\u00f5es pessoais com empresas que contratamos para desempenhar servi\u00e7os ou fun\u00e7\u00f5es em nosso nome. Em todos os casos em que partilhamos as suas informa\u00e7\u00f5es pessoais com terceiros, n\u00e3o os autorizaremos a manter, divulgar ou utilizar as suas informa\u00e7\u00f5es com terceiros, exceto com a finalidade de prestar os servi\u00e7os que lhes solicitamos. N\u00e3o venderemos, trocaremos ou publicaremos as suas informa\u00e7\u00f5es pessoais, exceto em conjunto com uma venda, fus\u00e3o, dissolu\u00e7\u00e3o ou aquisi\u00e7\u00e3o corporativa. Poderemos ser legalmente obrigados a divulgar as suas informa\u00e7\u00f5es pessoais em resposta a uma ordem judicial, intima\u00e7\u00e3o, mandado de busca, lei ou regulamento. Poderemos cooperar com as autoridades respons\u00e1veis \u200b\u200bpela aplica\u00e7\u00e3o da lei na investiga\u00e7\u00e3o e no julgamento de visitantes do website que violem as nossas regras ou se envolvam em comportamentos prejudiciais (ou ilegais) a outros visitantes.<\/p>\n<h3>E quanto \u00e0 privacidade noutros sites?<\/h3>\n<p>Este site pode conter links para outros sites. Alguns destes sites podem ser operados pela HicreateGames e alguns podem ser operados por terceiros. Fornecemos os links para sua conveni\u00eancia, mas n\u00e3o revemos, controlamos ou monitorizamos as pr\u00e1ticas de privacidade dos sites operados por terceiros. Esta Declara\u00e7\u00e3o de Privacidade n\u00e3o se aplica a qualquer outro site, mesmo aos outros sites HicreateGames.com. N\u00e3o somos respons\u00e1veis \u200b\u200bpelo desempenho de sites operados por terceiros ou pelas suas negocia\u00e7\u00f5es comerciais com os mesmos. Portanto, sempre que sair deste website recomendamos que reveja as pr\u00e1ticas de privacidade de cada website e tire as suas pr\u00f3prias conclus\u00f5es relativamente \u00e0 adequa\u00e7\u00e3o dessas pr\u00e1ticas.<\/p>\n<h3>O HicreateGames.com comunica diretamente com os visitantes deste website?<\/h3>\n<p>Poderemos contact\u00e1-lo periodicamente por e-mail, correio ou telefone se concordar com esse contacto para lhe fornecer informa\u00e7\u00f5es sobre programas, produtos, servi\u00e7os e conte\u00fados que possam ser do seu interesse. Al\u00e9m disso, alguns dos recursos deste site permitem que comunique connosco atrav\u00e9s de um formul\u00e1rio online. Se a sua comunica\u00e7\u00e3o solicitar uma resposta da nossa parte, enviar-lhe-emos uma resposta por e-mail. A resposta ou confirma\u00e7\u00e3o por e-mail pode incluir as suas informa\u00e7\u00f5es pessoais, incluindo informa\u00e7\u00f5es pessoais sobre a sua sa\u00fade, o seu nome, morada, etc.<\/p>\n<h3>E quanto \u00e0 seguran\u00e7a do site?<\/h3>\n<p>A seguran\u00e7a \u00e9 muito importante para n\u00f3s. Tamb\u00e9m compreendemos que a seguran\u00e7a \u00e9 importante para si. Tomamos medidas razo\u00e1veis \u200b\u200bpara proteger as suas informa\u00e7\u00f5es pessoais contra perda, utiliza\u00e7\u00e3o indevida e acesso n\u00e3o autorizado, divulga\u00e7\u00e3o, altera\u00e7\u00e3o ou destrui\u00e7\u00e3o. Deve ter em conta que nenhuma transmiss\u00e3o pela Internet \u00e9 100% segura ou livre de erros. Em particular, os e-mails enviados para ou a partir deste site podem n\u00e3o ser seguros e, por isso, deve ter especial cuidado ao decidir que informa\u00e7\u00e3o nos vai enviar por e-mail.<\/p>\n\n","protected":false},"excerpt":{"rendered":"<p>Bem-vindo ao HicreateGames! Se visitar a nossa loja significa que aceita automaticamente todos estes termos e condi\u00e7\u00f5es. Leia atentamente todas as informa\u00e7\u00f5es relativas \u00e0s nossas diretrizes, termos e acordos. \u00c9 muito importante preocuparmo-nos com a informa\u00e7\u00e3o porque vivemos numa sociedade informacional e n\u00e3o se pode subestimar a forma como a [&hellip;]<\/p>\n","protected":false},"author":1,"featured_media":0,"parent":0,"menu_order":0,"comment_status":"closed","ping_status":"closed","template":"","meta":{"site-sidebar-layout":"no-sidebar","site-content-layout":"page-builder","ast-site-content-layout":"default","site-content-style":"default","site-sidebar-style":"default","ast-global-header-display":"","ast-banner-title-visibility":"","ast-main-header-display":"","ast-hfb-above-header-display":"","ast-hfb-below-header-display":"","ast-hfb-mobile-header-display":"","site-post-title":"disabled","ast-breadcrumbs-content":"","ast-featured-img":"disabled","footer-sml-layout":"","ast-disable-related-posts":"","theme-transparent-header-meta":"default","adv-header-id-meta":"","stick-header-meta":"default","header-above-stick-meta":"","header-main-stick-meta":"","header-below-stick-meta":"","astra-migrate-meta-layouts":"default","ast-page-background-enabled":"default","ast-page-background-meta":{"desktop":{"background-color":"","background-image":"","background-repeat":"repeat","background-position":"center center","background-size":"auto","background-attachment":"scroll","background-type":"","background-media":"","overlay-type":"","overlay-color":"","overlay-opacity":"","overlay-gradient":""},"tablet":{"background-color":"","background-image":"","background-repeat":"repeat","background-position":"center center","background-size":"auto","background-attachment":"scroll","background-type":"","background-media":"","overlay-type":"","overlay-color":"","overlay-opacity":"","overlay-gradient":""},"mobile":{"background-color":"","background-image":"","background-repeat":"repeat","background-position":"center center","background-size":"auto","background-attachment":"scroll","background-type":"","background-media":"","overlay-type":"","overlay-color":"","overlay-opacity":"","overlay-gradient":""}},"ast-content-background-meta":{"desktop":{"background-color":"var(--ast-global-color-5)","background-image":"","background-repeat":"repeat","background-position":"center center","background-size":"auto","background-attachment":"scroll","background-type":"","background-media":"","overlay-type":"","overlay-color":"","overlay-opacity":"","overlay-gradient":""},"tablet":{"background-color":"var(--ast-global-color-5)","background-image":"","background-repeat":"repeat","background-position":"center center","background-size":"auto","background-attachment":"scroll","background-type":"","background-media":"","overlay-type":"","overlay-color":"","overlay-opacity":"","overlay-gradient":""},"mobile":{"background-color":"var(--ast-global-color-5)","background-image":"","background-repeat":"repeat","background-position":"center center","background-size":"auto","background-attachment":"scroll","background-type":"","background-media":"","overlay-type":"","overlay-color":"","overlay-opacity":"","overlay-gradient":""}},"footnotes":""},"class_list":["post-16752","page","type-page","status-publish","hentry"],"_links":{"self":[{"href":"https:\/\/www.hicreategames.com\/pt-pt\/wp-json\/wp\/v2\/pages\/16752","targetHints":{"allow":["GET"]}}],"collection":[{"href":"https:\/\/www.hicreategames.com\/pt-pt\/wp-json\/wp\/v2\/pages"}],"about":[{"href":"https:\/\/www.hicreategames.com\/pt-pt\/wp-json\/wp\/v2\/types\/page"}],"author":[{"embeddable":true,"href":"https:\/\/www.hicreategames.com\/pt-pt\/wp-json\/wp\/v2\/users\/1"}],"replies":[{"embeddable":true,"href":"https:\/\/www.hicreategames.com\/pt-pt\/wp-json\/wp\/v2\/comments?post=16752"}],"version-history":[{"count":1,"href":"https:\/\/www.hicreategames.com\/pt-pt\/wp-json\/wp\/v2\/pages\/16752\/revisions"}],"predecessor-version":[{"id":16753,"href":"https:\/\/www.hicreategames.com\/pt-pt\/wp-json\/wp\/v2\/pages\/16752\/revisions\/16753"}],"wp:attachment":[{"href":"https:\/\/www.hicreategames.com\/pt-pt\/wp-json\/wp\/v2\/media?parent=16752"}],"curies":[{"name":"wp","href":"https:\/\/api.w.org\/{rel}","templated":true}]}}