{"id":16891,"date":"2022-04-04T09:13:54","date_gmt":"2022-04-04T09:13:54","guid":{"rendered":"https:\/\/www.hicreategames.com\/tabuleiro-de-jogo-personalizado\/"},"modified":"2025-08-27T07:19:52","modified_gmt":"2025-08-27T07:19:52","slug":"tabuleiro-de-jogo-personalizado","status":"publish","type":"page","link":"https:\/\/www.hicreategames.com\/pt-pt\/tabuleiro-de-jogo-personalizado\/","title":{"rendered":"Tabuleiro de Jogo Personalizado"},"content":{"rendered":"\n\n\t<h3>\n\t\t\t\tTabuleiro de Jogo Personalizado\n\t\t\t<\/h3>\n\t<p>Desde simples tabuleiros dobr\u00e1veis at\u00e9 designs modulares elaborados, somos especializados na cria\u00e7\u00e3o de tabuleiros de jogos de alta qualidade e totalmente personaliz\u00e1veis, adaptados \u00e0 sua vis\u00e3o.<\/p>\n\t\t\t<a href=\"#\" role=\"button\">\n\t\t\t\t\t\t\tObter um Or\u00e7amento\n\t\t\t\t\t<\/a>\n\t\t\t\n<div class=\"wpcf7 no-js\" id=\"wpcf7-f16746-o1\" lang=\"pt-PT\" dir=\"ltr\" data-wpcf7-id=\"16746\">\n<div class=\"screen-reader-response\"><p role=\"status\" aria-live=\"polite\" aria-atomic=\"true\"><\/p> <ul><\/ul><\/div>\n<form action=\"\/pt-pt\/wp-json\/wp\/v2\/pages\/16891#wpcf7-f16746-o1\" method=\"post\" class=\"wpcf7-form init\" aria-label=\"Formul\u00e1rio de contacto\" enctype=\"multipart\/form-data\" novalidate=\"novalidate\" data-status=\"init\">\n<fieldset class=\"hidden-fields-container\"><input type=\"hidden\" name=\"_wpcf7\" value=\"16746\" \/><input type=\"hidden\" name=\"_wpcf7_version\" value=\"6.1.5\" \/><input type=\"hidden\" name=\"_wpcf7_locale\" value=\"pt_PT\" \/><input type=\"hidden\" name=\"_wpcf7_unit_tag\" value=\"wpcf7-f16746-o1\" \/><input type=\"hidden\" name=\"_wpcf7_container_post\" value=\"0\" \/><input type=\"hidden\" name=\"_wpcf7_posted_data_hash\" value=\"\" \/><input type=\"hidden\" name=\"_wpcf7_recaptcha_response\" value=\"\" \/>\n<\/fieldset>\n<p><label> O seu nome <span class=\"wpcf7-form-control-wrap\" data-name=\"your-name\"><input size=\"40\" maxlength=\"400\" class=\"wpcf7-form-control wpcf7-text wpcf7-validates-as-required\" aria-required=\"true\" aria-invalid=\"false\" value=\"\" type=\"text\" name=\"your-name\" \/><\/span> <\/label>\n<\/p>\n<p><label> O seu email <span class=\"wpcf7-form-control-wrap\" data-name=\"your-email\"><input size=\"40\" maxlength=\"400\" class=\"wpcf7-form-control wpcf7-email wpcf7-validates-as-required wpcf7-text wpcf7-validates-as-email\" aria-required=\"true\" aria-invalid=\"false\" value=\"\" type=\"email\" name=\"your-email\" \/><\/span> <\/label>\n<\/p>\n<p><label> Quantidade m\u00ednima <span class=\"wpcf7-form-control-wrap\" data-name=\"menu-734\"><select class=\"wpcf7-form-control wpcf7-select wpcf7-validates-as-required\" aria-required=\"true\" aria-invalid=\"false\" name=\"menu-734\"><option value=\"\">&#8212;Por favor escolha uma op\u00e7\u00e3o&#8212;<\/option><option value=\"300\">300<\/option><option value=\"500\">500<\/option><option value=\"1000\">1000<\/option><\/select><\/span> <\/label>\n<\/p>\n<p><label> A sua mensagem <span class=\"wpcf7-form-control-wrap\" data-name=\"your-message\"><textarea cols=\"40\" rows=\"10\" maxlength=\"2000\" class=\"wpcf7-form-control wpcf7-textarea wpcf7-validates-as-required\" aria-required=\"true\" aria-invalid=\"false\" name=\"your-message\"><\/textarea><\/span> <\/label>\n<\/p>\n<p><label> O seu arquivo (opcional) <span class=\"wpcf7-form-control-wrap\" data-name=\"file-978\"><input size=\"40\" class=\"wpcf7-form-control wpcf7-file\" accept=\"audio\/*,video\/*,image\/*\" aria-invalid=\"false\" type=\"file\" name=\"file-978\" \/><\/span> <\/label>\n<\/p>\n<p><span class=\"wpcf7-form-control-wrap\" data-name=\"quiz-747\"><label><span class=\"wpcf7-quiz-label\">2+6=?<\/span> <input size=\"40\" class=\"wpcf7-form-control wpcf7-quiz\" autocomplete=\"off\" aria-required=\"true\" aria-invalid=\"false\" type=\"text\" name=\"quiz-747\" \/><\/label><input type=\"hidden\" name=\"_wpcf7_quiz_answer_quiz-747\" value=\"34fe0dce70d770da3a4b02c0e1fa88fe\" \/><\/span>\n<\/p>\n<p><input class=\"wpcf7-form-control wpcf7-submit has-spinner\" type=\"submit\" value=\"Submeter\" \/>\n<\/p><div class=\"wpcf7-response-output\" aria-hidden=\"true\"><\/div>\n<\/form>\n<\/div>\n\t\t\n\t<h3>\n\t\t\t\tO que podemos personalizar para os teus tabuleiros de jogo?\n\t\t\t<\/h3>\n\t\t\t\t<img decoding=\"async\" src=\"https:\/\/www.hicreategames.com\/wp-content\/uploads\/2025\/08\/Maquina-formadora-automatica-de-tabuleiro-de-jogo-Yamaha.jpg\" alt=\"M\u00e1quina formadora autom\u00e1tica de tabuleiro de jogo Yamaha\" itemprop=\"image\" height=\"959\" width=\"640\" title=\"M\u00e1quina formadora autom\u00e1tica de tabuleiro de jogo Yamaha\" onerror=\"this.style.display='none'\" loading=\"lazy\" \/>\n\t<p><em>M\u00e1quina formadora autom\u00e1tica de tabuleiro de jogo Yamaha<\/em><\/p>\n\t<ul>\n<li>Aceite tamanho personalizado<\/li>\n<li>O tamanho m\u00e1ximo \u00e9 de 100*80cm.<\/li>\n<\/ul>\n\t<ul>\n<li><span id=\"su_tooltip_69f7d30998f61_button\" class=\"su-tooltip-button su-tooltip-button-outline-yes\" aria-describedby=\"su_tooltip_69f7d30998f61\" data-settings='{\"position\":\"top\",\"behavior\":\"hover\",\"hideDelay\":0}' tabindex=\"0\"><u>C2S<\/u><\/span><span style=\"display:none;z-index:100\" id=\"su_tooltip_69f7d30998f61\" class=\"su-tooltip\" role=\"tooltip\"><span class=\"su-tooltip-inner su-tooltip-shadow-yes\" style=\"z-index:100;background:#ffffff;color:#00000;font-size:14px;border-radius:5px;text-align:left;max-width:300px;line-height:1.25\"><span class=\"su-tooltip-title\"><\/span><span class=\"su-tooltip-content su-u-trim\">revestido dois lados<\/span><\/span><span id=\"su_tooltip_69f7d30998f61_arrow\" class=\"su-tooltip-arrow\" style=\"z-index:100;background:#ffffff\" data-popper-arrow><\/span><\/span> 157 gsm + cart\u00e3o cinzento + papel de embrulho preto<\/li>\n<\/ul>\n\t<ul>\n<li>1.2mm\/1.5mm\/1.8mm\/2.0mm<\/li>\n<\/ul>\n\t<ul>\n<li>3~5 mm<\/li>\n<\/ul>\n\t<ul>\n<li>Dobragem dupla, tripla, qu\u00e1drupla, sextupla, em acorde\u00e3o, enrol\u00e1vel e em puzzle.<\/li>\n<\/ul>\n\t<ul>\n<li>Verniz brilhante\/mate<\/li>\n<li>Lamina\u00e7\u00e3o brilhante\/mate<\/li>\n<\/ul>\n\t<ul>\n<li>PDF, PSD, AI ou CRD<\/li>\n<\/ul>\n\t<ul>\n<li>Pelo menos 300 ppi ou superior<\/li>\n<\/ul>\n\t<ul>\n<li>CMYK (ciano, magenta, amarelo e preto).<\/li>\n<li>Preto precisa de preto puro (C:0%,M:0%,Y:0%,K:100%)<\/li>\n<\/ul>\n\t<ul>\n<li>4C\/4C (impress\u00e3o frente e verso a 4 cores)<\/li>\n<li>4C\/0C (impress\u00e3o a 4 cores em 1 lado)<\/li>\n<\/ul>\n\t<h3>\n\t\t\t\tFatores que afetam o custo dos tabuleiros de jogo\n\t\t\t<\/h3>\n\t\t\t<p>O custo dos tabuleiros de jogo pode variar muito, dependendo de muitos fatores, tais como o tamanho, os materiais, a espessura, as op\u00e7\u00f5es de dobragem, o tratamento da superf\u00edcie, a complexidade do design e outros servi\u00e7os personalizados.<\/p>\t\n\t<p>Geralmente, os tabuleiros de jogo maiores exigir\u00e3o mais materiais e tempo de fabrico. Al\u00e9m disso, exigem materiais de embalagem e taxas de envio mais elevadas. <\/p>\n\t<p>O cart\u00e3o \u00e9 mais acess\u00edvel do que outros materiais, como o pl\u00e1stico, a madeira e o metal. Al\u00e9m disso, diferentes tipos de cart\u00e3o tamb\u00e9m podem afetar o custo. <\/p>\n\t<p>Os tabuleiros de jogo mais grossos requerem frequentemente mais materiais e m\u00e1quinas e processos de produ\u00e7\u00e3o mais complexos, o que aumenta os custos de produ\u00e7\u00e3o.<\/p>\n\t<p>Os tabuleiros de jogo que requerem mais op\u00e7\u00f5es de dobragem tendem a ser mais complexos, pois necessitam de maquinaria especializada e de trabalhadores qualificados para garantir o correto processo de dobragem.<\/p>\n\t<p>Tratamentos de superf\u00edcie mais complexos, como a grava\u00e7\u00e3o em relevo, o foiling ou o revestimento UV localizado, requerem equipamento e m\u00e3o-de-obra especializados, aumentando o custo de produ\u00e7\u00e3o.<\/p>\n\t<p>Quanto mais complexo for o design dos tabuleiros de jogo, mais tempo, esfor\u00e7o e recursos ser\u00e3o necess\u00e1rios para os criar, o que por sua vez pode levar a um custo mais elevado.<\/p>\n\t<h3>\n\t\t\t\tComo escolher a espessura certa?\n\t\t\t<\/h3>\n\t\t<meta itemprop=\"url\" content=\"https:\/\/www.hicreategames.com\/wp-content\/uploads\/2022\/04\/custom-game-board.mp4\" \/><div style=\"width: 640px;\" class=\"wp-video\"><video class=\"wp-video-shortcode\" id=\"video-16891-1\" width=\"640\" height=\"360\" poster=\"https:\/\/www.hicreategames.com\/wp-content\/uploads\/2025\/08\/Espessura-do-tabuleiro-de-jogo.jpg\" preload=\"none\" controls=\"controls\"><source type=\"video\/mp4\" src=\"https:\/\/www.hicreategames.com\/wp-content\/uploads\/2022\/04\/custom-game-board.mp4?_=1\" \/><source type=\"video\/mp4\" src=\"https:\/\/www.hicreategames.com\/wp-content\/uploads\/2022\/04\/custom-game-board.mp4?_=1\" \/><a href=\"https:\/\/www.hicreategames.com\/wp-content\/uploads\/2022\/04\/custom-game-board.mp4\">https:\/\/www.hicreategames.com\/wp-content\/uploads\/2022\/04\/custom-game-board.mp4<\/a><\/video><\/div>\t\n\t<p>Definimos o tamanho da caixa de acordo com o tamanho do tabuleiro de jogo e as suas op\u00e7\u00f5es de dobragem.<\/p>\n<p>Normalmente, definimos o tamanho do tabuleiro de 50 x 50 cm como o valor cr\u00edtico.<\/p>\n<ul>\n<li>Se o comprimento ou a largura do seu tabuleiro de jogo for &lt;50 cm, pode escolher o nosso tabuleiro cinzento de 1,5 mm.<\/li>\n<li>Se o comprimento ou a largura do seu tabuleiro de jogo for &gt;50 cm, pode escolher o nosso tabuleiro cinzento de \u22651,8 mm.<\/li>\n<\/ul>\n<p>Se tiver um tabuleiro de jogo grande e utilizar um tabuleiro cinzento fino, o tabuleiro deforma-se facilmente.<\/p>\n\t<h3>\n\t\t\t\tOp\u00e7\u00f5es de dobramento\n\t\t\t<\/h3>\n\t\t\t\t<img decoding=\"async\" src=\"https:\/\/www.hicreategames.com\/wp-content\/uploads\/2025\/08\/Tabuleiros-de-dobragem-dupla.png\" alt=\"Tabuleiros de dobragem dupla\" itemprop=\"image\" height=\"310\" width=\"355\" title=\"Tabuleiros de dobragem dupla\" onerror=\"this.style.display='none'\" loading=\"lazy\" \/>\n\t<h5>\n\t\t\t\tDivida ao meio\n\t\t\t<\/h5>\n\t\t\t<p>Esta \u00e9 a forma mais comum de dobrar os tabuleiros de jogo. S\u00e3o normalmente utilizados para jogos de tabuleiro que possuem superf\u00edcies de jogo maiores ou que v\u00eam com v\u00e1rios componentes. <\/p>\t\n\t\t\t\t<img decoding=\"async\" src=\"https:\/\/www.hicreategames.com\/wp-content\/uploads\/2025\/08\/Tabuleiros-de-dobragem-tripla.png\" alt=\"Tabuleiros de dobragem tripla\" itemprop=\"image\" height=\"310\" width=\"355\" title=\"Tabuleiros de dobragem tripla\" onerror=\"this.style.display='none'\" loading=\"lazy\" \/>\n\t<h5>\n\t\t\t\tTrisec\u00e7\u00e3o\n\t\t\t<\/h5>\n\t\t\t<p>O tabuleiro de jogo triplo \u00e9 uma escolha popular, pois oferece uma grande superf\u00edcie de jogo com portabilidade e desempenho de armazenamento. \u00c9 tamb\u00e9m uma solu\u00e7\u00e3o mais econ\u00f3mica do que uma \u00fanica placa de grandes dimens\u00f5es. <\/p>\t\n\t\t\t\t<img decoding=\"async\" src=\"https:\/\/www.hicreategames.com\/wp-content\/uploads\/2025\/08\/Tabuleiros-de-dobragem-quadrupla.png\" alt=\"Tabuleiros de dobragem qu\u00e1drupla\" itemprop=\"image\" height=\"310\" width=\"355\" title=\"Tabuleiros de dobragem qu\u00e1drupla\" onerror=\"this.style.display='none'\" loading=\"lazy\" \/>\n\t<h5>\n\t\t\t\t4 partes iguais\n\t\t\t<\/h5>\n\t\t\t<p>Quando desdobrado, o tabuleiro de jogo qu\u00e1druplo fica plano, proporcionando uma grande superf\u00edcie de jogo. Na hora de embalar o jogo, o tabuleiro pode ser dobrado em quatro, facilitando a sua arruma\u00e7\u00e3o. <\/p> \t\n\t\t\t\t<img decoding=\"async\" src=\"https:\/\/www.hicreategames.com\/wp-content\/uploads\/2025\/08\/Tabuleiros-de-dobragem-sextupla.png\" alt=\"Tabuleiros de dobragem sextupla\" itemprop=\"image\" height=\"310\" width=\"355\" title=\"Tabuleiros de dobragem sextupla\" onerror=\"this.style.display='none'\" loading=\"lazy\" \/>\n\t<h5>\n\t\t\t\tSix-Fold\n\t\t\t<\/h5>\n\t\t\t<p>\u00c9 um tipo de tabuleiro de jogo que pode ser dobrado em seis sec\u00e7\u00f5es. \u00c9 normalmente feito de material resistente, como cart\u00e3o ou pl\u00e1stico, e foi concebido para ser utilizado numa variedade de jogos diferentes. <\/p> \t\n\t<h3>\n\t\t\t\tTratamento da superf\u00edcie dos tabuleiros de jogo\n\t\t\t<\/h3>\n\t\t\t<p>Depende do efeito de impress\u00e3o, do n\u00edvel de prote\u00e7\u00e3o pretendido e do or\u00e7amento.<\/p>\t\n\t<strong>Tratamento de superf\u00edcie com verniz<br \/>\n<\/strong>VO verniz \u00e9 o processo de aplica\u00e7\u00e3o de uma camada transparente de silicone sobre a superf\u00edcie do tabuleiro para proteg\u00ea-lo e dar-lhe um acabamento brilhante.\n<div class=\"i2-pros-cons-icons i2-pros-cons-main-wrapper theme-i2pc-theme-1000 no-title no-button no-space-between-column no-outer-border no-round-corner no-heading-icon\"><div class=\"i2-pros-cons-wrapper\"><div class=\"i2-pros\"><strong class=\"i2-pros-title\">Pr\u00f3s<\/strong><div class=\"section\"><ul class='has-icon'><li><i class='icon icon-thumbs-up'><\/i>Mais barato<\/li><li><i class='icon icon-thumbs-up'><\/i>Ecol\u00f3gicos<\/li><\/ul><\/div><\/div><div class=\"i2-cons\"><strong class=\"i2-cons-title\">Contras<\/strong><div class=\"section\"><ul class='has-icon'><li><i class='icon icon-thumbs-down'><\/i>Menos prote\u00e7\u00e3o<\/li><\/ul><\/div><\/div><\/div><\/div>\n\t<strong>Tratamento de superf\u00edcie com lamina\u00e7\u00e3o<\/strong><br \/>\nA lamina\u00e7\u00e3o \u00e9 o processo de aplica\u00e7\u00e3o de uma pel\u00edcula pl\u00e1stica na superf\u00edcie do tabuleiro, para proteg\u00ea-lo do desgaste.\n<div class=\"i2-pros-cons-icons i2-pros-cons-main-wrapper theme-i2pc-theme-1000 no-title no-button no-space-between-column no-outer-border no-round-corner no-heading-icon\"><div class=\"i2-pros-cons-wrapper\"><div class=\"i2-pros\"><strong class=\"i2-pros-title\">Pr\u00f3s<\/strong><div class=\"section\"><ul class='has-icon'><li><i class='icon icon-thumbs-up'><\/i>Mais prote\u00e7\u00e3o<\/li><\/ul><\/div><\/div><div class=\"i2-cons\"><strong class=\"i2-cons-title\">Contras<\/strong><div class=\"section\"><ul class='has-icon'><li><i class='icon icon-thumbs-down'><\/i>Menos ecol\u00f3gico<\/li><li><i class='icon icon-thumbs-down'><\/i>Mais caro<\/li><\/ul><\/div><\/div><\/div><\/div>\n\t\t\t\t<img decoding=\"async\" src=\"https:\/\/www.hicreategames.com\/wp-content\/uploads\/2025\/08\/Tabuleiros-de-jogo.jpg\" alt=\"Tabuleiros de jogo\" itemprop=\"image\" height=\"800\" width=\"800\" title=\"Tabuleiros de jogo\" onerror=\"this.style.display='none'\" loading=\"lazy\" \/>\n\t<h3>\n\t\t\t\tContate-nos\n\t\t\t<\/h3>\n\t\n<div class=\"wpcf7 no-js\" id=\"wpcf7-f16746-o2\" lang=\"pt-PT\" dir=\"ltr\" data-wpcf7-id=\"16746\">\n<div class=\"screen-reader-response\"><p role=\"status\" aria-live=\"polite\" aria-atomic=\"true\"><\/p> <ul><\/ul><\/div>\n<form action=\"\/pt-pt\/wp-json\/wp\/v2\/pages\/16891#wpcf7-f16746-o2\" method=\"post\" class=\"wpcf7-form init\" aria-label=\"Formul\u00e1rio de contacto\" enctype=\"multipart\/form-data\" novalidate=\"novalidate\" data-status=\"init\">\n<fieldset class=\"hidden-fields-container\"><input type=\"hidden\" name=\"_wpcf7\" value=\"16746\" \/><input type=\"hidden\" name=\"_wpcf7_version\" value=\"6.1.5\" \/><input type=\"hidden\" name=\"_wpcf7_locale\" value=\"pt_PT\" \/><input type=\"hidden\" name=\"_wpcf7_unit_tag\" value=\"wpcf7-f16746-o2\" \/><input type=\"hidden\" name=\"_wpcf7_container_post\" value=\"0\" \/><input type=\"hidden\" name=\"_wpcf7_posted_data_hash\" value=\"\" \/><input type=\"hidden\" name=\"_wpcf7_recaptcha_response\" value=\"\" \/>\n<\/fieldset>\n<p><label> O seu nome <span class=\"wpcf7-form-control-wrap\" data-name=\"your-name\"><input size=\"40\" maxlength=\"400\" class=\"wpcf7-form-control wpcf7-text wpcf7-validates-as-required\" aria-required=\"true\" aria-invalid=\"false\" value=\"\" type=\"text\" name=\"your-name\" \/><\/span> <\/label>\n<\/p>\n<p><label> O seu email <span class=\"wpcf7-form-control-wrap\" data-name=\"your-email\"><input size=\"40\" maxlength=\"400\" class=\"wpcf7-form-control wpcf7-email wpcf7-validates-as-required wpcf7-text wpcf7-validates-as-email\" aria-required=\"true\" aria-invalid=\"false\" value=\"\" type=\"email\" name=\"your-email\" \/><\/span> <\/label>\n<\/p>\n<p><label> Quantidade m\u00ednima <span class=\"wpcf7-form-control-wrap\" data-name=\"menu-734\"><select class=\"wpcf7-form-control wpcf7-select wpcf7-validates-as-required\" aria-required=\"true\" aria-invalid=\"false\" name=\"menu-734\"><option value=\"\">&#8212;Por favor escolha uma op\u00e7\u00e3o&#8212;<\/option><option value=\"300\">300<\/option><option value=\"500\">500<\/option><option value=\"1000\">1000<\/option><\/select><\/span> <\/label>\n<\/p>\n<p><label> A sua mensagem <span class=\"wpcf7-form-control-wrap\" data-name=\"your-message\"><textarea cols=\"40\" rows=\"10\" maxlength=\"2000\" class=\"wpcf7-form-control wpcf7-textarea wpcf7-validates-as-required\" aria-required=\"true\" aria-invalid=\"false\" name=\"your-message\"><\/textarea><\/span> <\/label>\n<\/p>\n<p><label> O seu arquivo (opcional) <span class=\"wpcf7-form-control-wrap\" data-name=\"file-978\"><input size=\"40\" class=\"wpcf7-form-control wpcf7-file\" accept=\"audio\/*,video\/*,image\/*\" aria-invalid=\"false\" type=\"file\" name=\"file-978\" \/><\/span> <\/label>\n<\/p>\n<p><span class=\"wpcf7-form-control-wrap\" data-name=\"quiz-747\"><label><span class=\"wpcf7-quiz-label\">2+6=?<\/span> <input size=\"40\" class=\"wpcf7-form-control wpcf7-quiz\" autocomplete=\"off\" aria-required=\"true\" aria-invalid=\"false\" type=\"text\" name=\"quiz-747\" \/><\/label><input type=\"hidden\" name=\"_wpcf7_quiz_answer_quiz-747\" value=\"34fe0dce70d770da3a4b02c0e1fa88fe\" \/><\/span>\n<\/p>\n<p><input class=\"wpcf7-form-control wpcf7-submit has-spinner\" type=\"submit\" value=\"Submeter\" \/>\n<\/p><div class=\"wpcf7-response-output\" aria-hidden=\"true\"><\/div>\n<\/form>\n<\/div>\n\n\n","protected":false},"excerpt":{"rendered":"<p>Tabuleiro de Jogo Personalizado Desde simples tabuleiros dobr\u00e1veis at\u00e9 designs modulares elaborados, somos especializados na cria\u00e7\u00e3o de tabuleiros de jogos de alta qualidade e totalmente personaliz\u00e1veis, adaptados \u00e0 sua vis\u00e3o. Obter um Or\u00e7amento O que podemos personalizar para os teus tabuleiros de jogo? M\u00e1quina formadora autom\u00e1tica de tabuleiro de jogo [&hellip;]<\/p>\n","protected":false},"author":1,"featured_media":0,"parent":0,"menu_order":0,"comment_status":"closed","ping_status":"closed","template":"","meta":{"site-sidebar-layout":"no-sidebar","site-content-layout":"page-builder","ast-site-content-layout":"default","site-content-style":"default","site-sidebar-style":"default","ast-global-header-display":"","ast-banner-title-visibility":"","ast-main-header-display":"","ast-hfb-above-header-display":"","ast-hfb-below-header-display":"","ast-hfb-mobile-header-display":"","site-post-title":"disabled","ast-breadcrumbs-content":"","ast-featured-img":"disabled","footer-sml-layout":"","ast-disable-related-posts":"","theme-transparent-header-meta":"default","adv-header-id-meta":"","stick-header-meta":"default","header-above-stick-meta":"","header-main-stick-meta":"","header-below-stick-meta":"","astra-migrate-meta-layouts":"default","ast-page-background-enabled":"default","ast-page-background-meta":{"desktop":{"background-color":"","background-image":"","background-repeat":"repeat","background-position":"center center","background-size":"auto","background-attachment":"scroll","background-type":"","background-media":"","overlay-type":"","overlay-color":"","overlay-opacity":"","overlay-gradient":""},"tablet":{"background-color":"","background-image":"","background-repeat":"repeat","background-position":"center center","background-size":"auto","background-attachment":"scroll","background-type":"","background-media":"","overlay-type":"","overlay-color":"","overlay-opacity":"","overlay-gradient":""},"mobile":{"background-color":"","background-image":"","background-repeat":"repeat","background-position":"center center","background-size":"auto","background-attachment":"scroll","background-type":"","background-media":"","overlay-type":"","overlay-color":"","overlay-opacity":"","overlay-gradient":""}},"ast-content-background-meta":{"desktop":{"background-color":"var(--ast-global-color-5)","background-image":"","background-repeat":"repeat","background-position":"center center","background-size":"auto","background-attachment":"scroll","background-type":"","background-media":"","overlay-type":"","overlay-color":"","overlay-opacity":"","overlay-gradient":""},"tablet":{"background-color":"var(--ast-global-color-5)","background-image":"","background-repeat":"repeat","background-position":"center center","background-size":"auto","background-attachment":"scroll","background-type":"","background-media":"","overlay-type":"","overlay-color":"","overlay-opacity":"","overlay-gradient":""},"mobile":{"background-color":"var(--ast-global-color-5)","background-image":"","background-repeat":"repeat","background-position":"center center","background-size":"auto","background-attachment":"scroll","background-type":"","background-media":"","overlay-type":"","overlay-color":"","overlay-opacity":"","overlay-gradient":""}},"footnotes":""},"class_list":["post-16891","page","type-page","status-publish","hentry"],"_links":{"self":[{"href":"https:\/\/www.hicreategames.com\/pt-pt\/wp-json\/wp\/v2\/pages\/16891","targetHints":{"allow":["GET"]}}],"collection":[{"href":"https:\/\/www.hicreategames.com\/pt-pt\/wp-json\/wp\/v2\/pages"}],"about":[{"href":"https:\/\/www.hicreategames.com\/pt-pt\/wp-json\/wp\/v2\/types\/page"}],"author":[{"embeddable":true,"href":"https:\/\/www.hicreategames.com\/pt-pt\/wp-json\/wp\/v2\/users\/1"}],"replies":[{"embeddable":true,"href":"https:\/\/www.hicreategames.com\/pt-pt\/wp-json\/wp\/v2\/comments?post=16891"}],"version-history":[{"count":5,"href":"https:\/\/www.hicreategames.com\/pt-pt\/wp-json\/wp\/v2\/pages\/16891\/revisions"}],"predecessor-version":[{"id":25832,"href":"https:\/\/www.hicreategames.com\/pt-pt\/wp-json\/wp\/v2\/pages\/16891\/revisions\/25832"}],"wp:attachment":[{"href":"https:\/\/www.hicreategames.com\/pt-pt\/wp-json\/wp\/v2\/media?parent=16891"}],"curies":[{"name":"wp","href":"https:\/\/api.w.org\/{rel}","templated":true}]}}