{"id":17102,"date":"2022-04-06T11:19:27","date_gmt":"2022-04-06T11:19:27","guid":{"rendered":"https:\/\/www.hicreategames.com\/miniatura-personalizada\/"},"modified":"2025-08-27T10:50:08","modified_gmt":"2025-08-27T10:50:08","slug":"miniatura-personalizada","status":"publish","type":"page","link":"https:\/\/www.hicreategames.com\/pt-pt\/miniatura-personalizada\/","title":{"rendered":"Miniatura Personalizada"},"content":{"rendered":"\n<h3>\n\t\tMiniatura 3D Personalizada\n\t<\/h3>\n\t\t\t<a href=\"#\" role=\"button\">\n\t\t\t\t\t\t\tContacte-nos e carregue as suas ideias\n\t\t\t<\/a>\n\t\t\n<div class=\"wpcf7 no-js\" id=\"wpcf7-f16746-o1\" lang=\"pt-PT\" dir=\"ltr\" data-wpcf7-id=\"16746\">\n<div class=\"screen-reader-response\"><p role=\"status\" aria-live=\"polite\" aria-atomic=\"true\"><\/p> <ul><\/ul><\/div>\n<form action=\"\/pt-pt\/wp-json\/wp\/v2\/pages\/17102#wpcf7-f16746-o1\" method=\"post\" class=\"wpcf7-form init\" aria-label=\"Formul\u00e1rio de contacto\" enctype=\"multipart\/form-data\" novalidate=\"novalidate\" data-status=\"init\">\n<fieldset class=\"hidden-fields-container\"><input type=\"hidden\" name=\"_wpcf7\" value=\"16746\" \/><input type=\"hidden\" name=\"_wpcf7_version\" value=\"6.1.5\" \/><input type=\"hidden\" name=\"_wpcf7_locale\" value=\"pt_PT\" \/><input type=\"hidden\" name=\"_wpcf7_unit_tag\" value=\"wpcf7-f16746-o1\" \/><input type=\"hidden\" name=\"_wpcf7_container_post\" value=\"0\" \/><input type=\"hidden\" name=\"_wpcf7_posted_data_hash\" value=\"\" \/><input type=\"hidden\" name=\"_wpcf7_recaptcha_response\" value=\"\" \/>\n<\/fieldset>\n<p><label> O seu nome <span class=\"wpcf7-form-control-wrap\" data-name=\"your-name\"><input size=\"40\" maxlength=\"400\" class=\"wpcf7-form-control wpcf7-text wpcf7-validates-as-required\" aria-required=\"true\" aria-invalid=\"false\" value=\"\" type=\"text\" name=\"your-name\" \/><\/span> <\/label>\n<\/p>\n<p><label> O seu email <span class=\"wpcf7-form-control-wrap\" data-name=\"your-email\"><input size=\"40\" maxlength=\"400\" class=\"wpcf7-form-control wpcf7-email wpcf7-validates-as-required wpcf7-text wpcf7-validates-as-email\" aria-required=\"true\" aria-invalid=\"false\" value=\"\" type=\"email\" name=\"your-email\" \/><\/span> <\/label>\n<\/p>\n<p><label> Quantidade m\u00ednima <span class=\"wpcf7-form-control-wrap\" data-name=\"menu-734\"><select class=\"wpcf7-form-control wpcf7-select wpcf7-validates-as-required\" aria-required=\"true\" aria-invalid=\"false\" name=\"menu-734\"><option value=\"\">&#8212;Por favor escolha uma op\u00e7\u00e3o&#8212;<\/option><option value=\"300\">300<\/option><option value=\"500\">500<\/option><option value=\"1000\">1000<\/option><\/select><\/span> <\/label>\n<\/p>\n<p><label> A sua mensagem <span class=\"wpcf7-form-control-wrap\" data-name=\"your-message\"><textarea cols=\"40\" rows=\"10\" maxlength=\"2000\" class=\"wpcf7-form-control wpcf7-textarea wpcf7-validates-as-required\" aria-required=\"true\" aria-invalid=\"false\" name=\"your-message\"><\/textarea><\/span> <\/label>\n<\/p>\n<p><label> O seu arquivo (opcional) <span class=\"wpcf7-form-control-wrap\" data-name=\"file-978\"><input size=\"40\" class=\"wpcf7-form-control wpcf7-file\" accept=\"audio\/*,video\/*,image\/*\" aria-invalid=\"false\" type=\"file\" name=\"file-978\" \/><\/span> <\/label>\n<\/p>\n<p><span class=\"wpcf7-form-control-wrap\" data-name=\"quiz-747\"><label><span class=\"wpcf7-quiz-label\">2+6=?<\/span> <input size=\"40\" class=\"wpcf7-form-control wpcf7-quiz\" autocomplete=\"off\" aria-required=\"true\" aria-invalid=\"false\" type=\"text\" name=\"quiz-747\" \/><\/label><input type=\"hidden\" name=\"_wpcf7_quiz_answer_quiz-747\" value=\"34fe0dce70d770da3a4b02c0e1fa88fe\" \/><\/span>\n<\/p>\n<p><input class=\"wpcf7-form-control wpcf7-submit has-spinner\" type=\"submit\" value=\"Submeter\" \/>\n<\/p><div class=\"wpcf7-response-output\" aria-hidden=\"true\"><\/div>\n<\/form>\n<\/div>\n\t\n\t<h3>\n\t\t\t\tMiniaturas personalizadas para jogos\n\t\t\t<\/h3>\n\t\t\t<p>As miniaturas personalizadas podem adicionar o seu toque pessoal aos jogos e torn\u00e1-los mais envolventes e envolventes para os jogadores.<\/p>\t\n\t\t\t\t<img loading=\"lazy\" decoding=\"async\" src=\"https:\/\/www.hicreategames.com\/wp-content\/uploads\/2023\/02\/Custom-DnD-Miniatures.jpg\" alt=\"Custom DnD Miniatures\" itemprop=\"image\" height=\"426\" width=\"640\" title=\"Custom DnD Miniatures\" onerror=\"this.style.display='none'\"  \/>\n\t<h5>\n\t\t\t\tMasmorras e Drag\u00f5es\n\t\t\t<\/h5>\n\t\t\t<p>Al\u00e9m da impress\u00e3o, podemos ajud\u00e1-lo a planear os seus designs de D&amp;D em miniatura, tais como materiais, tamanho, esquema de cores e textura.<\/p>\t\n\t\t\t\t<img loading=\"lazy\" decoding=\"async\" src=\"https:\/\/www.hicreategames.com\/wp-content\/uploads\/2023\/02\/Custom-Warhammer-40k-Miniatures.jpg\" alt=\"Custom Warhammer 40k Miniatures\" itemprop=\"image\" height=\"426\" width=\"640\" title=\"Custom Warhammer 40k Miniatures\" onerror=\"this.style.display='none'\"  \/>\n\t<h5>\n\t\t\t\tWarhammer 40k\n\t\t\t<\/h5>\n\t\t\t<p>Pode ser inspirado nas suas personagens e ex\u00e9rcitos favoritos deste jogo, ou pode criar o seu pr\u00f3prio conceito.<\/p>\t\n\t\t\t\t<img loading=\"lazy\" decoding=\"async\" src=\"https:\/\/www.hicreategames.com\/wp-content\/uploads\/2023\/02\/Custom-Star-Wars-Miniatures.jpg\" alt=\"Custom Star Wars Miniatures\" itemprop=\"image\" height=\"426\" width=\"640\" title=\"Custom Star Wars Miniatures\" onerror=\"this.style.display='none'\"  \/>\n\t<h5>\n\t\t\t\tGuerra das Estrelas\n\t\t\t<\/h5>\n\t\t\t<p>Podemos ajud\u00e1-lo a personalizar os penteados, as cores de pele das miniaturas Star Wars e muito mais. Lidere as suas tropas para a vit\u00f3ria agora! <\/p>\t\n\t<h3>\n\t\t\t\tProcesso de produ\u00e7\u00e3o em miniatura personalizado\n\t\t\t<\/h3>\n\t<meta itemprop=\"url\" content=\"https:\/\/www.hicreategames.com\/wp-content\/uploads\/2022\/04\/Miniature-Procedure.mp4\" \/><div style=\"width: 640px;\" class=\"wp-video\"><video class=\"wp-video-shortcode\" id=\"video-17102-1\" width=\"640\" height=\"360\" preload=\"metadata\" controls=\"controls\"><source type=\"video\/mp4\" src=\"https:\/\/www.hicreategames.com\/wp-content\/uploads\/2022\/04\/Miniature-Procedure.mp4?_=1\" \/><source type=\"video\/mp4\" src=\"https:\/\/www.hicreategames.com\/wp-content\/uploads\/2022\/04\/Miniature-Procedure.mp4?_=1\" \/><a href=\"https:\/\/www.hicreategames.com\/wp-content\/uploads\/2022\/04\/Miniature-Procedure.mp4\">https:\/\/www.hicreategames.com\/wp-content\/uploads\/2022\/04\/Miniature-Procedure.mp4<\/a><\/video><\/div>\n\t<p>Procedimento em miniatura<\/p>\n\t<p>1.Se tiver arte 3D, faremos uma amostra 3D numa semana e enviaremos para a sua confirma\u00e7\u00e3o. Depois abriremos os moldes (num m\u00eas) e faremos uma amostra de pr\u00e9-produ\u00e7\u00e3o (PPS) em 3 a 5 dias para a sua confirma\u00e7\u00e3o. Finalmente, organizaremos a produ\u00e7\u00e3o em massa e colori-los-emos.<\/p>\n<p>2.Se s\u00f3 puder fornecer fotos, oferecemos-lhe 2 op\u00e7\u00f5es:<\/p>\n<ul>\n<li>1.\u00ba Desenharemos ficheiros STL que s\u00e3o caros e finos;<\/li>\n<li>2.\u00ba Prot\u00f3tipo que \u00e9 barato e menos fino.<\/li>\n<\/ul>\n<p>De seguida faremos uma amostra 3D, abriremos moldes, faremos uma amostra de pr\u00e9-produ\u00e7\u00e3o, produ\u00e7\u00e3o em massa e colora\u00e7\u00e3o.<\/p>\n<p>3.\u00ba Para as amostras recebidas, iremos copi\u00e1-las fazendo uma amostra de PU, abrindo moldes, fazendo amostras de pr\u00e9-produ\u00e7\u00e3o, produ\u00e7\u00e3o em massa e colora\u00e7\u00e3o.<\/p>\n\t<h3>\n\t\t\t\tQuanto custam as miniaturas personalizadas?\n\t\t\t<\/h3>\n\t<meta itemprop=\"url\" content=\"https:\/\/www.hicreategames.com\/wp-content\/uploads\/2022\/04\/Custom-Miniatures.mp4\" \/><div style=\"width: 640px;\" class=\"wp-video\"><video class=\"wp-video-shortcode\" id=\"video-17102-2\" width=\"640\" height=\"360\" preload=\"metadata\" controls=\"controls\"><source type=\"video\/mp4\" src=\"https:\/\/www.hicreategames.com\/wp-content\/uploads\/2022\/04\/Custom-Miniatures.mp4?_=2\" \/><source type=\"video\/mp4\" src=\"https:\/\/www.hicreategames.com\/wp-content\/uploads\/2022\/04\/Custom-Miniatures.mp4?_=2\" \/><a href=\"https:\/\/www.hicreategames.com\/wp-content\/uploads\/2022\/04\/Custom-Miniatures.mp4\">https:\/\/www.hicreategames.com\/wp-content\/uploads\/2022\/04\/Custom-Miniatures.mp4<\/a><\/video><\/div>\n\t<meta itemprop=\"url\" content=\"https:\/\/www.hicreategames.com\/wp-content\/uploads\/2022\/04\/Plastic-Miniature.mp4\" \/><div style=\"width: 640px;\" class=\"wp-video\"><video class=\"wp-video-shortcode\" id=\"video-17102-3\" width=\"640\" height=\"360\" preload=\"metadata\" controls=\"controls\"><source type=\"video\/mp4\" src=\"https:\/\/www.hicreategames.com\/wp-content\/uploads\/2022\/04\/Plastic-Miniature.mp4?_=3\" \/><source type=\"video\/mp4\" src=\"https:\/\/www.hicreategames.com\/wp-content\/uploads\/2022\/04\/Plastic-Miniature.mp4?_=3\" \/><a href=\"https:\/\/www.hicreategames.com\/wp-content\/uploads\/2022\/04\/Plastic-Miniature.mp4\">https:\/\/www.hicreategames.com\/wp-content\/uploads\/2022\/04\/Plastic-Miniature.mp4<\/a><\/video><\/div>\n\t<p>O custo das miniaturas pl\u00e1sticas personalizadas \u00e9 composto por duas partes: a cobran\u00e7a do molde e o custo do produto.<\/p>\n<p><strong>1. Carga do Molde<\/strong> O custo da moldagem depende da complexidade da sua miniatura. Depois, precisamos de confirmar o pre\u00e7o de acordo com a sua arte. Se necess\u00e1rio, precisamos de ajustar a sua arte.<\/p>\n<ul>\n<li>Para personalizar uma miniatura mais complexa, precisamos de dividir a sua arte para refletir os seus detalhes; Depois, fa\u00e7a um molde \u00e0 parte para cada pe\u00e7a; Por fim, monte-os com cola.<\/li>\n<li>Miniatura com estrutura simples, n\u00e3o h\u00e1 necessidade de dividir a sua arte.<\/li>\n<\/ul>\n<p><strong>2. Custo do Produto<\/strong> O pre\u00e7o do produto depende do m\u00e9todo de eje\u00e7\u00e3o em miniatura: cavidade \u00fanica ou cavidade m\u00faltipla. Portanto, a cota\u00e7\u00e3o exata \u00e9 baseada na sua arte, os requisitos de formato de ficheiro s\u00e3o STL, OBJ e STP.<\/p>\n<p><strong>3. Taxa de arte de design<\/strong> Podemos ajudar os clientes a desenhar obras de arte e cobrar a taxa correspondente de acordo com o n\u00edvel de dificuldade.<\/p>\n\t<h3>\n\t\t\t\tAs nossas op\u00e7\u00f5es de materiais para amostras em miniatura 3D\n\t\t\t<\/h3>\n\t<meta itemprop=\"url\" content=\"https:\/\/www.hicreategames.com\/wp-content\/uploads\/2022\/04\/Miniature-Materials.mp4\" \/><div style=\"width: 640px;\" class=\"wp-video\"><video class=\"wp-video-shortcode\" id=\"video-17102-4\" width=\"640\" height=\"360\" preload=\"metadata\" controls=\"controls\"><source type=\"video\/mp4\" src=\"https:\/\/www.hicreategames.com\/wp-content\/uploads\/2022\/04\/Miniature-Materials.mp4?_=4\" \/><source type=\"video\/mp4\" src=\"https:\/\/www.hicreategames.com\/wp-content\/uploads\/2022\/04\/Miniature-Materials.mp4?_=4\" \/><a href=\"https:\/\/www.hicreategames.com\/wp-content\/uploads\/2022\/04\/Miniature-Materials.mp4\">https:\/\/www.hicreategames.com\/wp-content\/uploads\/2022\/04\/Miniature-Materials.mp4<\/a><\/video><\/div>\n\t<p>Ao contr\u00e1rio das miniaturas de metal, podemos fornecer amostras 3D para miniaturas de pl\u00e1stico. Existem dois tipos de materiais \u00e0 escolha para fazer amostras 3D.<\/p>\n<p><strong>1. Cera Vermelha<\/strong><\/p>\n<p>Com maior precis\u00e3o, pode refletir os detalhes e restaurar perfeitamente a obra de arte. \u00c9 mais caro e tem sido geralmente utilizado em miniaturas complexas.<\/p>\n<p><strong>2. Cera Branca<\/strong><\/p>\n<p>Tem menor precis\u00e3o e \u00e9 normalmente utilizada em miniaturas com desenhos simples.<\/p>\n<p><strong>3. PU<\/strong><\/p>\n<p>Geralmente, para melhor apresentar os detalhes do manuscrito do design, fornecemos amostras de cera vermelha, mas a cera vermelha \u00e9 um material muito fr\u00e1gil e pode ser facilmente danificada durante o transporte, por isso tamb\u00e9m copiamos uma amostra de PU para que confirme.<\/p>\n<p><strong>4. PVC<\/strong><\/p>\n<p>Para a produ\u00e7\u00e3o em massa final, utilizaremos material PVC. Comparativamente falando, as amostras de PU s\u00e3o mais fortes e menos facilmente danific\u00e1veis \u200b\u200bdurante o transporte; mas ainda s\u00e3o relativamente fr\u00e1geis em compara\u00e7\u00e3o com os materiais de PVC.<\/p>\n\t\t\t\t<img loading=\"lazy\" decoding=\"async\" src=\"https:\/\/www.hicreategames.com\/wp-content\/uploads\/2022\/04\/custom-miniatures.png\" alt=\"custom miniatures\" itemprop=\"image\" height=\"500\" width=\"500\" title=\"custom miniatures\" onerror=\"this.style.display='none'\"  \/>\n\t<h3>\n\t\t\t\tContate-nos\n\t\t\t<\/h3>\n\t\n<div class=\"wpcf7 no-js\" id=\"wpcf7-f16746-o2\" lang=\"pt-PT\" dir=\"ltr\" data-wpcf7-id=\"16746\">\n<div class=\"screen-reader-response\"><p role=\"status\" aria-live=\"polite\" aria-atomic=\"true\"><\/p> <ul><\/ul><\/div>\n<form action=\"\/pt-pt\/wp-json\/wp\/v2\/pages\/17102#wpcf7-f16746-o2\" method=\"post\" class=\"wpcf7-form init\" aria-label=\"Formul\u00e1rio de contacto\" enctype=\"multipart\/form-data\" novalidate=\"novalidate\" data-status=\"init\">\n<fieldset class=\"hidden-fields-container\"><input type=\"hidden\" name=\"_wpcf7\" value=\"16746\" \/><input type=\"hidden\" name=\"_wpcf7_version\" value=\"6.1.5\" \/><input type=\"hidden\" name=\"_wpcf7_locale\" value=\"pt_PT\" \/><input type=\"hidden\" name=\"_wpcf7_unit_tag\" value=\"wpcf7-f16746-o2\" \/><input type=\"hidden\" name=\"_wpcf7_container_post\" value=\"0\" \/><input type=\"hidden\" name=\"_wpcf7_posted_data_hash\" value=\"\" \/><input type=\"hidden\" name=\"_wpcf7_recaptcha_response\" value=\"\" \/>\n<\/fieldset>\n<p><label> O seu nome <span class=\"wpcf7-form-control-wrap\" data-name=\"your-name\"><input size=\"40\" maxlength=\"400\" class=\"wpcf7-form-control wpcf7-text wpcf7-validates-as-required\" aria-required=\"true\" aria-invalid=\"false\" value=\"\" type=\"text\" name=\"your-name\" \/><\/span> <\/label>\n<\/p>\n<p><label> O seu email <span class=\"wpcf7-form-control-wrap\" data-name=\"your-email\"><input size=\"40\" maxlength=\"400\" class=\"wpcf7-form-control wpcf7-email wpcf7-validates-as-required wpcf7-text wpcf7-validates-as-email\" aria-required=\"true\" aria-invalid=\"false\" value=\"\" type=\"email\" name=\"your-email\" \/><\/span> <\/label>\n<\/p>\n<p><label> Quantidade m\u00ednima <span class=\"wpcf7-form-control-wrap\" data-name=\"menu-734\"><select class=\"wpcf7-form-control wpcf7-select wpcf7-validates-as-required\" aria-required=\"true\" aria-invalid=\"false\" name=\"menu-734\"><option value=\"\">&#8212;Por favor escolha uma op\u00e7\u00e3o&#8212;<\/option><option value=\"300\">300<\/option><option value=\"500\">500<\/option><option value=\"1000\">1000<\/option><\/select><\/span> <\/label>\n<\/p>\n<p><label> A sua mensagem <span class=\"wpcf7-form-control-wrap\" data-name=\"your-message\"><textarea cols=\"40\" rows=\"10\" maxlength=\"2000\" class=\"wpcf7-form-control wpcf7-textarea wpcf7-validates-as-required\" aria-required=\"true\" aria-invalid=\"false\" name=\"your-message\"><\/textarea><\/span> <\/label>\n<\/p>\n<p><label> O seu arquivo (opcional) <span class=\"wpcf7-form-control-wrap\" data-name=\"file-978\"><input size=\"40\" class=\"wpcf7-form-control wpcf7-file\" accept=\"audio\/*,video\/*,image\/*\" aria-invalid=\"false\" type=\"file\" name=\"file-978\" \/><\/span> <\/label>\n<\/p>\n<p><span class=\"wpcf7-form-control-wrap\" data-name=\"quiz-747\"><label><span class=\"wpcf7-quiz-label\">2+6=?<\/span> <input size=\"40\" class=\"wpcf7-form-control wpcf7-quiz\" autocomplete=\"off\" aria-required=\"true\" aria-invalid=\"false\" type=\"text\" name=\"quiz-747\" \/><\/label><input type=\"hidden\" name=\"_wpcf7_quiz_answer_quiz-747\" value=\"34fe0dce70d770da3a4b02c0e1fa88fe\" \/><\/span>\n<\/p>\n<p><input class=\"wpcf7-form-control wpcf7-submit has-spinner\" type=\"submit\" value=\"Submeter\" \/>\n<\/p><div class=\"wpcf7-response-output\" aria-hidden=\"true\"><\/div>\n<\/form>\n<\/div>\n\n\n","protected":false},"excerpt":{"rendered":"<p>Miniatura 3D Personalizada Contacte-nos e carregue as suas ideias Miniaturas personalizadas para jogos As miniaturas personalizadas podem adicionar o seu toque pessoal aos jogos e torn\u00e1-los mais envolventes e envolventes para os jogadores. Masmorras e Drag\u00f5es Al\u00e9m da impress\u00e3o, podemos ajud\u00e1-lo a planear os seus designs de D&amp;D em miniatura, [&hellip;]<\/p>\n","protected":false},"author":1,"featured_media":0,"parent":0,"menu_order":0,"comment_status":"closed","ping_status":"closed","template":"","meta":{"site-sidebar-layout":"no-sidebar","site-content-layout":"page-builder","ast-site-content-layout":"full-width-container","site-content-style":"unboxed","site-sidebar-style":"unboxed","ast-global-header-display":"","ast-banner-title-visibility":"","ast-main-header-display":"","ast-hfb-above-header-display":"","ast-hfb-below-header-display":"","ast-hfb-mobile-header-display":"","site-post-title":"disabled","ast-breadcrumbs-content":"","ast-featured-img":"disabled","footer-sml-layout":"","ast-disable-related-posts":"","theme-transparent-header-meta":"default","adv-header-id-meta":"","stick-header-meta":"default","header-above-stick-meta":"","header-main-stick-meta":"","header-below-stick-meta":"","astra-migrate-meta-layouts":"default","ast-page-background-enabled":"default","ast-page-background-meta":{"desktop":{"background-color":"","background-image":"","background-repeat":"repeat","background-position":"center center","background-size":"auto","background-attachment":"scroll","background-type":"","background-media":"","overlay-type":"","overlay-color":"","overlay-opacity":"","overlay-gradient":""},"tablet":{"background-color":"","background-image":"","background-repeat":"repeat","background-position":"center center","background-size":"auto","background-attachment":"scroll","background-type":"","background-media":"","overlay-type":"","overlay-color":"","overlay-opacity":"","overlay-gradient":""},"mobile":{"background-color":"","background-image":"","background-repeat":"repeat","background-position":"center center","background-size":"auto","background-attachment":"scroll","background-type":"","background-media":"","overlay-type":"","overlay-color":"","overlay-opacity":"","overlay-gradient":""}},"ast-content-background-meta":{"desktop":{"background-color":"var(--ast-global-color-5)","background-image":"","background-repeat":"repeat","background-position":"center center","background-size":"auto","background-attachment":"scroll","background-type":"","background-media":"","overlay-type":"","overlay-color":"","overlay-opacity":"","overlay-gradient":""},"tablet":{"background-color":"var(--ast-global-color-5)","background-image":"","background-repeat":"repeat","background-position":"center center","background-size":"auto","background-attachment":"scroll","background-type":"","background-media":"","overlay-type":"","overlay-color":"","overlay-opacity":"","overlay-gradient":""},"mobile":{"background-color":"var(--ast-global-color-5)","background-image":"","background-repeat":"repeat","background-position":"center center","background-size":"auto","background-attachment":"scroll","background-type":"","background-media":"","overlay-type":"","overlay-color":"","overlay-opacity":"","overlay-gradient":""}},"footnotes":""},"class_list":["post-17102","page","type-page","status-publish","hentry"],"_links":{"self":[{"href":"https:\/\/www.hicreategames.com\/pt-pt\/wp-json\/wp\/v2\/pages\/17102","targetHints":{"allow":["GET"]}}],"collection":[{"href":"https:\/\/www.hicreategames.com\/pt-pt\/wp-json\/wp\/v2\/pages"}],"about":[{"href":"https:\/\/www.hicreategames.com\/pt-pt\/wp-json\/wp\/v2\/types\/page"}],"author":[{"embeddable":true,"href":"https:\/\/www.hicreategames.com\/pt-pt\/wp-json\/wp\/v2\/users\/1"}],"replies":[{"embeddable":true,"href":"https:\/\/www.hicreategames.com\/pt-pt\/wp-json\/wp\/v2\/comments?post=17102"}],"version-history":[{"count":2,"href":"https:\/\/www.hicreategames.com\/pt-pt\/wp-json\/wp\/v2\/pages\/17102\/revisions"}],"predecessor-version":[{"id":17966,"href":"https:\/\/www.hicreategames.com\/pt-pt\/wp-json\/wp\/v2\/pages\/17102\/revisions\/17966"}],"wp:attachment":[{"href":"https:\/\/www.hicreategames.com\/pt-pt\/wp-json\/wp\/v2\/media?parent=17102"}],"curies":[{"name":"wp","href":"https:\/\/api.w.org\/{rel}","templated":true}]}}