{"id":17134,"date":"2022-12-02T09:09:52","date_gmt":"2022-12-02T09:09:52","guid":{"rendered":"https:\/\/www.hicreategames.com\/cartas-de-jogar-personalizadas\/"},"modified":"2025-08-29T09:31:17","modified_gmt":"2025-08-29T09:31:17","slug":"cartas-de-jogar-personalizadas","status":"publish","type":"page","link":"https:\/\/www.hicreategames.com\/pt-pt\/cartas-de-jogar-personalizadas\/","title":{"rendered":"Cartas de Jogar Personalizadas"},"content":{"rendered":"\n<h3>\n\t\t\tImpress\u00e3o Personalizada de Cartas de P\u00f4quer\t<\/h3>\n\t<p>Somos especializados na impress\u00e3o personalizada de cartas de jogar de alta qualidade, com total flexibilidade em termos de design, tamanho, material, acabamento e embalagem.<\/p>\n\t\t\t<a href=\"#\" role=\"button\">\n\t\t\t\t\t\t\tObter um Or\u00e7amento\n\t\t\t\t\t<\/a>\n\t\t\t\n<div class=\"wpcf7 no-js\" id=\"wpcf7-f16746-o1\" lang=\"pt-PT\" dir=\"ltr\" data-wpcf7-id=\"16746\">\n<div class=\"screen-reader-response\"><p role=\"status\" aria-live=\"polite\" aria-atomic=\"true\"><\/p> <ul><\/ul><\/div>\n<form action=\"\/pt-pt\/wp-json\/wp\/v2\/pages\/17134#wpcf7-f16746-o1\" method=\"post\" class=\"wpcf7-form init\" aria-label=\"Formul\u00e1rio de contacto\" enctype=\"multipart\/form-data\" novalidate=\"novalidate\" data-status=\"init\">\n<fieldset class=\"hidden-fields-container\"><input type=\"hidden\" name=\"_wpcf7\" value=\"16746\" \/><input type=\"hidden\" name=\"_wpcf7_version\" value=\"6.1.5\" \/><input type=\"hidden\" name=\"_wpcf7_locale\" value=\"pt_PT\" \/><input type=\"hidden\" name=\"_wpcf7_unit_tag\" value=\"wpcf7-f16746-o1\" \/><input type=\"hidden\" name=\"_wpcf7_container_post\" value=\"0\" \/><input type=\"hidden\" name=\"_wpcf7_posted_data_hash\" value=\"\" \/><input type=\"hidden\" name=\"_wpcf7_recaptcha_response\" value=\"\" \/>\n<\/fieldset>\n<p><label> O seu nome <span class=\"wpcf7-form-control-wrap\" data-name=\"your-name\"><input size=\"40\" maxlength=\"400\" class=\"wpcf7-form-control wpcf7-text wpcf7-validates-as-required\" aria-required=\"true\" aria-invalid=\"false\" value=\"\" type=\"text\" name=\"your-name\" \/><\/span> <\/label>\n<\/p>\n<p><label> O seu email <span class=\"wpcf7-form-control-wrap\" data-name=\"your-email\"><input size=\"40\" maxlength=\"400\" class=\"wpcf7-form-control wpcf7-email wpcf7-validates-as-required wpcf7-text wpcf7-validates-as-email\" aria-required=\"true\" aria-invalid=\"false\" value=\"\" type=\"email\" name=\"your-email\" \/><\/span> <\/label>\n<\/p>\n<p><label> Quantidade m\u00ednima <span class=\"wpcf7-form-control-wrap\" data-name=\"menu-734\"><select class=\"wpcf7-form-control wpcf7-select wpcf7-validates-as-required\" aria-required=\"true\" aria-invalid=\"false\" name=\"menu-734\"><option value=\"\">&#8212;Por favor escolha uma op\u00e7\u00e3o&#8212;<\/option><option value=\"300\">300<\/option><option value=\"500\">500<\/option><option value=\"1000\">1000<\/option><\/select><\/span> <\/label>\n<\/p>\n<p><label> A sua mensagem <span class=\"wpcf7-form-control-wrap\" data-name=\"your-message\"><textarea cols=\"40\" rows=\"10\" maxlength=\"2000\" class=\"wpcf7-form-control wpcf7-textarea wpcf7-validates-as-required\" aria-required=\"true\" aria-invalid=\"false\" name=\"your-message\"><\/textarea><\/span> <\/label>\n<\/p>\n<p><label> O seu arquivo (opcional) <span class=\"wpcf7-form-control-wrap\" data-name=\"file-978\"><input size=\"40\" class=\"wpcf7-form-control wpcf7-file\" accept=\"audio\/*,video\/*,image\/*\" aria-invalid=\"false\" type=\"file\" name=\"file-978\" \/><\/span> <\/label>\n<\/p>\n<p><span class=\"wpcf7-form-control-wrap\" data-name=\"quiz-747\"><label><span class=\"wpcf7-quiz-label\">2+6=?<\/span> <input size=\"40\" class=\"wpcf7-form-control wpcf7-quiz\" autocomplete=\"off\" aria-required=\"true\" aria-invalid=\"false\" type=\"text\" name=\"quiz-747\" \/><\/label><input type=\"hidden\" name=\"_wpcf7_quiz_answer_quiz-747\" value=\"34fe0dce70d770da3a4b02c0e1fa88fe\" \/><\/span>\n<\/p>\n<p><input class=\"wpcf7-form-control wpcf7-submit has-spinner\" type=\"submit\" value=\"Submeter\" \/>\n<\/p><div class=\"wpcf7-response-output\" aria-hidden=\"true\"><\/div>\n<\/form>\n<\/div>\n\t\t\n\t<h3>\n\t\t\t\tTamanho das cartas de jogar\n\t\t\t<\/h3>\n\t\t\t\t<img decoding=\"async\" src=\"https:\/\/www.hicreategames.com\/wp-content\/uploads\/2022\/12\/Mini-Playing-Cards.jpg\" alt=\"Mini cartas de jogar\" itemprop=\"image\" height=\"500\" width=\"500\" title=\"Mini cartas de jogar\" onerror=\"this.style.display='none'\" loading=\"lazy\" \/>\n\t<h5>\n\t\t\t\tTamanho Mini\n\t\t\t<\/h5>\n\t\t\t<p>Estas cartas de baralho de tamanho mini s\u00e3o port\u00e1teis, com uma largura entre 3,2 e 3,7 cm e um comprimento entre 6 e 8,7 cm.<\/p>\t\n\t\t\t\t<img decoding=\"async\" src=\"https:\/\/www.hicreategames.com\/wp-content\/uploads\/2022\/12\/Bridge-Size-Playing-Cards.jpg\" alt=\"Cartas de jogar tamanho bridge\" itemprop=\"image\" height=\"500\" width=\"500\" title=\"Cartas de jogar tamanho bridge\" onerror=\"this.style.display='none'\" loading=\"lazy\" \/>\n\t<h5>\n\t\t\t\tTamanho Bridge\n\t\t\t<\/h5>\n\t\t\t<p>Este \u00e9 o tamanho de carta de jogo mais comum (5,7 x 8,8 cm), o que garantiu o conforto dos jogadores ao segurar 13 cartas<\/p>\t\n\t\t\t\t<img decoding=\"async\" src=\"https:\/\/www.hicreategames.com\/wp-content\/uploads\/2022\/12\/Poker-Playing-Card.jpg\" alt=\"Cartas de jogar de p\u00f3quer\" itemprop=\"image\" height=\"500\" width=\"500\" title=\"Cartas de jogar de p\u00f3quer\" onerror=\"this.style.display='none'\" loading=\"lazy\" \/>\n\t<h5>\n\t\t\t\tTamanho do P\u00f3quer\n\t\t\t<\/h5>\n\t\t\t<p>Como cartas de baralho de tamanho padr\u00e3o (6,3 * 8,8 cm), s\u00e3o adequadas para competi\u00e7\u00f5es internacionais de p\u00f3quer.<\/p>\t\n\t\t\t\t<img decoding=\"async\" src=\"https:\/\/www.hicreategames.com\/wp-content\/uploads\/2022\/12\/Jumbo-Size-Playing-Cards.jpg\" alt=\"Cartas de jogar tamanho jumbo\" itemprop=\"image\" height=\"500\" width=\"500\" title=\"Cartas de jogar tamanho jumbo\" onerror=\"this.style.display='none'\" loading=\"lazy\" \/>\n\t<h5>\n\t\t\t\tTamanho Jumbo\n\t\t\t<\/h5>\n\t\t\t<p>As cartas de jogar deste enorme tamanho s\u00e3o frequentemente personalizadas para ocasi\u00f5es como apresenta\u00e7\u00f5es e exibi\u00e7\u00f5es especiais.<\/p>\t\n\t<h3>\n\t\t\t\tMateriais para cartas de jogar\n\t\t\t<\/h3>\n\t\t\t<p>Desde papel acess\u00edvel, pl\u00e1stico at\u00e9 metal luxuoso e banhado a ouro.<\/p>\t\n\t\t\t\t<img decoding=\"async\" src=\"https:\/\/www.hicreategames.com\/wp-content\/uploads\/2022\/12\/Paper-Playing-Cards.jpg\" alt=\"Cartas de jogar em papel\" itemprop=\"image\" height=\"500\" width=\"500\" title=\"Cartas de jogar em papel\" onerror=\"this.style.display='none'\" loading=\"lazy\" \/>\n\t<h5>\n\t\t\t\tCartas de jogar em papel\n\t\t\t<\/h5>\n\t\t\t<p>O papel \u00e9 o material mais acess\u00edvel para a realiza\u00e7\u00e3o de cartas de jogar, a qualidade das cartas depende do GSM e da cartolina.<\/p>\t\n\t\t\t\t<img decoding=\"async\" src=\"https:\/\/www.hicreategames.com\/wp-content\/uploads\/2022\/12\/Plastic-Playing-Cards.jpg\" alt=\"Cartas de jogar em pl\u00e1stico\" itemprop=\"image\" height=\"500\" width=\"500\" title=\"Cartas de jogar em pl\u00e1stico\" onerror=\"this.style.display='none'\" loading=\"lazy\" \/>\n\t<h5>\n\t\t\t\tCartas de jogar em pl\u00e1stico\n\t\t\t<\/h5>\n\t\t\t<p>O PVC \u00e9 o pl\u00e1stico comum para as cartas de jogar. Pode tornar as cartas mais dur\u00e1veis \u200b\u200bdo que as cartas de papel, ter\u00e3o 50 vezes mais comprimento do que as cartas de baralho de papel. <\/p>\t\n\t\t\t\t<img decoding=\"async\" src=\"https:\/\/www.hicreategames.com\/wp-content\/uploads\/2022\/12\/Metal-Playing-Cards.jpg\" alt=\"Cartas de jogar em metal\" itemprop=\"image\" height=\"500\" width=\"500\" title=\"Cartas de jogar em metal\" onerror=\"this.style.display='none'\" loading=\"lazy\" \/>\n\t<h5>\n\t\t\t\tCartas de jogar em metal\n\t\t\t<\/h5>\n\t\t\t<p>O a\u00e7o inoxid\u00e1vel e o cobre s\u00e3o dois materiais comuns para fazer cartas de baralho de metal. N\u00e3o se pode baralh\u00e1-los tradicionalmente por causa do peso e da crista. <\/p>\t\n\t<h3>\n\t\t\t\tMais op\u00e7\u00f5es personalizadas para as suas cartas de jogar\n\t\t\t<\/h3>\n\t\t\t\t<img decoding=\"async\" src=\"https:\/\/www.hicreategames.com\/wp-content\/uploads\/2025\/08\/Custom-Playing-Cards-Front.jpg\" alt=\"Frente personalizada das cartas de jogar\" itemprop=\"image\" height=\"426\" width=\"600\" title=\"Frente personalizada das cartas de jogar\" onerror=\"this.style.display='none'\" loading=\"lazy\" \/>\n\t<h5>\n\t\t\t\tFaces das cartas (frente)\n\t\t\t<\/h5>\n\t<ul>\n\t\t<li>\t\t\t\t\n\t\tS\u00edmbolos cl\u00e1ssicos padr\u00e3o para jogos de p\u00f3quer tradicionais.<\/li><li>\t\t\t\t\n\t\tArte totalmente personalizada para designs exclusivos.<\/li><li>\t\t\t\t\n\t\tPersonalize jokers, n\u00fameros e cartas com figuras com os seus gr\u00e1ficos ou fotos.<\/li>\t<\/ul>\n\t\t\t\t<img decoding=\"async\" src=\"https:\/\/www.hicreategames.com\/wp-content\/uploads\/2025\/08\/Custom-Playing-Card-Backs.jpg\" alt=\"Verso personalizado das cartas de jogar\" itemprop=\"image\" height=\"426\" width=\"600\" title=\"Verso personalizado das cartas de jogar\" onerror=\"this.style.display='none'\" loading=\"lazy\" \/>\n\t<h5>\n\t\t\t\tVerso das cartas\n\t\t\t<\/h5>\n\t<ul>\n\t\t<li>\t\t\t\t\n\t\tImpress\u00e3o em uma \u00fanica cor para um estilo simples e elegante.<\/li><li>\t\t\t\t\n\t\tImpress\u00e3o em cores para designs vibrantes e atraentes.<\/li><li>\t\t\t\t\n\t\tAdicione logotipos, marcas ou ilustra\u00e7\u00f5es pessoais para um toque personalizado.<\/li>\t<\/ul>\n\t\t\t\t<img decoding=\"async\" src=\"https:\/\/www.hicreategames.com\/wp-content\/uploads\/2025\/08\/Playing-Card-Cardstock.jpg\" alt=\"Cartolina das cartas de jogar\" itemprop=\"image\" height=\"426\" width=\"600\" title=\"Cartolina das cartas de jogar\" onerror=\"this.style.display='none'\" loading=\"lazy\" \/>\n\t<h5>\n\t\t\t\tPapel cart\u00e3o\n\t\t\t<\/h5>\n\t<ul>\n\t\t<li>\t\t\t\t\n\t\tPapel premium de 300 g\/m\u00b2 para uso di\u00e1rio.<\/li><li>\t\t\t\t\n\t\tAcabamento em linho de 310 g\/m\u00b2 para um manuseamento suave e uma sensa\u00e7\u00e3o agrad\u00e1vel ao baralhar.<\/li><li>\t\t\t\t\n\t\tCartas 100% pl\u00e1sticas para uma durabilidade \u00e0 prova de \u00e1gua, resistente a rasgos e de longa dura\u00e7\u00e3o.<\/li>\t<\/ul>\n\t\t\t\t<img decoding=\"async\" src=\"https:\/\/www.hicreategames.com\/wp-content\/uploads\/2025\/08\/Smooth-Finish-Playing-Cards.jpg\" alt=\"Cartas de jogar com acabamento suave\" itemprop=\"image\" height=\"426\" width=\"600\" title=\"Cartas de jogar com acabamento suave\" onerror=\"this.style.display='none'\" loading=\"lazy\" \/>\n\t<h5>\n\t\t\t\tAcabamentos\n\t\t\t<\/h5>\n\t<ul>\n\t\t<li>\t\t\t\t\n\t\tAcabamento suave para f\u00e1cil baralhamento e toque cl\u00e1ssico.<\/li><li>\t\t\t\t\n\t\tAcabamento em linho (almofada de ar) para manuseamento profissional e durabilidade.<\/li><li>\t\t\t\t\n\t\tRevestimento mate, brilhante ou UV para prote\u00e7\u00e3o extra e apelo visual.<\/li>\t<\/ul>\n\t\t\t\t<img decoding=\"async\" src=\"https:\/\/www.hicreategames.com\/wp-content\/uploads\/2025\/08\/Gold-Gilt-Edged-Playing-Cards.jpg\" alt=\"Cartas de jogar com bordas douradas\" itemprop=\"image\" height=\"426\" width=\"600\" title=\"Cartas de jogar com bordas douradas\" onerror=\"this.style.display='none'\" loading=\"lazy\" \/>\n\t<h5>\n\t\t\t\tEfeitos especiais\n\t\t\t<\/h5>\n\t<ul>\n\t\t<li>\t\t\t\t\n\t\tEstampagem em folha para destacar log\u00f3tipos, nomes ou designs.<\/li><li>\t\t\t\t\n\t\tGrava\u00e7\u00e3o em relevo ou UV localizado para textura e est\u00e9tica premium.<\/li><li>\t\t\t\t\n\t\tTintas met\u00e1licas ou bordas douradas para fazer com que os baralhos realmente se destaquem.<\/li>\t<\/ul>\n\t\t\t\t<img decoding=\"async\" src=\"https:\/\/www.hicreategames.com\/wp-content\/uploads\/2025\/08\/Playing-Cards-Tuck-Box.jpg\" alt=\"Caixa para cartas de jogar\" itemprop=\"image\" height=\"426\" width=\"600\" title=\"Caixa para cartas de jogar\" onerror=\"this.style.display='none'\" loading=\"lazy\" \/>\n\t<h5>\n\t\t\t\tEmbalagem\n\t\t\t<\/h5>\n\t<ul>\n\t\t<li>\t\t\t\t\n\t\tCaixas padr\u00e3o para apresenta\u00e7\u00e3o tradicional de cartas.<\/li><li>\t\t\t\t\n\t\tCaixas magn\u00e9ticas ou r\u00edgidas para uma sensa\u00e7\u00e3o luxuosa e premium.<\/li><li>\t\t\t\t\n\t\tEstojos de lata ou pl\u00e1stico para baralhos colecion\u00e1veis ou armazenamento \u00e0 prova de \u00e1gua.<\/li>\t<\/ul>\n\t<h3>\n\t\t\t\tOs nossos projetos de cartas de jogar\n\t\t\t<\/h3>\n\t\t<meta itemprop=\"url\" content=\"https:\/\/www.hicreategames.com\/wp-content\/uploads\/2025\/08\/Gold-Edge-Poker-Playing-Cards.mp4\" \/><div style=\"width: 640px;\" class=\"wp-video\"><video class=\"wp-video-shortcode\" id=\"video-17134-1\" width=\"640\" height=\"360\" poster=\"https:\/\/www.hicreategames.com\/wp-content\/uploads\/2025\/08\/Gold-Edge-Poker-Playing-Cards.jpg\" preload=\"none\" controls=\"controls\"><source type=\"video\/mp4\" src=\"https:\/\/www.hicreategames.com\/wp-content\/uploads\/2025\/08\/Gold-Edge-Poker-Playing-Cards.mp4?_=1\" \/><source type=\"video\/mp4\" src=\"https:\/\/www.hicreategames.com\/wp-content\/uploads\/2025\/08\/Gold-Edge-Poker-Playing-Cards.mp4?_=1\" \/><a href=\"https:\/\/www.hicreategames.com\/wp-content\/uploads\/2025\/08\/Gold-Edge-Poker-Playing-Cards.mp4\">https:\/\/www.hicreategames.com\/wp-content\/uploads\/2025\/08\/Gold-Edge-Poker-Playing-Cards.mp4<\/a><\/video><\/div>\t\n\t\t<meta itemprop=\"url\" content=\"https:\/\/www.hicreategames.com\/wp-content\/uploads\/2025\/08\/PVC-Gold-Foil-Poker-Playing-Cards.mp4\" \/><div style=\"width: 640px;\" class=\"wp-video\"><video class=\"wp-video-shortcode\" id=\"video-17134-2\" width=\"640\" height=\"360\" poster=\"https:\/\/www.hicreategames.com\/wp-content\/uploads\/2025\/08\/PVC-Gold-Foil-Poker-Playing-Cards.jpg\" preload=\"none\" controls=\"controls\"><source type=\"video\/mp4\" src=\"https:\/\/www.hicreategames.com\/wp-content\/uploads\/2025\/08\/PVC-Gold-Foil-Poker-Playing-Cards.mp4?_=2\" \/><source type=\"video\/mp4\" src=\"https:\/\/www.hicreategames.com\/wp-content\/uploads\/2025\/08\/PVC-Gold-Foil-Poker-Playing-Cards.mp4?_=2\" \/><a href=\"https:\/\/www.hicreategames.com\/wp-content\/uploads\/2025\/08\/PVC-Gold-Foil-Poker-Playing-Cards.mp4\">https:\/\/www.hicreategames.com\/wp-content\/uploads\/2025\/08\/PVC-Gold-Foil-Poker-Playing-Cards.mp4<\/a><\/video><\/div>\t\n\t\t<meta itemprop=\"url\" content=\"https:\/\/www.hicreategames.com\/wp-content\/uploads\/2025\/08\/Mahjong-Playing-Cards.mp4\" \/><div style=\"width: 640px;\" class=\"wp-video\"><video class=\"wp-video-shortcode\" id=\"video-17134-3\" width=\"640\" height=\"360\" poster=\"https:\/\/www.hicreategames.com\/wp-content\/uploads\/2025\/08\/Mahjong-Playing-Cards.jpg\" preload=\"none\" controls=\"controls\"><source type=\"video\/mp4\" src=\"https:\/\/www.hicreategames.com\/wp-content\/uploads\/2025\/08\/Mahjong-Playing-Cards.mp4?_=3\" \/><source type=\"video\/mp4\" src=\"https:\/\/www.hicreategames.com\/wp-content\/uploads\/2025\/08\/Mahjong-Playing-Cards.mp4?_=3\" \/><a href=\"https:\/\/www.hicreategames.com\/wp-content\/uploads\/2025\/08\/Mahjong-Playing-Cards.mp4\">https:\/\/www.hicreategames.com\/wp-content\/uploads\/2025\/08\/Mahjong-Playing-Cards.mp4<\/a><\/video><\/div>\t\n\t\t<meta itemprop=\"url\" content=\"https:\/\/www.hicreategames.com\/wp-content\/uploads\/2025\/08\/The-Surprise-Poker-Playing-Cards.mp4\" \/><div style=\"width: 640px;\" class=\"wp-video\"><video class=\"wp-video-shortcode\" id=\"video-17134-4\" width=\"640\" height=\"360\" poster=\"https:\/\/www.hicreategames.com\/wp-content\/uploads\/2025\/08\/The-Surprise-Poker-Playing-Cards.jpg\" preload=\"none\" controls=\"controls\"><source type=\"video\/mp4\" src=\"https:\/\/www.hicreategames.com\/wp-content\/uploads\/2025\/08\/The-Surprise-Poker-Playing-Cards.mp4?_=4\" \/><source type=\"video\/mp4\" src=\"https:\/\/www.hicreategames.com\/wp-content\/uploads\/2025\/08\/The-Surprise-Poker-Playing-Cards.mp4?_=4\" \/><a href=\"https:\/\/www.hicreategames.com\/wp-content\/uploads\/2025\/08\/The-Surprise-Poker-Playing-Cards.mp4\">https:\/\/www.hicreategames.com\/wp-content\/uploads\/2025\/08\/The-Surprise-Poker-Playing-Cards.mp4<\/a><\/video><\/div>\t\n\t<h3>\n\t\t\t\tEntre em contacto connosco\n\t\t\t<\/h3>\n\t\t\t\t<img decoding=\"async\" src=\"https:\/\/www.hicreategames.com\/wp-content\/uploads\/2022\/12\/Custom-Playing-Cards-with-Photos.jpg\" alt=\"Baralhos de cartas personalizados com fotos\" itemprop=\"image\" height=\"500\" width=\"500\" title=\"Baralhos de cartas personalizados com fotos\" onerror=\"this.style.display='none'\" loading=\"lazy\" \/>\n\t\n<div class=\"wpcf7 no-js\" id=\"wpcf7-f16746-o2\" lang=\"pt-PT\" dir=\"ltr\" data-wpcf7-id=\"16746\">\n<div class=\"screen-reader-response\"><p role=\"status\" aria-live=\"polite\" aria-atomic=\"true\"><\/p> <ul><\/ul><\/div>\n<form action=\"\/pt-pt\/wp-json\/wp\/v2\/pages\/17134#wpcf7-f16746-o2\" method=\"post\" class=\"wpcf7-form init\" aria-label=\"Formul\u00e1rio de contacto\" enctype=\"multipart\/form-data\" novalidate=\"novalidate\" data-status=\"init\">\n<fieldset class=\"hidden-fields-container\"><input type=\"hidden\" name=\"_wpcf7\" value=\"16746\" \/><input type=\"hidden\" name=\"_wpcf7_version\" value=\"6.1.5\" \/><input type=\"hidden\" name=\"_wpcf7_locale\" value=\"pt_PT\" \/><input type=\"hidden\" name=\"_wpcf7_unit_tag\" value=\"wpcf7-f16746-o2\" \/><input type=\"hidden\" name=\"_wpcf7_container_post\" value=\"0\" \/><input type=\"hidden\" name=\"_wpcf7_posted_data_hash\" value=\"\" \/><input type=\"hidden\" name=\"_wpcf7_recaptcha_response\" value=\"\" \/>\n<\/fieldset>\n<p><label> O seu nome <span class=\"wpcf7-form-control-wrap\" data-name=\"your-name\"><input size=\"40\" maxlength=\"400\" class=\"wpcf7-form-control wpcf7-text wpcf7-validates-as-required\" aria-required=\"true\" aria-invalid=\"false\" value=\"\" type=\"text\" name=\"your-name\" \/><\/span> <\/label>\n<\/p>\n<p><label> O seu email <span class=\"wpcf7-form-control-wrap\" data-name=\"your-email\"><input size=\"40\" maxlength=\"400\" class=\"wpcf7-form-control wpcf7-email wpcf7-validates-as-required wpcf7-text wpcf7-validates-as-email\" aria-required=\"true\" aria-invalid=\"false\" value=\"\" type=\"email\" name=\"your-email\" \/><\/span> <\/label>\n<\/p>\n<p><label> Quantidade m\u00ednima <span class=\"wpcf7-form-control-wrap\" data-name=\"menu-734\"><select class=\"wpcf7-form-control wpcf7-select wpcf7-validates-as-required\" aria-required=\"true\" aria-invalid=\"false\" name=\"menu-734\"><option value=\"\">&#8212;Por favor escolha uma op\u00e7\u00e3o&#8212;<\/option><option value=\"300\">300<\/option><option value=\"500\">500<\/option><option value=\"1000\">1000<\/option><\/select><\/span> <\/label>\n<\/p>\n<p><label> A sua mensagem <span class=\"wpcf7-form-control-wrap\" data-name=\"your-message\"><textarea cols=\"40\" rows=\"10\" maxlength=\"2000\" class=\"wpcf7-form-control wpcf7-textarea wpcf7-validates-as-required\" aria-required=\"true\" aria-invalid=\"false\" name=\"your-message\"><\/textarea><\/span> <\/label>\n<\/p>\n<p><label> O seu arquivo (opcional) <span class=\"wpcf7-form-control-wrap\" data-name=\"file-978\"><input size=\"40\" class=\"wpcf7-form-control wpcf7-file\" accept=\"audio\/*,video\/*,image\/*\" aria-invalid=\"false\" type=\"file\" name=\"file-978\" \/><\/span> <\/label>\n<\/p>\n<p><span class=\"wpcf7-form-control-wrap\" data-name=\"quiz-747\"><label><span class=\"wpcf7-quiz-label\">2+6=?<\/span> <input size=\"40\" class=\"wpcf7-form-control wpcf7-quiz\" autocomplete=\"off\" aria-required=\"true\" aria-invalid=\"false\" type=\"text\" name=\"quiz-747\" \/><\/label><input type=\"hidden\" name=\"_wpcf7_quiz_answer_quiz-747\" value=\"34fe0dce70d770da3a4b02c0e1fa88fe\" \/><\/span>\n<\/p>\n<p><input class=\"wpcf7-form-control wpcf7-submit has-spinner\" type=\"submit\" value=\"Submeter\" \/>\n<\/p><div class=\"wpcf7-response-output\" aria-hidden=\"true\"><\/div>\n<\/form>\n<\/div>\n\n\n","protected":false},"excerpt":{"rendered":"<p>Impress\u00e3o Personalizada de Cartas de P\u00f4quer Somos especializados na impress\u00e3o personalizada de cartas de jogar de alta qualidade, com total flexibilidade em termos de design, tamanho, material, acabamento e embalagem. Obter um Or\u00e7amento Tamanho das cartas de jogar Tamanho Mini Estas cartas de baralho de tamanho mini s\u00e3o port\u00e1teis, com [&hellip;]<\/p>\n","protected":false},"author":1,"featured_media":0,"parent":0,"menu_order":0,"comment_status":"closed","ping_status":"closed","template":"","meta":{"site-sidebar-layout":"no-sidebar","site-content-layout":"page-builder","ast-site-content-layout":"full-width-container","site-content-style":"unboxed","site-sidebar-style":"unboxed","ast-global-header-display":"","ast-banner-title-visibility":"","ast-main-header-display":"","ast-hfb-above-header-display":"","ast-hfb-below-header-display":"","ast-hfb-mobile-header-display":"","site-post-title":"disabled","ast-breadcrumbs-content":"","ast-featured-img":"disabled","footer-sml-layout":"","ast-disable-related-posts":"","theme-transparent-header-meta":"default","adv-header-id-meta":"","stick-header-meta":"default","header-above-stick-meta":"","header-main-stick-meta":"","header-below-stick-meta":"","astra-migrate-meta-layouts":"default","ast-page-background-enabled":"default","ast-page-background-meta":{"desktop":{"background-color":"","background-image":"","background-repeat":"repeat","background-position":"center center","background-size":"auto","background-attachment":"scroll","background-type":"","background-media":"","overlay-type":"","overlay-color":"","overlay-opacity":"","overlay-gradient":""},"tablet":{"background-color":"","background-image":"","background-repeat":"repeat","background-position":"center center","background-size":"auto","background-attachment":"scroll","background-type":"","background-media":"","overlay-type":"","overlay-color":"","overlay-opacity":"","overlay-gradient":""},"mobile":{"background-color":"","background-image":"","background-repeat":"repeat","background-position":"center center","background-size":"auto","background-attachment":"scroll","background-type":"","background-media":"","overlay-type":"","overlay-color":"","overlay-opacity":"","overlay-gradient":""}},"ast-content-background-meta":{"desktop":{"background-color":"var(--ast-global-color-5)","background-image":"","background-repeat":"repeat","background-position":"center center","background-size":"auto","background-attachment":"scroll","background-type":"","background-media":"","overlay-type":"","overlay-color":"","overlay-opacity":"","overlay-gradient":""},"tablet":{"background-color":"var(--ast-global-color-5)","background-image":"","background-repeat":"repeat","background-position":"center center","background-size":"auto","background-attachment":"scroll","background-type":"","background-media":"","overlay-type":"","overlay-color":"","overlay-opacity":"","overlay-gradient":""},"mobile":{"background-color":"var(--ast-global-color-5)","background-image":"","background-repeat":"repeat","background-position":"center center","background-size":"auto","background-attachment":"scroll","background-type":"","background-media":"","overlay-type":"","overlay-color":"","overlay-opacity":"","overlay-gradient":""}},"footnotes":""},"class_list":["post-17134","page","type-page","status-publish","hentry"],"_links":{"self":[{"href":"https:\/\/www.hicreategames.com\/pt-pt\/wp-json\/wp\/v2\/pages\/17134","targetHints":{"allow":["GET"]}}],"collection":[{"href":"https:\/\/www.hicreategames.com\/pt-pt\/wp-json\/wp\/v2\/pages"}],"about":[{"href":"https:\/\/www.hicreategames.com\/pt-pt\/wp-json\/wp\/v2\/types\/page"}],"author":[{"embeddable":true,"href":"https:\/\/www.hicreategames.com\/pt-pt\/wp-json\/wp\/v2\/users\/1"}],"replies":[{"embeddable":true,"href":"https:\/\/www.hicreategames.com\/pt-pt\/wp-json\/wp\/v2\/comments?post=17134"}],"version-history":[{"count":2,"href":"https:\/\/www.hicreategames.com\/pt-pt\/wp-json\/wp\/v2\/pages\/17134\/revisions"}],"predecessor-version":[{"id":26702,"href":"https:\/\/www.hicreategames.com\/pt-pt\/wp-json\/wp\/v2\/pages\/17134\/revisions\/26702"}],"wp:attachment":[{"href":"https:\/\/www.hicreategames.com\/pt-pt\/wp-json\/wp\/v2\/media?parent=17134"}],"curies":[{"name":"wp","href":"https:\/\/api.w.org\/{rel}","templated":true}]}}