{"id":17155,"date":"2023-03-23T04:39:47","date_gmt":"2023-03-23T04:39:47","guid":{"rendered":"https:\/\/www.hicreategames.com\/meeples-personalizados\/"},"modified":"2025-08-26T08:05:15","modified_gmt":"2025-08-26T08:05:15","slug":"meeples-personalizados","status":"publish","type":"page","link":"https:\/\/www.hicreategames.com\/pt-pt\/meeples-personalizados\/","title":{"rendered":"Meeples Personalizados"},"content":{"rendered":"\n<h3>\n\t\tMeeples Personalizados e Impressos\n\t<\/h3>\n\t<ul>\n<li>Solicite um or\u00e7amento, forne\u00e7a o m\u00e1ximo de detalhes poss\u00edvel sobre os seus meeples, como o tamanho, formato, material, cor, quantidade e ficheiro de design.<\/li>\n<li>Se necess\u00e1rio, podemos fazer prot\u00f3tipos e envi\u00e1-los para confirma\u00e7\u00e3o.<\/li>\n<li>Assim que os prot\u00f3tipos forem aprovados, avan\u00e7aremos com a produ\u00e7\u00e3o em massa.<\/li>\n<\/ul>\n\t\t\t<a href=\"#\" role=\"button\">\n\t\t\t\t\t\t\tContacte-nos e carregue as suas ideias\n\t\t\t<\/a>\n\t\t\n<div class=\"wpcf7 no-js\" id=\"wpcf7-f16746-o1\" lang=\"pt-PT\" dir=\"ltr\" data-wpcf7-id=\"16746\">\n<div class=\"screen-reader-response\"><p role=\"status\" aria-live=\"polite\" aria-atomic=\"true\"><\/p> <ul><\/ul><\/div>\n<form action=\"\/pt-pt\/wp-json\/wp\/v2\/pages\/17155#wpcf7-f16746-o1\" method=\"post\" class=\"wpcf7-form init\" aria-label=\"Formul\u00e1rio de contacto\" enctype=\"multipart\/form-data\" novalidate=\"novalidate\" data-status=\"init\">\n<fieldset class=\"hidden-fields-container\"><input type=\"hidden\" name=\"_wpcf7\" value=\"16746\" \/><input type=\"hidden\" name=\"_wpcf7_version\" value=\"6.1.5\" \/><input type=\"hidden\" name=\"_wpcf7_locale\" value=\"pt_PT\" \/><input type=\"hidden\" name=\"_wpcf7_unit_tag\" value=\"wpcf7-f16746-o1\" \/><input type=\"hidden\" name=\"_wpcf7_container_post\" value=\"0\" \/><input type=\"hidden\" name=\"_wpcf7_posted_data_hash\" value=\"\" \/><input type=\"hidden\" name=\"_wpcf7_recaptcha_response\" value=\"\" \/>\n<\/fieldset>\n<p><label> O seu nome <span class=\"wpcf7-form-control-wrap\" data-name=\"your-name\"><input size=\"40\" maxlength=\"400\" class=\"wpcf7-form-control wpcf7-text wpcf7-validates-as-required\" aria-required=\"true\" aria-invalid=\"false\" value=\"\" type=\"text\" name=\"your-name\" \/><\/span> <\/label>\n<\/p>\n<p><label> O seu email <span class=\"wpcf7-form-control-wrap\" data-name=\"your-email\"><input size=\"40\" maxlength=\"400\" class=\"wpcf7-form-control wpcf7-email wpcf7-validates-as-required wpcf7-text wpcf7-validates-as-email\" aria-required=\"true\" aria-invalid=\"false\" value=\"\" type=\"email\" name=\"your-email\" \/><\/span> <\/label>\n<\/p>\n<p><label> Quantidade m\u00ednima <span class=\"wpcf7-form-control-wrap\" data-name=\"menu-734\"><select class=\"wpcf7-form-control wpcf7-select wpcf7-validates-as-required\" aria-required=\"true\" aria-invalid=\"false\" name=\"menu-734\"><option value=\"\">&#8212;Por favor escolha uma op\u00e7\u00e3o&#8212;<\/option><option value=\"300\">300<\/option><option value=\"500\">500<\/option><option value=\"1000\">1000<\/option><\/select><\/span> <\/label>\n<\/p>\n<p><label> A sua mensagem <span class=\"wpcf7-form-control-wrap\" data-name=\"your-message\"><textarea cols=\"40\" rows=\"10\" maxlength=\"2000\" class=\"wpcf7-form-control wpcf7-textarea wpcf7-validates-as-required\" aria-required=\"true\" aria-invalid=\"false\" name=\"your-message\"><\/textarea><\/span> <\/label>\n<\/p>\n<p><label> O seu arquivo (opcional) <span class=\"wpcf7-form-control-wrap\" data-name=\"file-978\"><input size=\"40\" class=\"wpcf7-form-control wpcf7-file\" accept=\"audio\/*,video\/*,image\/*\" aria-invalid=\"false\" type=\"file\" name=\"file-978\" \/><\/span> <\/label>\n<\/p>\n<p><span class=\"wpcf7-form-control-wrap\" data-name=\"quiz-747\"><label><span class=\"wpcf7-quiz-label\">2+6=?<\/span> <input size=\"40\" class=\"wpcf7-form-control wpcf7-quiz\" autocomplete=\"off\" aria-required=\"true\" aria-invalid=\"false\" type=\"text\" name=\"quiz-747\" \/><\/label><input type=\"hidden\" name=\"_wpcf7_quiz_answer_quiz-747\" value=\"34fe0dce70d770da3a4b02c0e1fa88fe\" \/><\/span>\n<\/p>\n<p><input class=\"wpcf7-form-control wpcf7-submit has-spinner\" type=\"submit\" value=\"Submeter\" \/>\n<\/p><div class=\"wpcf7-response-output\" aria-hidden=\"true\"><\/div>\n<\/form>\n<\/div>\n\t\n<h3>\n\t\tMateriais para Meeples\n\t<\/h3>\n\t\t\t\t<img loading=\"lazy\" decoding=\"async\" src=\"https:\/\/www.hicreategames.com\/wp-content\/uploads\/2023\/03\/Wooden-Meeples.jpg\" alt=\"Wooden Meeples\" itemprop=\"image\" height=\"426\" width=\"640\" title=\"Wooden Meeples\" onerror=\"this.style.display='none'\"  \/>\n\t<h5>\n\t\t\t\tMeeples de madeira\n\t\t\t<\/h5>\n\t\t\t<p>A madeira \u00e9 o material mais popular para fazer meeples com uma textura e aspeto \u00fanicos. Os meeples de madeira s\u00e3o leves e ecol\u00f3gicos. No entanto, podem ser mais propensos a rachar do que os meeples de pl\u00e1stico ou resina.  <\/p>\t\n\t\t\t\t<img loading=\"lazy\" decoding=\"async\" src=\"https:\/\/www.hicreategames.com\/wp-content\/uploads\/2023\/03\/Plastic-Meeples.jpg\" alt=\"Plastic Meeples\" itemprop=\"image\" height=\"426\" width=\"640\" title=\"Plastic Meeples\" onerror=\"this.style.display='none'\"  \/>\n\t<h5>\n\t\t\t\tMeeples de Pl\u00e1stico\n\t\t\t<\/h5>\n\t\t\t<p>Estes meeples s\u00e3o feitos de materiais pl\u00e1sticos, como ABS e PVC. S\u00e3o mais dur\u00e1veis \u200b\u200bdo que os meeples de madeira e podem ser moldados em v\u00e1rios formatos e cores. No entanto, s\u00e3o menos esteticamente agrad\u00e1veis \u200b\u200bdo que os meeples de madeira ou resina.  <\/p>\t\n\t\t\t\t<img loading=\"lazy\" decoding=\"async\" src=\"https:\/\/www.hicreategames.com\/wp-content\/uploads\/2023\/03\/Resin-Meeples.jpg\" alt=\"Resin Meeples\" itemprop=\"image\" height=\"426\" width=\"640\" title=\"Resin Meeples\" onerror=\"this.style.display='none'\"  \/>\n\t<h5>\n\t\t\t\tMeeples de Resina\n\t\t\t<\/h5>\n\t\t\t<p>Os meeples de resina s\u00e3o mais fortes e dur\u00e1veis \u200b\u200bdo que os outros dois. Podem ser moldados em designs complexos e pintados para criar um aspeto mais detalhado. No entanto, s\u00e3o mais caros do que os meeples de madeira e pl\u00e1stico.  <\/p>\t\n\t<h3>\n\t\t\t\tMeeples de personagens personalizados\n\t\t\t<\/h3>\n\t\t\t\t<img loading=\"lazy\" decoding=\"async\" src=\"https:\/\/www.hicreategames.com\/wp-content\/uploads\/2023\/03\/Dinosaur-Meeples.jpg\" alt=\"Dinosaur Meeples\" itemprop=\"image\" height=\"426\" width=\"640\" title=\"Dinosaur Meeples\" onerror=\"this.style.display='none'\"  \/>\n\t<h5>\n\t\t\t\tDinossauro Meeple\n\t\t\t<\/h5>\n\t\t\t<p>Os meeples de dinossauros podem ter a forma de diferentes tipos de dinossauros, como o T-Rex, Stegosaurus, Triceratops, etc. <\/p>\t\n\t\t\t\t<img loading=\"lazy\" decoding=\"async\" src=\"https:\/\/www.hicreategames.com\/wp-content\/uploads\/2023\/03\/Horse-Meeples.jpg\" alt=\"Horse Meeples\" itemprop=\"image\" height=\"426\" width=\"640\" title=\"Horse Meeples\" onerror=\"this.style.display='none'\"  \/>\n\t<h5>\n\t\t\t\tCavalo Meeple\n\t\t\t<\/h5>\n\t\t\t<p>Os nossos meeples de cavalo personalizados podem incluir mais detalhes, como crina, cauda, \u200b\u200bcascas e manchas ou riscas para os tornar mais realistas ou para se adaptarem a um tema espec\u00edfico.<\/p>\n\t\t\t\t<img loading=\"lazy\" decoding=\"async\" src=\"https:\/\/www.hicreategames.com\/wp-content\/uploads\/2023\/03\/Dragon-Meeples.jpg\" alt=\"Dragon Meeples\" itemprop=\"image\" height=\"426\" width=\"640\" title=\"Dragon Meeples\" onerror=\"this.style.display='none'\"  \/>\n\t<h5>\n\t\t\t\tDrag\u00e3o Meeple\n\t\t\t<\/h5>\n\t\t\t<p>Os meeples drag\u00e3o podem ser personalizados numa variedade de poses e formas para refletir diferentes express\u00f5es, como asas ferozes bem abertas ou mais fofas na posi\u00e7\u00e3o sentada.<\/p>\t\n\t\t\t\t<img loading=\"lazy\" decoding=\"async\" src=\"https:\/\/www.hicreategames.com\/wp-content\/uploads\/2023\/03\/Bird-Meeples.jpg\" alt=\"Bird Meeples\" itemprop=\"image\" height=\"426\" width=\"640\" title=\"Bird Meeples\" onerror=\"this.style.display='none'\"  \/>\n\t<h5>\n\t\t\t\tP\u00e1ssaro Meeple\n\t\t\t<\/h5>\n\t\t\t<p>Os meeples de aves personalizados s\u00e3o concebidos para representar uma esp\u00e9cie espec\u00edfica de ave, como um cardeal, uma coruja ou uma \u00e1guia. S\u00e3o coloridos para representar as marcas \u00fanicas do p\u00e1ssaro. <\/p>\n\t\t\t\t<img loading=\"lazy\" decoding=\"async\" src=\"https:\/\/www.hicreategames.com\/wp-content\/uploads\/2023\/03\/Dog-Meeples.jpg\" alt=\"Dog Meeples\" itemprop=\"image\" height=\"426\" width=\"640\" title=\"Dog Meeples\" onerror=\"this.style.display='none'\"  \/>\n\t<h5>\n\t\t\t\tC\u00e3o Meeple\n\t\t\t<\/h5>\n\t\t\t<p>O meeple personalizado para c\u00e3es deve ter um design que reflita com precis\u00e3o a ra\u00e7a do c\u00e3o. Isto pode incluir caracter\u00edsticas f\u00edsicas como a cor do pelo, a forma da orelha e o comprimento da cauda. <\/p>\n\t\t\t\t<img loading=\"lazy\" decoding=\"async\" src=\"https:\/\/www.hicreategames.com\/wp-content\/uploads\/2023\/03\/Cat-Meeples.jpg\" alt=\"Cat Meeples\" itemprop=\"image\" height=\"426\" width=\"640\" title=\"Cat Meeples\" onerror=\"this.style.display='none'\"  \/>\n\t<h5>\n\t\t\t\tGato Meeple\n\t\t\t<\/h5>\n\t\t\t<p>O design de um meeple de gato personalizado pode ser personalizado para incluir v\u00e1rias caracter\u00edsticas, tais como olhos, padr\u00f5es de pelo, bigodes, orelhas, cauda, \u200b\u200bformato corporal distinto e outros detalhes.<\/p>\n\t\t\t\t<img loading=\"lazy\" decoding=\"async\" src=\"https:\/\/www.hicreategames.com\/wp-content\/uploads\/2023\/03\/Viking-Meeple.jpg\" alt=\"Viking Meeple\" itemprop=\"image\" height=\"426\" width=\"640\" title=\"Viking Meeple\" onerror=\"this.style.display='none'\"  \/>\n\t<h5>\n\t\t\t\tMeeple Viking\n\t\t\t<\/h5>\n\t\t\t<p>Podemos ajud\u00e1-lo a personalizar meeples Viking de t\u00fanicas, capas, botas, espadas, escudos, machados e poses, tudo isto ir\u00e1 real\u00e7ar o tema de um jogo de tabuleiro com o tema Viking.<\/p>\t\n\t\t\t\t<img loading=\"lazy\" decoding=\"async\" src=\"https:\/\/www.hicreategames.com\/wp-content\/uploads\/2023\/03\/Fish-Meeples.jpg\" alt=\"Fish Meeples\" itemprop=\"image\" height=\"426\" width=\"640\" title=\"Fish Meeples\" onerror=\"this.style.display='none'\"  \/>\n\t<h5>\n\t\t\t\tPeixe Meeple\n\t\t\t<\/h5>\n\t\t\t<p>O formato do meeple do peixe pode ser personalizado para se assemelhar a diferentes tipos de peixe, com caracter\u00edsticas \u00fanicas como barbatanas, caudas, escamas, formatos e cores para melhor distin\u00e7\u00e3o.<\/p>\t\n\t<h3>\n\t\t\t\tSubstitui\u00e7\u00e3o de Meeples para jogos de tabuleiro\n\t\t\t<\/h3>\n\t\t\t<p>Os meeples padr\u00e3o s\u00e3o funcionais o suficiente para jogar, mas os meeples personalizados s\u00e3o normalmente concebidos para serem mais reais do que os padr\u00e3o.<\/p>\t\n\t\t\t\t<img loading=\"lazy\" decoding=\"async\" src=\"https:\/\/www.hicreategames.com\/wp-content\/uploads\/2023\/03\/Everdell-Meeple.jpg\" alt=\"Everdell Meeple\" itemprop=\"image\" height=\"426\" width=\"640\" title=\"Everdell Meeple\" onerror=\"this.style.display='none'\"  \/>\n\t<h5>\n\t\t\t\tMeeples de Carcassone\n\t\t\t<\/h5>\n\t\t\t\t<img loading=\"lazy\" decoding=\"async\" src=\"https:\/\/www.hicreategames.com\/wp-content\/uploads\/2023\/03\/Carcassonne-Meeple.jpg\" alt=\"Carcassonne Meeple\" itemprop=\"image\" height=\"426\" width=\"640\" title=\"Carcassonne Meeple\" onerror=\"this.style.display='none'\"  \/>\n\t<h5>\n\t\t\t\tMeeples de Carcassone\n\t\t\t<\/h5>\n\t\t\t\t<img loading=\"lazy\" decoding=\"async\" src=\"https:\/\/www.hicreategames.com\/wp-content\/uploads\/2023\/03\/Lords-of-Waterdeep-Meeple.jpg\" alt=\"Lords of Waterdeep Meeple\" itemprop=\"image\" height=\"426\" width=\"640\" title=\"Lords of Waterdeep Meeple\" onerror=\"this.style.display='none'\"  \/>\n\t<h5>\n\t\t\t\tSenhores de \u00c1guas Profundas Meeples\n\t\t\t<\/h5>\n\t\t\t\t<img loading=\"lazy\" decoding=\"async\" src=\"https:\/\/www.hicreategames.com\/wp-content\/uploads\/2023\/03\/Wingspan-Meeples.jpg\" alt=\"Wingspan Meeples\" itemprop=\"image\" height=\"426\" width=\"640\" title=\"Wingspan Meeples\" onerror=\"this.style.display='none'\"  \/>\n\t<h5>\n\t\t\t\tMeeples de Wingspan\n\t\t\t<\/h5>\n\t\t\t\t<img loading=\"lazy\" decoding=\"async\" src=\"https:\/\/www.hicreategames.com\/wp-content\/uploads\/2023\/03\/Scythe-Meeple.jpg\" alt=\"Scythe Meeple\" itemprop=\"image\" height=\"426\" width=\"640\" title=\"Scythe Meeple\" onerror=\"this.style.display='none'\"  \/>\n\t<h5>\n\t\t\t\tMeeples de Scythe\n\t\t\t<\/h5>\n\t\t\t\t<img loading=\"lazy\" decoding=\"async\" src=\"https:\/\/www.hicreategames.com\/wp-content\/uploads\/2023\/03\/Breakdancing-Meeple.jpg\" alt=\"Breakdancing Meeple\" itemprop=\"image\" height=\"426\" width=\"640\" title=\"Breakdancing Meeple\" onerror=\"this.style.display='none'\"  \/>\n\t<h5>\n\t\t\t\tMeeples de Breakdancings\n\t\t\t<\/h5>\n<h3>\n\t\tOs nossos projetos Meeple\n\t<\/h3>\n\t<meta itemprop=\"url\" content=\"https:\/\/www.hicreategames.com\/wp-content\/uploads\/2022\/04\/Wooden-Game-Pieces.mp4\" \/><div style=\"width: 640px;\" class=\"wp-video\"><video class=\"wp-video-shortcode\" id=\"video-17155-1\" width=\"640\" height=\"360\" preload=\"metadata\" controls=\"controls\"><source type=\"video\/mp4\" src=\"https:\/\/www.hicreategames.com\/wp-content\/uploads\/2022\/04\/Wooden-Game-Pieces.mp4?_=1\" \/><source type=\"video\/mp4\" src=\"https:\/\/www.hicreategames.com\/wp-content\/uploads\/2022\/04\/Wooden-Game-Pieces.mp4?_=1\" \/><a href=\"https:\/\/www.hicreategames.com\/wp-content\/uploads\/2022\/04\/Wooden-Game-Pieces.mp4\">https:\/\/www.hicreategames.com\/wp-content\/uploads\/2022\/04\/Wooden-Game-Pieces.mp4<\/a><\/video><\/div>\n\t<meta itemprop=\"url\" content=\"https:\/\/www.hicreategames.com\/wp-content\/uploads\/2023\/03\/Custom-Meeples.mp4\" \/><div style=\"width: 640px;\" class=\"wp-video\"><video class=\"wp-video-shortcode\" id=\"video-17155-2\" width=\"640\" height=\"360\" preload=\"metadata\" controls=\"controls\"><source type=\"video\/mp4\" src=\"https:\/\/www.hicreategames.com\/wp-content\/uploads\/2023\/03\/Custom-Meeples.mp4?_=2\" \/><source type=\"video\/mp4\" src=\"https:\/\/www.hicreategames.com\/wp-content\/uploads\/2023\/03\/Custom-Meeples.mp4?_=2\" \/><a href=\"https:\/\/www.hicreategames.com\/wp-content\/uploads\/2023\/03\/Custom-Meeples.mp4\">https:\/\/www.hicreategames.com\/wp-content\/uploads\/2023\/03\/Custom-Meeples.mp4<\/a><\/video><\/div>\n\t\t\t\t<img loading=\"lazy\" decoding=\"async\" src=\"https:\/\/www.hicreategames.com\/wp-content\/uploads\/2023\/03\/Personalized-Meeples.png\" alt=\"Personalized Meeples\" itemprop=\"image\" height=\"500\" width=\"500\" title=\"Personalized Meeples\" onerror=\"this.style.display='none'\"  \/>\n\t<h3>\n\t\t\t\tContate-nos\n\t\t\t<\/h3>\n\t\n<div class=\"wpcf7 no-js\" id=\"wpcf7-f16746-o2\" lang=\"pt-PT\" dir=\"ltr\" data-wpcf7-id=\"16746\">\n<div class=\"screen-reader-response\"><p role=\"status\" aria-live=\"polite\" aria-atomic=\"true\"><\/p> <ul><\/ul><\/div>\n<form action=\"\/pt-pt\/wp-json\/wp\/v2\/pages\/17155#wpcf7-f16746-o2\" method=\"post\" class=\"wpcf7-form init\" aria-label=\"Formul\u00e1rio de contacto\" enctype=\"multipart\/form-data\" novalidate=\"novalidate\" data-status=\"init\">\n<fieldset class=\"hidden-fields-container\"><input type=\"hidden\" name=\"_wpcf7\" value=\"16746\" \/><input type=\"hidden\" name=\"_wpcf7_version\" value=\"6.1.5\" \/><input type=\"hidden\" name=\"_wpcf7_locale\" value=\"pt_PT\" \/><input type=\"hidden\" name=\"_wpcf7_unit_tag\" value=\"wpcf7-f16746-o2\" \/><input type=\"hidden\" name=\"_wpcf7_container_post\" value=\"0\" \/><input type=\"hidden\" name=\"_wpcf7_posted_data_hash\" value=\"\" \/><input type=\"hidden\" name=\"_wpcf7_recaptcha_response\" value=\"\" \/>\n<\/fieldset>\n<p><label> O seu nome <span class=\"wpcf7-form-control-wrap\" data-name=\"your-name\"><input size=\"40\" maxlength=\"400\" class=\"wpcf7-form-control wpcf7-text wpcf7-validates-as-required\" aria-required=\"true\" aria-invalid=\"false\" value=\"\" type=\"text\" name=\"your-name\" \/><\/span> <\/label>\n<\/p>\n<p><label> O seu email <span class=\"wpcf7-form-control-wrap\" data-name=\"your-email\"><input size=\"40\" maxlength=\"400\" class=\"wpcf7-form-control wpcf7-email wpcf7-validates-as-required wpcf7-text wpcf7-validates-as-email\" aria-required=\"true\" aria-invalid=\"false\" value=\"\" type=\"email\" name=\"your-email\" \/><\/span> <\/label>\n<\/p>\n<p><label> Quantidade m\u00ednima <span class=\"wpcf7-form-control-wrap\" data-name=\"menu-734\"><select class=\"wpcf7-form-control wpcf7-select wpcf7-validates-as-required\" aria-required=\"true\" aria-invalid=\"false\" name=\"menu-734\"><option value=\"\">&#8212;Por favor escolha uma op\u00e7\u00e3o&#8212;<\/option><option value=\"300\">300<\/option><option value=\"500\">500<\/option><option value=\"1000\">1000<\/option><\/select><\/span> <\/label>\n<\/p>\n<p><label> A sua mensagem <span class=\"wpcf7-form-control-wrap\" data-name=\"your-message\"><textarea cols=\"40\" rows=\"10\" maxlength=\"2000\" class=\"wpcf7-form-control wpcf7-textarea wpcf7-validates-as-required\" aria-required=\"true\" aria-invalid=\"false\" name=\"your-message\"><\/textarea><\/span> <\/label>\n<\/p>\n<p><label> O seu arquivo (opcional) <span class=\"wpcf7-form-control-wrap\" data-name=\"file-978\"><input size=\"40\" class=\"wpcf7-form-control wpcf7-file\" accept=\"audio\/*,video\/*,image\/*\" aria-invalid=\"false\" type=\"file\" name=\"file-978\" \/><\/span> <\/label>\n<\/p>\n<p><span class=\"wpcf7-form-control-wrap\" data-name=\"quiz-747\"><label><span class=\"wpcf7-quiz-label\">2+6=?<\/span> <input size=\"40\" class=\"wpcf7-form-control wpcf7-quiz\" autocomplete=\"off\" aria-required=\"true\" aria-invalid=\"false\" type=\"text\" name=\"quiz-747\" \/><\/label><input type=\"hidden\" name=\"_wpcf7_quiz_answer_quiz-747\" value=\"34fe0dce70d770da3a4b02c0e1fa88fe\" \/><\/span>\n<\/p>\n<p><input class=\"wpcf7-form-control wpcf7-submit has-spinner\" type=\"submit\" value=\"Submeter\" \/>\n<\/p><div class=\"wpcf7-response-output\" aria-hidden=\"true\"><\/div>\n<\/form>\n<\/div>\n\n\n","protected":false},"excerpt":{"rendered":"<p>Meeples Personalizados e Impressos Solicite um or\u00e7amento, forne\u00e7a o m\u00e1ximo de detalhes poss\u00edvel sobre os seus meeples, como o tamanho, formato, material, cor, quantidade e ficheiro de design. Se necess\u00e1rio, podemos fazer prot\u00f3tipos e envi\u00e1-los para confirma\u00e7\u00e3o. Assim que os prot\u00f3tipos forem aprovados, avan\u00e7aremos com a produ\u00e7\u00e3o em massa. Contacte-nos [&hellip;]<\/p>\n","protected":false},"author":1,"featured_media":0,"parent":0,"menu_order":0,"comment_status":"closed","ping_status":"closed","template":"","meta":{"site-sidebar-layout":"no-sidebar","site-content-layout":"page-builder","ast-site-content-layout":"default","site-content-style":"default","site-sidebar-style":"default","ast-global-header-display":"","ast-banner-title-visibility":"","ast-main-header-display":"","ast-hfb-above-header-display":"","ast-hfb-below-header-display":"","ast-hfb-mobile-header-display":"","site-post-title":"disabled","ast-breadcrumbs-content":"","ast-featured-img":"disabled","footer-sml-layout":"","ast-disable-related-posts":"","theme-transparent-header-meta":"default","adv-header-id-meta":"","stick-header-meta":"default","header-above-stick-meta":"","header-main-stick-meta":"","header-below-stick-meta":"","astra-migrate-meta-layouts":"default","ast-page-background-enabled":"default","ast-page-background-meta":{"desktop":{"background-color":"","background-image":"","background-repeat":"repeat","background-position":"center center","background-size":"auto","background-attachment":"scroll","background-type":"","background-media":"","overlay-type":"","overlay-color":"","overlay-opacity":"","overlay-gradient":""},"tablet":{"background-color":"","background-image":"","background-repeat":"repeat","background-position":"center center","background-size":"auto","background-attachment":"scroll","background-type":"","background-media":"","overlay-type":"","overlay-color":"","overlay-opacity":"","overlay-gradient":""},"mobile":{"background-color":"","background-image":"","background-repeat":"repeat","background-position":"center center","background-size":"auto","background-attachment":"scroll","background-type":"","background-media":"","overlay-type":"","overlay-color":"","overlay-opacity":"","overlay-gradient":""}},"ast-content-background-meta":{"desktop":{"background-color":"var(--ast-global-color-5)","background-image":"","background-repeat":"repeat","background-position":"center center","background-size":"auto","background-attachment":"scroll","background-type":"","background-media":"","overlay-type":"","overlay-color":"","overlay-opacity":"","overlay-gradient":""},"tablet":{"background-color":"var(--ast-global-color-5)","background-image":"","background-repeat":"repeat","background-position":"center center","background-size":"auto","background-attachment":"scroll","background-type":"","background-media":"","overlay-type":"","overlay-color":"","overlay-opacity":"","overlay-gradient":""},"mobile":{"background-color":"var(--ast-global-color-5)","background-image":"","background-repeat":"repeat","background-position":"center center","background-size":"auto","background-attachment":"scroll","background-type":"","background-media":"","overlay-type":"","overlay-color":"","overlay-opacity":"","overlay-gradient":""}},"footnotes":""},"class_list":["post-17155","page","type-page","status-publish","hentry"],"_links":{"self":[{"href":"https:\/\/www.hicreategames.com\/pt-pt\/wp-json\/wp\/v2\/pages\/17155","targetHints":{"allow":["GET"]}}],"collection":[{"href":"https:\/\/www.hicreategames.com\/pt-pt\/wp-json\/wp\/v2\/pages"}],"about":[{"href":"https:\/\/www.hicreategames.com\/pt-pt\/wp-json\/wp\/v2\/types\/page"}],"author":[{"embeddable":true,"href":"https:\/\/www.hicreategames.com\/pt-pt\/wp-json\/wp\/v2\/users\/1"}],"replies":[{"embeddable":true,"href":"https:\/\/www.hicreategames.com\/pt-pt\/wp-json\/wp\/v2\/comments?post=17155"}],"version-history":[{"count":2,"href":"https:\/\/www.hicreategames.com\/pt-pt\/wp-json\/wp\/v2\/pages\/17155\/revisions"}],"predecessor-version":[{"id":17965,"href":"https:\/\/www.hicreategames.com\/pt-pt\/wp-json\/wp\/v2\/pages\/17155\/revisions\/17965"}],"wp:attachment":[{"href":"https:\/\/www.hicreategames.com\/pt-pt\/wp-json\/wp\/v2\/media?parent=17155"}],"curies":[{"name":"wp","href":"https:\/\/api.w.org\/{rel}","templated":true}]}}