{"id":19406,"date":"2025-04-02T06:58:37","date_gmt":"2025-04-02T06:58:37","guid":{"rendered":"https:\/\/www.hicreategames.com\/dobble-personalizado\/"},"modified":"2025-08-25T10:49:20","modified_gmt":"2025-08-25T10:49:20","slug":"dobble-personalizado","status":"publish","type":"page","link":"https:\/\/www.hicreategames.com\/pt-pt\/dobble-personalizado\/","title":{"rendered":"Dobble Personalizado"},"content":{"rendered":"\n\n\t<h2>\n\t\t\t\tDobble Personalizado \n\t\t\t<\/h2>\n\t<p>Personalizar o cl\u00e1ssico Dobble em vers\u00f5es personalizadas pode ser um projeto divertido e criativo.<\/p>\n\t\t\t<a href=\"#\" role=\"button\">\n\t\t\t\t\t\t\tObter um Or\u00e7amento\n\t\t\t\t\t<\/a>\n\t\t\t\n<div class=\"wpcf7 no-js\" id=\"wpcf7-f16746-o1\" lang=\"pt-PT\" dir=\"ltr\" data-wpcf7-id=\"16746\">\n<div class=\"screen-reader-response\"><p role=\"status\" aria-live=\"polite\" aria-atomic=\"true\"><\/p> <ul><\/ul><\/div>\n<form action=\"\/pt-pt\/wp-json\/wp\/v2\/pages\/19406#wpcf7-f16746-o1\" method=\"post\" class=\"wpcf7-form init\" aria-label=\"Formul\u00e1rio de contacto\" enctype=\"multipart\/form-data\" novalidate=\"novalidate\" data-status=\"init\">\n<fieldset class=\"hidden-fields-container\"><input type=\"hidden\" name=\"_wpcf7\" value=\"16746\" \/><input type=\"hidden\" name=\"_wpcf7_version\" value=\"6.1.5\" \/><input type=\"hidden\" name=\"_wpcf7_locale\" value=\"pt_PT\" \/><input type=\"hidden\" name=\"_wpcf7_unit_tag\" value=\"wpcf7-f16746-o1\" \/><input type=\"hidden\" name=\"_wpcf7_container_post\" value=\"0\" \/><input type=\"hidden\" name=\"_wpcf7_posted_data_hash\" value=\"\" \/><input type=\"hidden\" name=\"_wpcf7_recaptcha_response\" value=\"\" \/>\n<\/fieldset>\n<p><label> O seu nome <span class=\"wpcf7-form-control-wrap\" data-name=\"your-name\"><input size=\"40\" maxlength=\"400\" class=\"wpcf7-form-control wpcf7-text wpcf7-validates-as-required\" aria-required=\"true\" aria-invalid=\"false\" value=\"\" type=\"text\" name=\"your-name\" \/><\/span> <\/label>\n<\/p>\n<p><label> O seu email <span class=\"wpcf7-form-control-wrap\" data-name=\"your-email\"><input size=\"40\" maxlength=\"400\" class=\"wpcf7-form-control wpcf7-email wpcf7-validates-as-required wpcf7-text wpcf7-validates-as-email\" aria-required=\"true\" aria-invalid=\"false\" value=\"\" type=\"email\" name=\"your-email\" \/><\/span> <\/label>\n<\/p>\n<p><label> Quantidade m\u00ednima <span class=\"wpcf7-form-control-wrap\" data-name=\"menu-734\"><select class=\"wpcf7-form-control wpcf7-select wpcf7-validates-as-required\" aria-required=\"true\" aria-invalid=\"false\" name=\"menu-734\"><option value=\"\">&#8212;Por favor escolha uma op\u00e7\u00e3o&#8212;<\/option><option value=\"300\">300<\/option><option value=\"500\">500<\/option><option value=\"1000\">1000<\/option><\/select><\/span> <\/label>\n<\/p>\n<p><label> A sua mensagem <span class=\"wpcf7-form-control-wrap\" data-name=\"your-message\"><textarea cols=\"40\" rows=\"10\" maxlength=\"2000\" class=\"wpcf7-form-control wpcf7-textarea wpcf7-validates-as-required\" aria-required=\"true\" aria-invalid=\"false\" name=\"your-message\"><\/textarea><\/span> <\/label>\n<\/p>\n<p><label> O seu arquivo (opcional) <span class=\"wpcf7-form-control-wrap\" data-name=\"file-978\"><input size=\"40\" class=\"wpcf7-form-control wpcf7-file\" accept=\"audio\/*,video\/*,image\/*\" aria-invalid=\"false\" type=\"file\" name=\"file-978\" \/><\/span> <\/label>\n<\/p>\n<p><span class=\"wpcf7-form-control-wrap\" data-name=\"quiz-747\"><label><span class=\"wpcf7-quiz-label\">2+6=?<\/span> <input size=\"40\" class=\"wpcf7-form-control wpcf7-quiz\" autocomplete=\"off\" aria-required=\"true\" aria-invalid=\"false\" type=\"text\" name=\"quiz-747\" \/><\/label><input type=\"hidden\" name=\"_wpcf7_quiz_answer_quiz-747\" value=\"34fe0dce70d770da3a4b02c0e1fa88fe\" \/><\/span>\n<\/p>\n<p><input class=\"wpcf7-form-control wpcf7-submit has-spinner\" type=\"submit\" value=\"Submeter\" \/>\n<\/p><div class=\"wpcf7-response-output\" aria-hidden=\"true\"><\/div>\n<\/form>\n<\/div>\n\t\t\n<h3>\n\t\t\tO que podemos personalizar para o seu jogo Dobble? \t<\/h3>\n\t\t\t\t<img decoding=\"async\" src=\"https:\/\/www.hicreategames.com\/wp-content\/uploads\/2025\/04\/Cartas-Dobble.jpg\" alt=\"Cartas Dobble\" itemprop=\"image\" height=\"426\" width=\"640\" title=\"Cartas Dobble\" onerror=\"this.style.display='none'\" loading=\"lazy\" \/>\n\t<h5>\n\t\t\t\tCart\u00f5es circulares\n\t\t\t<\/h5>\n\t\t\t<p>Podemos personalizar o n\u00famero, o tamanho, o design, o stock de cart\u00f5es e o acabamento dos cart\u00f5es circulares, permitindo-lhe escolher s\u00edmbolos, cores e trabalhos art\u00edsticos \u00fanicos, adaptados ao seu tema ou marca.<\/p>\t\n\t\t\t\t<img decoding=\"async\" src=\"https:\/\/www.hicreategames.com\/wp-content\/uploads\/2025\/04\/Simbolos-Dobble-1.jpg\" alt=\"S\u00edmbolos Dobble\" itemprop=\"image\" height=\"426\" width=\"640\" title=\"S\u00edmbolos Dobble\" onerror=\"this.style.display='none'\" loading=\"lazy\" \/>\n\t<h5>\n\t\t\t\tS\u00edmbolos\n\t\t\t<\/h5>\n\t\t\t<p>Oferecemos a flexibilidade de criar s\u00edmbolos personalizados que combinam com o tema do seu jogo. Quer pretenda ilustra\u00e7\u00f5es ou log\u00f3tipos exclusivos, podemos desenh\u00e1-los e imprimi-los nos cart\u00f5es. <\/p>\n\t\t\t\t<img decoding=\"async\" src=\"https:\/\/www.hicreategames.com\/wp-content\/uploads\/2025\/04\/Caixa-de-lata-Dobble.jpg\" alt=\"Caixa de lata Dobble\" itemprop=\"image\" height=\"426\" width=\"640\" title=\"Caixa de lata Dobble\" onerror=\"this.style.display='none'\" loading=\"lazy\" \/>\n\t<h5>\n\t\t\t\tCaixa de lata\n\t\t\t<\/h5>\n\t\t\t<p>As nossas caixas de lata personalizadas podem ser personalizadas com log\u00f3tipos, gr\u00e1ficos e elementos de marca. Pode selecionar o design da caixa, o acabamento e as cores para se alinharem com a est\u00e9tica geral do jogo. <\/p>\n\t<h3>\n\t\t\t\tVers\u00f5es de caracteres\n\t\t\t<\/h3>\n\t\t\t<p>Estas varia\u00e7\u00f5es tem\u00e1ticas do jogo Dobble acrescentariam reviravoltas divertidas em fun\u00e7\u00e3o dos interesses dos jogadores, tornando-o ainda mais cativante.<\/p>\t\n\t\t\t\t<img decoding=\"async\" src=\"https:\/\/www.hicreategames.com\/wp-content\/uploads\/2025\/04\/Dobble-Animais.jpg\" alt=\"Dobble Animais\" itemprop=\"image\" height=\"426\" width=\"640\" title=\"Dobble Animais\" onerror=\"this.style.display='none'\" loading=\"lazy\" \/>\n\t<h5>\n\t\t\t\tDobble Animais\n\t\t\t<\/h5>\n\t\t\t<p>Os s\u00edmbolos nas cartas s\u00e3o v\u00e1rios animais. Os jogadores encontrar\u00e3o animais correspondentes, como um le\u00e3o, um elefante ou um golfinho, para combinar com o mesmo animal noutra carta. <\/p>\t\n\t\t\t\t<img decoding=\"async\" src=\"https:\/\/www.hicreategames.com\/wp-content\/uploads\/2025\/04\/Alfabetos-Dobble-1.jpg\" alt=\"Alfabetos Dobble\" itemprop=\"image\" height=\"426\" width=\"640\" title=\"Alfabetos Dobble\" onerror=\"this.style.display='none'\" loading=\"lazy\" \/>\n\t<h5>\n\t\t\t\tAlfabetos Dobble\n\t\t\t<\/h5>\n\t\t\t<p>Cada carta cont\u00e9m letras do alfabeto, sendo o objetivo fazer corresponder as letras a outra carta. Pode incluir letras mai\u00fasculas e min\u00fasculas para aumentar o desafio! <\/p>\t\n\t\t\t\t<img decoding=\"async\" src=\"https:\/\/www.hicreategames.com\/wp-content\/uploads\/2025\/04\/Animes-Desenhos-Dobble.jpg\" alt=\"Animes Desenhos Dobble\" itemprop=\"image\" height=\"426\" width=\"640\" title=\"Animes Desenhos Dobble\" onerror=\"this.style.display='none'\" loading=\"lazy\" \/>\n\t<h5>\n\t\t\t\tAnimes \/ Desenhos animados Dobble\n\t\t\t<\/h5>\n\t\t\t<p>Personagens como Paw Patrol, Pok\u00e9mon, Frozen Princess de s\u00e9ries populares de anime ou desenhos animados. Os jogadores devem fazer corresponder personagens da mesma s\u00e9rie ou programa! <\/p>\t\n\t<h3>\n\t\t\t\tVers\u00f5es desportivas\n\t\t\t<\/h3>\n\t\t\t<p>Criar vers\u00f5es com temas desportivos pode tornar o jogo mais interessante para os f\u00e3s de diferentes desportos. Eis algumas ideias para vers\u00f5es de futebol, h\u00f3quei e basebol: <\/p>\n\t\t\t\t<img decoding=\"async\" src=\"https:\/\/www.hicreategames.com\/wp-content\/uploads\/2025\/04\/Futebol-Dobble.jpg\" alt=\"Futebol Dobble\" itemprop=\"image\" height=\"426\" width=\"640\" title=\"Futebol Dobble\" onerror=\"this.style.display='none'\" loading=\"lazy\" \/>\n\t<h5>\n\t\t\t\tFutebol Dobble\n\t\t\t<\/h5>\n\t\t\t<ul><li><strong>S\u00edmbolos: <\/strong>Futebol, capacete, postes de baliza, apito, log\u00f3tipo da equipa, n\u00famero da camisola, \u00e1rbitro, claque, diagrama de jogo, trof\u00e9u<\/li><li><strong>Cartas especiais<\/strong>: Touchdown, Fumble, Hail Mary<\/li><li><strong>Tema<\/strong>: Desenhos de futebol americano da NFL ou da faculdade<\/li><\/ul>\t\n\t\t\t\t<img decoding=\"async\" src=\"https:\/\/www.hicreategames.com\/wp-content\/uploads\/2025\/04\/Dobble-de-Hoquei.jpg\" alt=\"Dobble de H\u00f3quei\" itemprop=\"image\" height=\"426\" width=\"640\" title=\"Dobble de H\u00f3quei\" onerror=\"this.style.display='none'\" loading=\"lazy\" \/>\n\t<h5>\n\t\t\t\tDobble de H\u00f3quei\n\t\t\t<\/h5>\n\t\t\t<ul><li><strong>S\u00edmbolos<\/strong>: Taco de h\u00f3quei, disco, m\u00e1scara de guarda-redes, ringue de gelo, c\u00edrculo de faceoff, Zamboni, \u00edcone de jogo de for\u00e7a, \u00e1rbitro, camisola, ta\u00e7a Stanley<\/li><li><strong>Cart\u00f5es especiais<\/strong>: Hat Trick, Penalty Box, Tempo extra<\/li><li><strong>Tema<\/strong>: NHL, Jogos Ol\u00edmpicos ou ligas locais<\/li><\/ul>\t\n\t\t\t\t<img decoding=\"async\" src=\"https:\/\/www.hicreategames.com\/wp-content\/uploads\/2025\/04\/Dobble-de-Basebol.jpg\" alt=\"Dobble de Basebol\" itemprop=\"image\" height=\"426\" width=\"640\" title=\"Dobble de Basebol\" onerror=\"this.style.display='none'\" loading=\"lazy\" \/>\n\t<h5>\n\t\t\t\tDobble de Basebol\n\t\t\t<\/h5>\n\t\t\t<ul><li><strong>S\u00edmbolos<\/strong>: Basebol, taco, luva, placa de base, monte do lan\u00e7ador, painel de avalia\u00e7\u00e3o, \u00e1rbitro, cachorro-quente, abrigo, anel do campeonato<\/li><li><strong>Cartas especiais<\/strong>: Grand Slam, Home Run, Strikeout<\/li><li><strong>Tema<\/strong>: MLB ou Little League<\/li><\/ul>\t\n\t<h3>\n\t\t\t\tVers\u00f5es de f\u00e9rias\n\t\t\t<\/h3>\n\t\t\t<p>As vers\u00f5es tem\u00e1ticas do Dobble podem tornar o jogo mais festivo para ocasi\u00f5es especiais. Estas vers\u00f5es substituem os s\u00edmbolos habituais por imagens relacionadas com as festas. Aqui est\u00e3o algumas das nossas ideias para vers\u00f5es festivas do Dobble:  <\/p>\t\n\t\t\t\t<img decoding=\"async\" src=\"https:\/\/www.hicreategames.com\/wp-content\/uploads\/2025\/04\/Dobble-de-Natal.jpg\" alt=\"Dobble de Natal\" itemprop=\"image\" height=\"426\" width=\"640\" title=\"Dobble de Natal\" onerror=\"this.style.display='none'\" loading=\"lazy\" \/>\n\t<h5>\n\t\t\t\tDobble de Natal\n\t\t\t<\/h5>\n\t\t\t<p>Utilize s\u00edmbolos como o Pai Natal, as renas, a \u00e1rvore de Natal, o floco de neve, a bengala doce, a meia, o boneco de neve, os ornamentos, o homem de gengibre, o presente, o visco e a coroa de flores. Adicione elementos dourados brilhantes ou met\u00e1licos ao desenho para dar um toque festivo. <\/p>\t\n\t\t\t\t<img decoding=\"async\" src=\"https:\/\/www.hicreategames.com\/wp-content\/uploads\/2025\/04\/Dobble-de-Halloween-1.jpg\" alt=\"Dobble de Halloween\" itemprop=\"image\" height=\"426\" width=\"640\" title=\"Dobble de Halloween\" onerror=\"this.style.display='none'\" loading=\"lazy\" \/>\n\t<h5>\n\t\t\t\tDobble de Halloween\n\t\t\t<\/h5>\n\t\t\t<p>Utilize elementos de Halloween como ab\u00f3bora, fantasma, chap\u00e9u de bruxa, gato preto, teia de aranha, caldeir\u00e3o, morcego, caveira, cabo de vassoura, vampiro, globo ocular, l\u00e1pide. Aplique toques especiais, como fundos de cart\u00f5es que brilham no escuro ou com um tema assustador. <\/p>\t\n\t\t\t\t<img decoding=\"async\" src=\"https:\/\/www.hicreategames.com\/wp-content\/uploads\/2025\/04\/Dobble-de-Pascoa.jpg\" alt=\"Dobble de P\u00e1scoa\" itemprop=\"image\" height=\"426\" width=\"640\" title=\"Dobble de P\u00e1scoa\" onerror=\"this.style.display='none'\" loading=\"lazy\" \/>\n\t<h5>\n\t\t\t\tDobble de P\u00e1scoa\n\t\t\t<\/h5>\n\t\t\t<p>Substitu\u00eddo pelos s\u00edmbolos da P\u00e1scoa, como coelhinho da P\u00e1scoa, ovos decorados, pintainho, cesto, tulipa, coelhinho de chocolate, borboleta, arco-\u00edris, cordeiro, gorro da P\u00e1scoa, gomas. Concebido com fundos em tons pastel e bordos com temas de primavera. <\/p>\t\n\t<h3>\n\t\t\t\tContate-nos\n\t\t\t<\/h3>\n\t\t\t\t<img decoding=\"async\" src=\"https:\/\/www.hicreategames.com\/wp-content\/uploads\/2025\/04\/Jogo-de-Cartas-Dobble-Personalizado.jpg\" alt=\"Jogo de Cartas Dobble Personalizado\" itemprop=\"image\" height=\"600\" width=\"600\" title=\"Jogo de Cartas Dobble Personalizado\" onerror=\"this.style.display='none'\" loading=\"lazy\" \/>\n\t\n<div class=\"wpcf7 no-js\" id=\"wpcf7-f16746-o2\" lang=\"pt-PT\" dir=\"ltr\" data-wpcf7-id=\"16746\">\n<div class=\"screen-reader-response\"><p role=\"status\" aria-live=\"polite\" aria-atomic=\"true\"><\/p> <ul><\/ul><\/div>\n<form action=\"\/pt-pt\/wp-json\/wp\/v2\/pages\/19406#wpcf7-f16746-o2\" method=\"post\" class=\"wpcf7-form init\" aria-label=\"Formul\u00e1rio de contacto\" enctype=\"multipart\/form-data\" novalidate=\"novalidate\" data-status=\"init\">\n<fieldset class=\"hidden-fields-container\"><input type=\"hidden\" name=\"_wpcf7\" value=\"16746\" \/><input type=\"hidden\" name=\"_wpcf7_version\" value=\"6.1.5\" \/><input type=\"hidden\" name=\"_wpcf7_locale\" value=\"pt_PT\" \/><input type=\"hidden\" name=\"_wpcf7_unit_tag\" value=\"wpcf7-f16746-o2\" \/><input type=\"hidden\" name=\"_wpcf7_container_post\" value=\"0\" \/><input type=\"hidden\" name=\"_wpcf7_posted_data_hash\" value=\"\" \/><input type=\"hidden\" name=\"_wpcf7_recaptcha_response\" value=\"\" \/>\n<\/fieldset>\n<p><label> O seu nome <span class=\"wpcf7-form-control-wrap\" data-name=\"your-name\"><input size=\"40\" maxlength=\"400\" class=\"wpcf7-form-control wpcf7-text wpcf7-validates-as-required\" aria-required=\"true\" aria-invalid=\"false\" value=\"\" type=\"text\" name=\"your-name\" \/><\/span> <\/label>\n<\/p>\n<p><label> O seu email <span class=\"wpcf7-form-control-wrap\" data-name=\"your-email\"><input size=\"40\" maxlength=\"400\" class=\"wpcf7-form-control wpcf7-email wpcf7-validates-as-required wpcf7-text wpcf7-validates-as-email\" aria-required=\"true\" aria-invalid=\"false\" value=\"\" type=\"email\" name=\"your-email\" \/><\/span> <\/label>\n<\/p>\n<p><label> Quantidade m\u00ednima <span class=\"wpcf7-form-control-wrap\" data-name=\"menu-734\"><select class=\"wpcf7-form-control wpcf7-select wpcf7-validates-as-required\" aria-required=\"true\" aria-invalid=\"false\" name=\"menu-734\"><option value=\"\">&#8212;Por favor escolha uma op\u00e7\u00e3o&#8212;<\/option><option value=\"300\">300<\/option><option value=\"500\">500<\/option><option value=\"1000\">1000<\/option><\/select><\/span> <\/label>\n<\/p>\n<p><label> A sua mensagem <span class=\"wpcf7-form-control-wrap\" data-name=\"your-message\"><textarea cols=\"40\" rows=\"10\" maxlength=\"2000\" class=\"wpcf7-form-control wpcf7-textarea wpcf7-validates-as-required\" aria-required=\"true\" aria-invalid=\"false\" name=\"your-message\"><\/textarea><\/span> <\/label>\n<\/p>\n<p><label> O seu arquivo (opcional) <span class=\"wpcf7-form-control-wrap\" data-name=\"file-978\"><input size=\"40\" class=\"wpcf7-form-control wpcf7-file\" accept=\"audio\/*,video\/*,image\/*\" aria-invalid=\"false\" type=\"file\" name=\"file-978\" \/><\/span> <\/label>\n<\/p>\n<p><span class=\"wpcf7-form-control-wrap\" data-name=\"quiz-747\"><label><span class=\"wpcf7-quiz-label\">2+6=?<\/span> <input size=\"40\" class=\"wpcf7-form-control wpcf7-quiz\" autocomplete=\"off\" aria-required=\"true\" aria-invalid=\"false\" type=\"text\" name=\"quiz-747\" \/><\/label><input type=\"hidden\" name=\"_wpcf7_quiz_answer_quiz-747\" value=\"34fe0dce70d770da3a4b02c0e1fa88fe\" \/><\/span>\n<\/p>\n<p><input class=\"wpcf7-form-control wpcf7-submit has-spinner\" type=\"submit\" value=\"Submeter\" \/>\n<\/p><div class=\"wpcf7-response-output\" aria-hidden=\"true\"><\/div>\n<\/form>\n<\/div>\n\n\n","protected":false},"excerpt":{"rendered":"<p>Dobble Personalizado Personalizar o cl\u00e1ssico Dobble em vers\u00f5es personalizadas pode ser um projeto divertido e criativo. Obter um Or\u00e7amento O que podemos personalizar para o seu jogo Dobble? Cart\u00f5es circulares Podemos personalizar o n\u00famero, o tamanho, o design, o stock de cart\u00f5es e o acabamento dos cart\u00f5es circulares, permitindo-lhe escolher [&hellip;]<\/p>\n","protected":false},"author":1,"featured_media":0,"parent":0,"menu_order":0,"comment_status":"closed","ping_status":"closed","template":"","meta":{"site-sidebar-layout":"no-sidebar","site-content-layout":"page-builder","ast-site-content-layout":"full-width-container","site-content-style":"unboxed","site-sidebar-style":"unboxed","ast-global-header-display":"","ast-banner-title-visibility":"","ast-main-header-display":"","ast-hfb-above-header-display":"","ast-hfb-below-header-display":"","ast-hfb-mobile-header-display":"","site-post-title":"disabled","ast-breadcrumbs-content":"","ast-featured-img":"disabled","footer-sml-layout":"","ast-disable-related-posts":"","theme-transparent-header-meta":"default","adv-header-id-meta":"","stick-header-meta":"default","header-above-stick-meta":"","header-main-stick-meta":"","header-below-stick-meta":"","astra-migrate-meta-layouts":"default","ast-page-background-enabled":"default","ast-page-background-meta":{"desktop":{"background-color":"","background-image":"","background-repeat":"repeat","background-position":"center center","background-size":"auto","background-attachment":"scroll","background-type":"","background-media":"","overlay-type":"","overlay-color":"","overlay-opacity":"","overlay-gradient":""},"tablet":{"background-color":"","background-image":"","background-repeat":"repeat","background-position":"center center","background-size":"auto","background-attachment":"scroll","background-type":"","background-media":"","overlay-type":"","overlay-color":"","overlay-opacity":"","overlay-gradient":""},"mobile":{"background-color":"","background-image":"","background-repeat":"repeat","background-position":"center center","background-size":"auto","background-attachment":"scroll","background-type":"","background-media":"","overlay-type":"","overlay-color":"","overlay-opacity":"","overlay-gradient":""}},"ast-content-background-meta":{"desktop":{"background-color":"var(--ast-global-color-5)","background-image":"","background-repeat":"repeat","background-position":"center center","background-size":"auto","background-attachment":"scroll","background-type":"","background-media":"","overlay-type":"","overlay-color":"","overlay-opacity":"","overlay-gradient":""},"tablet":{"background-color":"var(--ast-global-color-5)","background-image":"","background-repeat":"repeat","background-position":"center center","background-size":"auto","background-attachment":"scroll","background-type":"","background-media":"","overlay-type":"","overlay-color":"","overlay-opacity":"","overlay-gradient":""},"mobile":{"background-color":"var(--ast-global-color-5)","background-image":"","background-repeat":"repeat","background-position":"center center","background-size":"auto","background-attachment":"scroll","background-type":"","background-media":"","overlay-type":"","overlay-color":"","overlay-opacity":"","overlay-gradient":""}},"footnotes":""},"class_list":["post-19406","page","type-page","status-publish","hentry"],"_links":{"self":[{"href":"https:\/\/www.hicreategames.com\/pt-pt\/wp-json\/wp\/v2\/pages\/19406","targetHints":{"allow":["GET"]}}],"collection":[{"href":"https:\/\/www.hicreategames.com\/pt-pt\/wp-json\/wp\/v2\/pages"}],"about":[{"href":"https:\/\/www.hicreategames.com\/pt-pt\/wp-json\/wp\/v2\/types\/page"}],"author":[{"embeddable":true,"href":"https:\/\/www.hicreategames.com\/pt-pt\/wp-json\/wp\/v2\/users\/1"}],"replies":[{"embeddable":true,"href":"https:\/\/www.hicreategames.com\/pt-pt\/wp-json\/wp\/v2\/comments?post=19406"}],"version-history":[{"count":3,"href":"https:\/\/www.hicreategames.com\/pt-pt\/wp-json\/wp\/v2\/pages\/19406\/revisions"}],"predecessor-version":[{"id":24735,"href":"https:\/\/www.hicreategames.com\/pt-pt\/wp-json\/wp\/v2\/pages\/19406\/revisions\/24735"}],"wp:attachment":[{"href":"https:\/\/www.hicreategames.com\/pt-pt\/wp-json\/wp\/v2\/media?parent=19406"}],"curies":[{"name":"wp","href":"https:\/\/api.w.org\/{rel}","templated":true}]}}