{"id":20181,"date":"2024-12-15T08:50:31","date_gmt":"2024-12-15T08:50:31","guid":{"rendered":"https:\/\/www.hicreategames.com\/jogo-de-carta-para-beber\/"},"modified":"2025-08-26T03:46:50","modified_gmt":"2025-08-26T03:46:50","slug":"jogo-de-carta-para-beber","status":"publish","type":"page","link":"https:\/\/www.hicreategames.com\/pt-pt\/jogo-de-carta-para-beber\/","title":{"rendered":"Jogo de Carta para Beber"},"content":{"rendered":"\n\n\t<h2>\n\t\t\t\tJogo de Carta para Beber\n\t\t\t<\/h2>\n\t<p>Somos especializados na cria\u00e7\u00e3o de jogos de cartas para beber personalizados e de alta qualidade, adaptados ao seu tema e estilo \u00fanicos.<\/p>\n<p>Com infinitas op\u00e7\u00f5es de personaliza\u00e7\u00e3o, materiais dur\u00e1veis \u200b\u200be solu\u00e7\u00f5es profissionais de impress\u00e3o e embalagem, garantimos que o seu conjunto de bebidas se destaca em qualquer festa, evento ou reuni\u00e3o.<\/p>\n\t\t\t<a href=\"#\" role=\"button\">\n\t\t\t\t\t\t\tObter um Or\u00e7amento\n\t\t\t\t\t<\/a>\n\t\t\t\n<div class=\"wpcf7 no-js\" id=\"wpcf7-f16746-o1\" lang=\"pt-PT\" dir=\"ltr\" data-wpcf7-id=\"16746\">\n<div class=\"screen-reader-response\"><p role=\"status\" aria-live=\"polite\" aria-atomic=\"true\"><\/p> <ul><\/ul><\/div>\n<form action=\"\/pt-pt\/wp-json\/wp\/v2\/pages\/20181#wpcf7-f16746-o1\" method=\"post\" class=\"wpcf7-form init\" aria-label=\"Formul\u00e1rio de contacto\" enctype=\"multipart\/form-data\" novalidate=\"novalidate\" data-status=\"init\">\n<fieldset class=\"hidden-fields-container\"><input type=\"hidden\" name=\"_wpcf7\" value=\"16746\" \/><input type=\"hidden\" name=\"_wpcf7_version\" value=\"6.1.5\" \/><input type=\"hidden\" name=\"_wpcf7_locale\" value=\"pt_PT\" \/><input type=\"hidden\" name=\"_wpcf7_unit_tag\" value=\"wpcf7-f16746-o1\" \/><input type=\"hidden\" name=\"_wpcf7_container_post\" value=\"0\" \/><input type=\"hidden\" name=\"_wpcf7_posted_data_hash\" value=\"\" \/><input type=\"hidden\" name=\"_wpcf7_recaptcha_response\" value=\"\" \/>\n<\/fieldset>\n<p><label> O seu nome <span class=\"wpcf7-form-control-wrap\" data-name=\"your-name\"><input size=\"40\" maxlength=\"400\" class=\"wpcf7-form-control wpcf7-text wpcf7-validates-as-required\" aria-required=\"true\" aria-invalid=\"false\" value=\"\" type=\"text\" name=\"your-name\" \/><\/span> <\/label>\n<\/p>\n<p><label> O seu email <span class=\"wpcf7-form-control-wrap\" data-name=\"your-email\"><input size=\"40\" maxlength=\"400\" class=\"wpcf7-form-control wpcf7-email wpcf7-validates-as-required wpcf7-text wpcf7-validates-as-email\" aria-required=\"true\" aria-invalid=\"false\" value=\"\" type=\"email\" name=\"your-email\" \/><\/span> <\/label>\n<\/p>\n<p><label> Quantidade m\u00ednima <span class=\"wpcf7-form-control-wrap\" data-name=\"menu-734\"><select class=\"wpcf7-form-control wpcf7-select wpcf7-validates-as-required\" aria-required=\"true\" aria-invalid=\"false\" name=\"menu-734\"><option value=\"\">&#8212;Por favor escolha uma op\u00e7\u00e3o&#8212;<\/option><option value=\"300\">300<\/option><option value=\"500\">500<\/option><option value=\"1000\">1000<\/option><\/select><\/span> <\/label>\n<\/p>\n<p><label> A sua mensagem <span class=\"wpcf7-form-control-wrap\" data-name=\"your-message\"><textarea cols=\"40\" rows=\"10\" maxlength=\"2000\" class=\"wpcf7-form-control wpcf7-textarea wpcf7-validates-as-required\" aria-required=\"true\" aria-invalid=\"false\" name=\"your-message\"><\/textarea><\/span> <\/label>\n<\/p>\n<p><label> O seu arquivo (opcional) <span class=\"wpcf7-form-control-wrap\" data-name=\"file-978\"><input size=\"40\" class=\"wpcf7-form-control wpcf7-file\" accept=\"audio\/*,video\/*,image\/*\" aria-invalid=\"false\" type=\"file\" name=\"file-978\" \/><\/span> <\/label>\n<\/p>\n<p><span class=\"wpcf7-form-control-wrap\" data-name=\"quiz-747\"><label><span class=\"wpcf7-quiz-label\">2+6=?<\/span> <input size=\"40\" class=\"wpcf7-form-control wpcf7-quiz\" autocomplete=\"off\" aria-required=\"true\" aria-invalid=\"false\" type=\"text\" name=\"quiz-747\" \/><\/label><input type=\"hidden\" name=\"_wpcf7_quiz_answer_quiz-747\" value=\"34fe0dce70d770da3a4b02c0e1fa88fe\" \/><\/span>\n<\/p>\n<p><input class=\"wpcf7-form-control wpcf7-submit has-spinner\" type=\"submit\" value=\"Submeter\" \/>\n<\/p><div class=\"wpcf7-response-output\" aria-hidden=\"true\"><\/div>\n<\/form>\n<\/div>\n\t\t\n<h3>\n\t\t\tOp\u00e7\u00f5es de personaliza\u00e7\u00e3o para o teu jogo de beber\t<\/h3>\n\t\t\t\t<img decoding=\"async\" src=\"https:\/\/www.hicreategames.com\/wp-content\/uploads\/2025\/04\/Temas-de-jogos-de-Cartas-para-Beber.jpg\" alt=\"Temas de jogos de Cartas para Beber\" itemprop=\"image\" height=\"426\" width=\"640\" title=\"Temas de jogos de Cartas para Beber\" onerror=\"this.style.display='none'\" loading=\"lazy\" \/>\n\t<h5>\n\t\t\t\tTemas e conceitos\n\t\t\t<\/h5>\n\t\t\t<p>Apresentando uma grande variedade de temas, desde humor de festa a aventuras de fantasia, adaptados para combinar com o seu evento, marca ou conceitos de narrativa exclusivos.<\/p>\n\t\t\t\t<img decoding=\"async\" src=\"https:\/\/www.hicreategames.com\/wp-content\/uploads\/2025\/04\/Design-de-Cartao-de-Bebida.jpg\" alt=\"Design de Cart\u00e3o de Bebida\" itemprop=\"image\" height=\"426\" width=\"640\" title=\"Design de Cart\u00e3o de Bebida\" onerror=\"this.style.display='none'\" loading=\"lazy\" \/>\n\t<h5>\n\t\t\t\tDesign e arte do cart\u00e3o\n\t\t\t<\/h5>\n\t\t\t<p>A nossa equipa cria designs de cart\u00f5es impressionantes com ilustra\u00e7\u00f5es personalizadas, cores vibrantes e estilos \u00fanicos, garantindo que cada cart\u00e3o corresponde \u00e0 sua vis\u00e3o criativa.<\/p>\n\t\t\t\t<img decoding=\"async\" src=\"https:\/\/www.hicreategames.com\/wp-content\/uploads\/2025\/04\/Tipos-de-Cartas-de-Beber.jpg\" alt=\"Tipos de Cartas de Beber\" itemprop=\"image\" height=\"426\" width=\"640\" title=\"Tipos de Cartas de Beber\" onerror=\"this.style.display='none'\" loading=\"lazy\" \/>\n\t<h5>\n\t\t\t\tTipos de cart\u00f5es\n\t\t\t<\/h5>\n\t\t\t<p>Oferecemos tipos de cart\u00f5es personalizados e vers\u00e1teis relacionados com a bebida, incluindo cart\u00f5es de desafio, cart\u00f5es de a\u00e7\u00e3o de bebida, cart\u00f5es de trivialidades, cart\u00f5es de saltar e cart\u00f5es invertidos.<\/p>\n\t\t\t\t<img decoding=\"async\" src=\"https:\/\/www.hicreategames.com\/wp-content\/uploads\/2025\/04\/Regras-do-Jogo-de-Carta-para-Beber.jpg\" alt=\"Regras do Jogo de Carta para Beber\" itemprop=\"image\" height=\"426\" width=\"640\" title=\"Regras do Jogo de Carta para Beber\" onerror=\"this.style.display='none'\" loading=\"lazy\" \/>\n\t<h5>\n\t\t\t\tRegras e ac\u00e7\u00f5es do jogo\n\t\t\t<\/h5>\n\t\t\t<p>Simplifique ideias complexas em mec\u00e2nicas de jogo envolventes. Oferecemos um servi\u00e7o personalizado de regras e a\u00e7\u00f5es, garantindo que est\u00e3o alinhadas com o seu estilo de jogo desejado. <\/p>\n\t\t\t\t<img decoding=\"async\" src=\"https:\/\/www.hicreategames.com\/wp-content\/uploads\/2025\/04\/Componentes-do-Jogo-de-Carta-para-Beber.jpg\" alt=\"Componentes do Jogo de Carta para Beber\" itemprop=\"image\" height=\"426\" width=\"640\" title=\"Componentes do Jogo de Carta para Beber\" onerror=\"this.style.display='none'\" loading=\"lazy\" \/>\n\t<h5>\n\t\t\t\tComponentes do Jogo\n\t\t\t<\/h5>\n\t\t\t<p>Para al\u00e9m dos cart\u00f5es, oferecemos copos de shot personalizados, fichas, dados, spinners e outros componentes de jogo, todos concebidos para complementar o tema do seu jogo de bebida.<\/p>\n\t\t\t\t<img decoding=\"async\" src=\"https:\/\/www.hicreategames.com\/wp-content\/uploads\/2025\/04\/Embalagem-para-Jogo-de-Carta-para-Beber.jpg\" alt=\"Embalagem para Jogo de Carta para Beber\" itemprop=\"image\" height=\"426\" width=\"640\" title=\"Embalagem para Jogo de Carta para Beber\" onerror=\"this.style.display='none'\" loading=\"lazy\" \/>\n\t<h5>\n\t\t\t\tDesign de embalagens e caixas\n\t\t\t<\/h5>\n\t\t\t<p>Destaque-se com embalagens personalizadas, desde caixas elegantes a op\u00e7\u00f5es ecol\u00f3gicas, com gr\u00e1ficos personalizados e inser\u00e7\u00f5es para uma experi\u00eancia de desembalagem inesquec\u00edvel.<\/p>\n\t<h3>\n\t\t\t\tOs nossos jogos de beber sobre direitos de autor\n\t\t\t<\/h3>\n\t\t\t\t<img decoding=\"async\" src=\"https:\/\/www.hicreategames.com\/wp-content\/uploads\/2025\/04\/Aventura-ou-Bebida-A.jpg\" alt=\"Aventura ou Bebida - A\" itemprop=\"image\" height=\"426\" width=\"640\" title=\"Aventura ou Bebida - A\" onerror=\"this.style.display='none'\" loading=\"lazy\" \/>\n\t<h5>\n\t\t\t\tAventura ou Bebida &#8211; A\n\t\t\t<\/h5>\n\t\t\t<ul>\n<li>Tamanho individual: 8*12*3,2 cm<\/li>\n<li>Tamanho do cart\u00e3o: 60 unidades 6,8*10,8 cm<\/li>\n<li>Embala em caixas: 54 conjuntos\/caixa<\/li>\n<li>Tamanho da caixa: 27*26*31 cm<\/li>\n<li>Peso da caixa: 14 kg\/caixa<\/li>\n<\/ul>\n\t\t\t\t<img decoding=\"async\" src=\"https:\/\/www.hicreategames.com\/wp-content\/uploads\/2025\/04\/Aventura-ou-Bebida-B.jpg\" alt=\"Aventura ou Bebida - B\" itemprop=\"image\" height=\"426\" width=\"640\" title=\"Aventura ou Bebida - B\" onerror=\"this.style.display='none'\" loading=\"lazy\" \/>\n\t<h5>\n\t\t\t\tAventura ou Bebida &#8211; B\n\t\t\t<\/h5>\n\t\t\t<ul>\n<li>Tamanho individual: 22*22*4,4 cm<\/li>\n<li>Tamanho do cart\u00e3o: 60 unidades 6,8*10,8 cm<\/li>\n<li>Copos de shot: 4pcs<\/li>\n<li>Embala em caixas: 16 conjuntos\/caixa<\/li>\n<li>Tamanho da caixa: 46*46*20 cm<\/li>\n<li>Peso da caixa: 9 kg\/caixa<\/li>\n<\/ul>\n\t\t\t\t<img decoding=\"async\" src=\"https:\/\/www.hicreategames.com\/wp-content\/uploads\/2025\/04\/Aventura-ou-Bebida-C.jpg\" alt=\"Aventura ou Bebida - C\" itemprop=\"image\" height=\"426\" width=\"640\" title=\"Aventura ou Bebida - C\" onerror=\"this.style.display='none'\" loading=\"lazy\" \/>\n\t<h5>\n\t\t\t\tAventura ou Bebida &#8211; C\n\t\t\t<\/h5>\n\t\t\t<ul>\n<li>Tamanho \u00fanico: 9,8*8,2*2,95 cm<\/li>\n<li>Tamanho do cart\u00e3o: 50 unidades 6,3*8,8 cm<\/li>\n<li>Embala em caixas: 100 conjuntos\/caixa<\/li>\n<li>Tamanho da caixa: 44*21*33,5 cm<\/li>\n<li>Peso da caixa: 15,5 kg\/caixa<\/li>\n<\/ul>\n\t\t\t\t<img decoding=\"async\" src=\"https:\/\/www.hicreategames.com\/wp-content\/uploads\/2025\/04\/Jogo-de-beber-Verdade-e-Desafio.jpg\" alt=\"Jogo de beber Verdade e Desafio\" itemprop=\"image\" height=\"426\" width=\"640\" title=\"Jogo de beber Verdade e Desafio\" onerror=\"this.style.display='none'\" loading=\"lazy\" \/>\n\t<h5>\n\t\t\t\tJogo de beber Verdade e Desafio\n\t\t\t<\/h5>\n\t\t\t<ul>\n<li>Tamanho individual: 14,3*10*2,95 cm<\/li>\n<li>Tamanho do cart\u00e3o: 110 unidades 6,3*8,8 cm<\/li>\n<li>Embala em caixas: 40 conjuntos\/caixa<\/li>\n<li>Tamanho da caixa: 32*30,5*22 cm<\/li>\n<li>Peso da caixa: 11,5 kg\/caixa<\/li>\n<\/ul>\n\t\t\t\t<img decoding=\"async\" src=\"https:\/\/www.hicreategames.com\/wp-content\/uploads\/2025\/04\/Chance-ou-Bebida.jpg\" alt=\"Chance ou Bebida\" itemprop=\"image\" height=\"426\" width=\"640\" title=\"Chance ou Bebida\" onerror=\"this.style.display='none'\" loading=\"lazy\" \/>\n\t<h5>\n\t\t\t\tChance ou Bebida\n\t\t\t<\/h5>\n\t\t\t<ul>\n<li>Tamanho \u00fanico: 7,7*7,7*10,7 cm<\/li>\n<li>Tamanho do cart\u00e3o: 154pcs 6,3*8,8 cm<\/li>\n<li>Embala em caixas: 46 conjuntos\/caixa<\/li>\n<li>Tamanho da caixa: 23,1*23,1*53,5 cm<\/li>\n<li>Peso da caixa: 15 kg\/caixa<\/li>\n<\/ul>\n\t\t\t\t<img decoding=\"async\" src=\"https:\/\/www.hicreategames.com\/wp-content\/uploads\/2025\/04\/Jogo-de-festa-divertido.jpg\" alt=\"Jogo de festa divertido\" itemprop=\"image\" height=\"426\" width=\"640\" title=\"Jogo de festa divertido\" onerror=\"this.style.display='none'\" loading=\"lazy\" \/>\n\t<h5>\n\t\t\t\tJogo de festa divertido\n\t\t\t<\/h5>\n\t\t\t<ul><li>Caixa de tubos: altura 24cm, di\u00e2metro 5,5cm<\/li><li>Pau de madeira: 50 unidades 22*1 cm<\/li><li>Embala em caixas: 36 conjuntos\/caixa<\/li><li>Tamanho da caixa: 34*34*25,5 cm<\/li><li>Peso da caixa: 8,2 kg\/caixa<\/li><\/ul>\t\n\t<h3>\n\t\t\t\tContate-nos\n\t\t\t<\/h3>\n\t\t\t\t<img decoding=\"async\" src=\"https:\/\/www.hicreategames.com\/wp-content\/uploads\/2025\/04\/Jogo-de-Carta-para-Beber-para-Adultos.jpg\" alt=\"Jogo de Carta para Beber para Adultos\" itemprop=\"image\" height=\"500\" width=\"500\" title=\"Jogo de Carta para Beber para Adultos\" onerror=\"this.style.display='none'\" loading=\"lazy\" \/>\n\t\n<div class=\"wpcf7 no-js\" id=\"wpcf7-f16746-o2\" lang=\"pt-PT\" dir=\"ltr\" data-wpcf7-id=\"16746\">\n<div class=\"screen-reader-response\"><p role=\"status\" aria-live=\"polite\" aria-atomic=\"true\"><\/p> <ul><\/ul><\/div>\n<form action=\"\/pt-pt\/wp-json\/wp\/v2\/pages\/20181#wpcf7-f16746-o2\" method=\"post\" class=\"wpcf7-form init\" aria-label=\"Formul\u00e1rio de contacto\" enctype=\"multipart\/form-data\" novalidate=\"novalidate\" data-status=\"init\">\n<fieldset class=\"hidden-fields-container\"><input type=\"hidden\" name=\"_wpcf7\" value=\"16746\" \/><input type=\"hidden\" name=\"_wpcf7_version\" value=\"6.1.5\" \/><input type=\"hidden\" name=\"_wpcf7_locale\" value=\"pt_PT\" \/><input type=\"hidden\" name=\"_wpcf7_unit_tag\" value=\"wpcf7-f16746-o2\" \/><input type=\"hidden\" name=\"_wpcf7_container_post\" value=\"0\" \/><input type=\"hidden\" name=\"_wpcf7_posted_data_hash\" value=\"\" \/><input type=\"hidden\" name=\"_wpcf7_recaptcha_response\" value=\"\" \/>\n<\/fieldset>\n<p><label> O seu nome <span class=\"wpcf7-form-control-wrap\" data-name=\"your-name\"><input size=\"40\" maxlength=\"400\" class=\"wpcf7-form-control wpcf7-text wpcf7-validates-as-required\" aria-required=\"true\" aria-invalid=\"false\" value=\"\" type=\"text\" name=\"your-name\" \/><\/span> <\/label>\n<\/p>\n<p><label> O seu email <span class=\"wpcf7-form-control-wrap\" data-name=\"your-email\"><input size=\"40\" maxlength=\"400\" class=\"wpcf7-form-control wpcf7-email wpcf7-validates-as-required wpcf7-text wpcf7-validates-as-email\" aria-required=\"true\" aria-invalid=\"false\" value=\"\" type=\"email\" name=\"your-email\" \/><\/span> <\/label>\n<\/p>\n<p><label> Quantidade m\u00ednima <span class=\"wpcf7-form-control-wrap\" data-name=\"menu-734\"><select class=\"wpcf7-form-control wpcf7-select wpcf7-validates-as-required\" aria-required=\"true\" aria-invalid=\"false\" name=\"menu-734\"><option value=\"\">&#8212;Por favor escolha uma op\u00e7\u00e3o&#8212;<\/option><option value=\"300\">300<\/option><option value=\"500\">500<\/option><option value=\"1000\">1000<\/option><\/select><\/span> <\/label>\n<\/p>\n<p><label> A sua mensagem <span class=\"wpcf7-form-control-wrap\" data-name=\"your-message\"><textarea cols=\"40\" rows=\"10\" maxlength=\"2000\" class=\"wpcf7-form-control wpcf7-textarea wpcf7-validates-as-required\" aria-required=\"true\" aria-invalid=\"false\" name=\"your-message\"><\/textarea><\/span> <\/label>\n<\/p>\n<p><label> O seu arquivo (opcional) <span class=\"wpcf7-form-control-wrap\" data-name=\"file-978\"><input size=\"40\" class=\"wpcf7-form-control wpcf7-file\" accept=\"audio\/*,video\/*,image\/*\" aria-invalid=\"false\" type=\"file\" name=\"file-978\" \/><\/span> <\/label>\n<\/p>\n<p><span class=\"wpcf7-form-control-wrap\" data-name=\"quiz-747\"><label><span class=\"wpcf7-quiz-label\">2+6=?<\/span> <input size=\"40\" class=\"wpcf7-form-control wpcf7-quiz\" autocomplete=\"off\" aria-required=\"true\" aria-invalid=\"false\" type=\"text\" name=\"quiz-747\" \/><\/label><input type=\"hidden\" name=\"_wpcf7_quiz_answer_quiz-747\" value=\"34fe0dce70d770da3a4b02c0e1fa88fe\" \/><\/span>\n<\/p>\n<p><input class=\"wpcf7-form-control wpcf7-submit has-spinner\" type=\"submit\" value=\"Submeter\" \/>\n<\/p><div class=\"wpcf7-response-output\" aria-hidden=\"true\"><\/div>\n<\/form>\n<\/div>\n\n\n","protected":false},"excerpt":{"rendered":"<p>Jogo de Carta para Beber Somos especializados na cria\u00e7\u00e3o de jogos de cartas para beber personalizados e de alta qualidade, adaptados ao seu tema e estilo \u00fanicos. Com infinitas op\u00e7\u00f5es de personaliza\u00e7\u00e3o, materiais dur\u00e1veis \u200b\u200be solu\u00e7\u00f5es profissionais de impress\u00e3o e embalagem, garantimos que o seu conjunto de bebidas se destaca [&hellip;]<\/p>\n","protected":false},"author":1,"featured_media":0,"parent":0,"menu_order":0,"comment_status":"closed","ping_status":"closed","template":"","meta":{"site-sidebar-layout":"no-sidebar","site-content-layout":"page-builder","ast-site-content-layout":"full-width-container","site-content-style":"unboxed","site-sidebar-style":"unboxed","ast-global-header-display":"","ast-banner-title-visibility":"","ast-main-header-display":"","ast-hfb-above-header-display":"","ast-hfb-below-header-display":"","ast-hfb-mobile-header-display":"","site-post-title":"disabled","ast-breadcrumbs-content":"","ast-featured-img":"disabled","footer-sml-layout":"","ast-disable-related-posts":"","theme-transparent-header-meta":"default","adv-header-id-meta":"","stick-header-meta":"default","header-above-stick-meta":"","header-main-stick-meta":"","header-below-stick-meta":"","astra-migrate-meta-layouts":"default","ast-page-background-enabled":"default","ast-page-background-meta":{"desktop":{"background-color":"","background-image":"","background-repeat":"repeat","background-position":"center center","background-size":"auto","background-attachment":"scroll","background-type":"","background-media":"","overlay-type":"","overlay-color":"","overlay-opacity":"","overlay-gradient":""},"tablet":{"background-color":"","background-image":"","background-repeat":"repeat","background-position":"center center","background-size":"auto","background-attachment":"scroll","background-type":"","background-media":"","overlay-type":"","overlay-color":"","overlay-opacity":"","overlay-gradient":""},"mobile":{"background-color":"","background-image":"","background-repeat":"repeat","background-position":"center center","background-size":"auto","background-attachment":"scroll","background-type":"","background-media":"","overlay-type":"","overlay-color":"","overlay-opacity":"","overlay-gradient":""}},"ast-content-background-meta":{"desktop":{"background-color":"var(--ast-global-color-5)","background-image":"","background-repeat":"repeat","background-position":"center center","background-size":"auto","background-attachment":"scroll","background-type":"","background-media":"","overlay-type":"","overlay-color":"","overlay-opacity":"","overlay-gradient":""},"tablet":{"background-color":"var(--ast-global-color-5)","background-image":"","background-repeat":"repeat","background-position":"center center","background-size":"auto","background-attachment":"scroll","background-type":"","background-media":"","overlay-type":"","overlay-color":"","overlay-opacity":"","overlay-gradient":""},"mobile":{"background-color":"var(--ast-global-color-5)","background-image":"","background-repeat":"repeat","background-position":"center center","background-size":"auto","background-attachment":"scroll","background-type":"","background-media":"","overlay-type":"","overlay-color":"","overlay-opacity":"","overlay-gradient":""}},"footnotes":""},"class_list":["post-20181","page","type-page","status-publish","hentry"],"_links":{"self":[{"href":"https:\/\/www.hicreategames.com\/pt-pt\/wp-json\/wp\/v2\/pages\/20181","targetHints":{"allow":["GET"]}}],"collection":[{"href":"https:\/\/www.hicreategames.com\/pt-pt\/wp-json\/wp\/v2\/pages"}],"about":[{"href":"https:\/\/www.hicreategames.com\/pt-pt\/wp-json\/wp\/v2\/types\/page"}],"author":[{"embeddable":true,"href":"https:\/\/www.hicreategames.com\/pt-pt\/wp-json\/wp\/v2\/users\/1"}],"replies":[{"embeddable":true,"href":"https:\/\/www.hicreategames.com\/pt-pt\/wp-json\/wp\/v2\/comments?post=20181"}],"version-history":[{"count":3,"href":"https:\/\/www.hicreategames.com\/pt-pt\/wp-json\/wp\/v2\/pages\/20181\/revisions"}],"predecessor-version":[{"id":24750,"href":"https:\/\/www.hicreategames.com\/pt-pt\/wp-json\/wp\/v2\/pages\/20181\/revisions\/24750"}],"wp:attachment":[{"href":"https:\/\/www.hicreategames.com\/pt-pt\/wp-json\/wp\/v2\/media?parent=20181"}],"curies":[{"name":"wp","href":"https:\/\/api.w.org\/{rel}","templated":true}]}}