{"id":14837,"date":"2024-03-13T08:25:42","date_gmt":"2024-03-13T08:25:42","guid":{"rendered":"https:\/\/www.hicreategames.com\/anpassat-cluedo-bradspel\/"},"modified":"2025-08-25T15:04:16","modified_gmt":"2025-08-25T15:04:16","slug":"anpassat-cluedo-bradspel","status":"publish","type":"page","link":"https:\/\/www.hicreategames.com\/sv\/anpassat-cluedo-bradspel\/","title":{"rendered":"Anpassat Cluedo-br\u00e4dspel"},"content":{"rendered":"\n\n\t<h3>\n\t\t\t\tAnpassat Cluedo-spel: Vem, Var och Hur\n\t\t\t<\/h3>\n\t<p>G\u00f6r det klassiska detektivspelet mer komplext och spelbart.<\/p>\n\t\t\t<a href=\"#\" role=\"button\">\n\t\t\t\t\t\t\tF\u00e5 en Offert\n\t\t\t\t\t<\/a>\n\t\t\t\n<div class=\"wpcf7 no-js\" id=\"wpcf7-f3885-o1\" lang=\"sv-SE\" dir=\"ltr\" data-wpcf7-id=\"3885\">\n<div class=\"screen-reader-response\"><p role=\"status\" aria-live=\"polite\" aria-atomic=\"true\"><\/p> <ul><\/ul><\/div>\n<form action=\"\/sv\/wp-json\/wp\/v2\/pages\/14837#wpcf7-f3885-o1\" method=\"post\" class=\"wpcf7-form init\" aria-label=\"Kontaktformul\u00e4r\" enctype=\"multipart\/form-data\" novalidate=\"novalidate\" data-status=\"init\">\n<fieldset class=\"hidden-fields-container\"><input type=\"hidden\" name=\"_wpcf7\" value=\"3885\" \/><input type=\"hidden\" name=\"_wpcf7_version\" value=\"6.1.5\" \/><input type=\"hidden\" name=\"_wpcf7_locale\" value=\"sv_SE\" \/><input type=\"hidden\" name=\"_wpcf7_unit_tag\" value=\"wpcf7-f3885-o1\" \/><input type=\"hidden\" name=\"_wpcf7_container_post\" value=\"0\" \/><input type=\"hidden\" name=\"_wpcf7_posted_data_hash\" value=\"\" \/><input type=\"hidden\" name=\"_wpcf7_recaptcha_response\" value=\"\" \/>\n<\/fieldset>\n<p><label> Ditt namn<br \/>\n<span class=\"wpcf7-form-control-wrap\" data-name=\"your-name\"><input size=\"40\" maxlength=\"400\" class=\"wpcf7-form-control wpcf7-text wpcf7-validates-as-required\" aria-required=\"true\" aria-invalid=\"false\" value=\"\" type=\"text\" name=\"your-name\" \/><\/span> <\/label>\n<\/p>\n<p><label> Din email<br \/>\n<span class=\"wpcf7-form-control-wrap\" data-name=\"your-email\"><input size=\"40\" maxlength=\"400\" class=\"wpcf7-form-control wpcf7-email wpcf7-validates-as-required wpcf7-text wpcf7-validates-as-email\" aria-required=\"true\" aria-invalid=\"false\" value=\"\" type=\"email\" name=\"your-email\" \/><\/span> <\/label>\n<\/p>\n<p><label> Minsta orderkvantitet<br \/>\n<span class=\"wpcf7-form-control-wrap\" data-name=\"menu-734\"><select class=\"wpcf7-form-control wpcf7-select wpcf7-validates-as-required\" aria-required=\"true\" aria-invalid=\"false\" name=\"menu-734\"><option value=\"\">\u2013 V\u00e4lj ett alternativ \u2013<\/option><option value=\"300\">300<\/option><option value=\"500\">500<\/option><option value=\"1000\">1000<\/option><\/select><\/span> <\/label>\n<\/p>\n<p><label> Ditt meddelande<br \/>\n<span class=\"wpcf7-form-control-wrap\" data-name=\"your-message\"><textarea cols=\"40\" rows=\"10\" maxlength=\"2000\" class=\"wpcf7-form-control wpcf7-textarea wpcf7-validates-as-required\" aria-required=\"true\" aria-invalid=\"false\" name=\"your-message\"><\/textarea><\/span> <\/label>\n<\/p>\n<p><label> Din fil (valfritt)<br \/>\n<span class=\"wpcf7-form-control-wrap\" data-name=\"file-978\"><input size=\"40\" class=\"wpcf7-form-control wpcf7-file\" accept=\"audio\/*,video\/*,image\/*\" aria-invalid=\"false\" type=\"file\" name=\"file-978\" \/><\/span> <\/label>\n<\/p>\n<p><span class=\"wpcf7-form-control-wrap\" data-name=\"quiz-747\"><label><span class=\"wpcf7-quiz-label\">2+6=?<\/span> <input size=\"40\" class=\"wpcf7-form-control wpcf7-quiz\" autocomplete=\"off\" aria-required=\"true\" aria-invalid=\"false\" type=\"text\" name=\"quiz-747\" \/><\/label><input type=\"hidden\" name=\"_wpcf7_quiz_answer_quiz-747\" value=\"34fe0dce70d770da3a4b02c0e1fa88fe\" \/><\/span>\n<\/p>\n<p><input class=\"wpcf7-form-control wpcf7-submit has-spinner\" type=\"submit\" value=\"Skicka in\" \/>\n<\/p><div class=\"wpcf7-response-output\" aria-hidden=\"true\"><\/div>\n<\/form>\n<\/div>\n\t\t\n<h3>\n\t\t\tVad kan vi anpassa f\u00f6r ditt Cluedo-spel?\t<\/h3>\n\t\t\t\t<img decoding=\"async\" src=\"https:\/\/www.hicreategames.com\/wp-content\/uploads\/2024\/03\/Anpassad-Cluedo-berattelse.jpg\" alt=\"Anpassad Cluedo-ber\u00e4ttelse\" itemprop=\"image\" height=\"426\" width=\"640\" title=\"Anpassad Cluedo-ber\u00e4ttelse\" onerror=\"this.style.display='none'\" loading=\"lazy\" \/>\n\t<h5>\n\t\t\t\t1. Mord och mysterier\n\t\t\t<\/h5>\n\t\t\t<p>Anpassa en detaljerad ber\u00e4ttelse kring mordmysteriet, vilket ger spelarna mer sammanhang och motivation. Detta kan inkludera en prolog, karakt\u00e4rsmotiv och till och med manusavsl\u00f6jar. <\/p>\t\n\t\t\t\t<img decoding=\"async\" src=\"https:\/\/www.hicreategames.com\/wp-content\/uploads\/2024\/03\/Anpassad-Cluedo-spelbrada.jpg\" alt=\"Anpassad Cluedo-spelbr\u00e4da\" itemprop=\"image\" height=\"426\" width=\"640\" title=\"Anpassad Cluedo-spelbr\u00e4da\" onerror=\"this.style.display='none'\" loading=\"lazy\" \/>\n\t<h5>\n\t\t\t\t2. Spelplan\n\t\t\t<\/h5>\n\t\t\t<p>Skr\u00e4ddarsydda Cluedo-br\u00e4dor f\u00f6r att g\u00f6ra ditt spel unikt till ditt. Vi kan hj\u00e4lpa dig att skr\u00e4ddarsy din tavla med personliga alternativ inklusive olika layouter, former, fler rum, storlekar, material etc. <\/p>\t\n\t\t\t\t<img decoding=\"async\" src=\"https:\/\/www.hicreategames.com\/wp-content\/uploads\/2024\/03\/Anpassade-Cluedo-stycken.jpg\" alt=\"Anpassade Cluedo-stycken\" itemprop=\"image\" height=\"426\" width=\"640\" title=\"Anpassade Cluedo-stycken\" onerror=\"this.style.display='none'\" loading=\"lazy\" \/>\n\t<h5>\n\t\t\t\t3. Spelpj\u00e4ser\n\t\t\t<\/h5>\n\t\t\t<p>Det kan handla om att m\u00e5la befintliga plastspel eller att anpassa nya material f\u00f6r att skapa nya med 3D-utskrift. Att inf\u00f6rliva personlig touch kommer att g\u00f6ra spelet mer engagerande. <\/p>\t\n\t\t\t\t<img decoding=\"async\" src=\"https:\/\/www.hicreategames.com\/wp-content\/uploads\/2024\/03\/Anpassade-Cluedo-karaktarskort.jpg\" alt=\"Anpassade Cluedo-karakt\u00e4rskort\" itemprop=\"image\" height=\"426\" width=\"640\" title=\"Anpassade Cluedo-karakt\u00e4rskort\" onerror=\"this.style.display='none'\" loading=\"lazy\" \/>\n\t<h5>\n\t\t\t\t4. Karakt\u00e4rskort\n\t\t\t<\/h5>\n\t\t\t<p>Byt ut de vanliga Cluedo-karakt\u00e4rskorten med personliga. De kan designas med ny text och bilder. Du kan ocks\u00e5 skapa bakgrundsber\u00e4ttelser f\u00f6r dessa karakt\u00e4rer f\u00f6r att l\u00e4gga till speldjupet.  <\/p>\t\n\t\t\t\t<img decoding=\"async\" src=\"https:\/\/www.hicreategames.com\/wp-content\/uploads\/2024\/03\/Anpassat-Cluedo-vapenkort.jpg\" alt=\"Anpassat Cluedo-vapenkort\" itemprop=\"image\" height=\"426\" width=\"640\" title=\"Anpassat Cluedo-vapenkort\" onerror=\"this.style.display='none'\" loading=\"lazy\" \/>\n\t<h5>\n\t\t\t\t5. Vapenkort\n\t\t\t<\/h5>\n\t\t\t<p>Ut\u00f6ver de ursprungliga ljusstake-, kniv- och revolverkorten, t\u00e4nk p\u00e5 att skapa unika vapenkort som kan anv\u00e4ndas i brottet. Detta kan str\u00e4cka sig fr\u00e5n ett trollsp\u00f6 till en skr\u00e4ddarsydd pryl. <\/p>\t\n\t\t\t\t<img decoding=\"async\" src=\"https:\/\/www.hicreategames.com\/wp-content\/uploads\/2024\/03\/Anpassade-Cluedo-lador.jpg\" alt=\"Anpassade Cluedo-l\u00e5dor\" itemprop=\"image\" height=\"426\" width=\"640\" title=\"Anpassade Cluedo-l\u00e5dor\" onerror=\"this.style.display='none'\" loading=\"lazy\" \/>\n\t<h5>\n\t\t\t\t6. F\u00f6rpackningsl\u00e5da\n\t\t\t<\/h5>\n\t\t\t<p>Skapa en anpassad l\u00e5da f\u00f6r ditt Cluedo-spel kan f\u00f6rvandla det fr\u00e5n en standardutg\u00e5va till en unik. F\u00f6rpackningen kan inneh\u00e5lla karakt\u00e4rsportr\u00e4tt och en f\u00f6rhandsvisning av tavlans design. <\/p>\t\n\t<h3>\n\t\t\t\tF\u00f6rdelar med att anpassa en ny version\n\t\t\t<\/h3>\n\t\t\t<p>Att anpassa Cluedo kan g\u00f6ra spelet mer tillg\u00e4ngligt och engagerande, f\u00f6rb\u00e4ttra spelupplevelsen genom djupare f\u00f6rdjupning och l\u00e5sa upp nya ekonomiska m\u00f6jligheter f\u00f6r kreat\u00f6rer och distribut\u00f6rer.<\/p>\n\t\t\t\t<img decoding=\"async\" src=\"https:\/\/www.hicreategames.com\/wp-content\/uploads\/2024\/03\/Cluedo-spelare.jpg\" alt=\"Cluedo-spelare\" itemprop=\"image\" height=\"426\" width=\"640\" title=\"Cluedo-spelare\" onerror=\"this.style.display='none'\" loading=\"lazy\" \/>\n\t<h5>\n\t\t\t\tAnpassa till fler spelare\n\t\t\t<\/h5>\n\t\t\t<p>Genom att introducera extra karakt\u00e4rer, vapen och rum kan spelet ut\u00f6kas s\u00e5 att fler personer kan spela samtidigt. Detta g\u00f6r inte bara spelet mer inkluderande utan l\u00e4gger ocks\u00e5 till komplexitet och variation till spelet. <\/p>\n\t\t\t\t<img decoding=\"async\" src=\"https:\/\/www.hicreategames.com\/wp-content\/uploads\/2024\/03\/Forbattra-Cluedo-spelets-fordjupning.jpg\" alt=\"F\u00f6rb\u00e4ttra Cluedo-spelets f\u00f6rdjupning\" itemprop=\"image\" height=\"426\" width=\"640\" title=\"F\u00f6rb\u00e4ttra Cluedo-spelets f\u00f6rdjupning\" onerror=\"this.style.display='none'\" loading=\"lazy\" \/>\n\t<h5>\n\t\t\t\tF\u00f6rb\u00e4ttrad neds\u00e4nkning\n\t\t\t<\/h5>\n\t\t\t<p>Genom att skr\u00e4ddarsy spelets tema, inst\u00e4llningar och karakt\u00e4rer f\u00f6r att matcha spelarnas preferenser, blir spelet mer uppslukande. Detta kan uppmuntra spelare att fullt ut engagera sig i ber\u00e4ttelsen och mekaniken och \u00e4ven fr\u00e4mja deras ber\u00e4ttande. <\/p>\t\n\t\t\t\t<img decoding=\"async\" src=\"https:\/\/www.hicreategames.com\/wp-content\/uploads\/2024\/03\/Anpassad-Cluedo-ekonomisk-potential.jpg\" alt=\"Anpassad Cluedo ekonomisk potential\" itemprop=\"image\" height=\"426\" width=\"640\" title=\"Anpassad Cluedo ekonomisk potential\" onerror=\"this.style.display='none'\" loading=\"lazy\" \/>\n\t<h5>\n\t\t\t\tEkonomisk potential\n\t\t\t<\/h5>\n\t\t\t<p>Anpassade versioner av Cluedo-spelet kan locka samlare och entusiaster som \u00e4r villiga att betala en premie f\u00f6r unikt eller exklusivt inneh\u00e5ll. Dessutom kan den marknadsf\u00f6ras f\u00f6r speciella evenemang, vilket \u00f6ppnar upp nya marknadssegment bortom den ursprungliga Cluedo. <\/p>\t\n\t<h3>\n\t\t\t\tKomma i kontakt\n\t\t\t<\/h3>\n\t\t\t\t<img decoding=\"async\" src=\"https:\/\/www.hicreategames.com\/wp-content\/uploads\/2024\/03\/Personligt-Cluedo-bradspel.jpg\" alt=\"Personligt Cluedo-br\u00e4dspel\" itemprop=\"image\" height=\"600\" width=\"600\" title=\"Personligt Cluedo-br\u00e4dspel\" onerror=\"this.style.display='none'\" loading=\"lazy\" \/>\n\t\n<div class=\"wpcf7 no-js\" id=\"wpcf7-f3885-o2\" lang=\"sv-SE\" dir=\"ltr\" data-wpcf7-id=\"3885\">\n<div class=\"screen-reader-response\"><p role=\"status\" aria-live=\"polite\" aria-atomic=\"true\"><\/p> <ul><\/ul><\/div>\n<form action=\"\/sv\/wp-json\/wp\/v2\/pages\/14837#wpcf7-f3885-o2\" method=\"post\" class=\"wpcf7-form init\" aria-label=\"Kontaktformul\u00e4r\" enctype=\"multipart\/form-data\" novalidate=\"novalidate\" data-status=\"init\">\n<fieldset class=\"hidden-fields-container\"><input type=\"hidden\" name=\"_wpcf7\" value=\"3885\" \/><input type=\"hidden\" name=\"_wpcf7_version\" value=\"6.1.5\" \/><input type=\"hidden\" name=\"_wpcf7_locale\" value=\"sv_SE\" \/><input type=\"hidden\" name=\"_wpcf7_unit_tag\" value=\"wpcf7-f3885-o2\" \/><input type=\"hidden\" name=\"_wpcf7_container_post\" value=\"0\" \/><input type=\"hidden\" name=\"_wpcf7_posted_data_hash\" value=\"\" \/><input type=\"hidden\" name=\"_wpcf7_recaptcha_response\" value=\"\" \/>\n<\/fieldset>\n<p><label> Ditt namn<br \/>\n<span class=\"wpcf7-form-control-wrap\" data-name=\"your-name\"><input size=\"40\" maxlength=\"400\" class=\"wpcf7-form-control wpcf7-text wpcf7-validates-as-required\" aria-required=\"true\" aria-invalid=\"false\" value=\"\" type=\"text\" name=\"your-name\" \/><\/span> <\/label>\n<\/p>\n<p><label> Din email<br \/>\n<span class=\"wpcf7-form-control-wrap\" data-name=\"your-email\"><input size=\"40\" maxlength=\"400\" class=\"wpcf7-form-control wpcf7-email wpcf7-validates-as-required wpcf7-text wpcf7-validates-as-email\" aria-required=\"true\" aria-invalid=\"false\" value=\"\" type=\"email\" name=\"your-email\" \/><\/span> <\/label>\n<\/p>\n<p><label> Minsta orderkvantitet<br \/>\n<span class=\"wpcf7-form-control-wrap\" data-name=\"menu-734\"><select class=\"wpcf7-form-control wpcf7-select wpcf7-validates-as-required\" aria-required=\"true\" aria-invalid=\"false\" name=\"menu-734\"><option value=\"\">\u2013 V\u00e4lj ett alternativ \u2013<\/option><option value=\"300\">300<\/option><option value=\"500\">500<\/option><option value=\"1000\">1000<\/option><\/select><\/span> <\/label>\n<\/p>\n<p><label> Ditt meddelande<br \/>\n<span class=\"wpcf7-form-control-wrap\" data-name=\"your-message\"><textarea cols=\"40\" rows=\"10\" maxlength=\"2000\" class=\"wpcf7-form-control wpcf7-textarea wpcf7-validates-as-required\" aria-required=\"true\" aria-invalid=\"false\" name=\"your-message\"><\/textarea><\/span> <\/label>\n<\/p>\n<p><label> Din fil (valfritt)<br \/>\n<span class=\"wpcf7-form-control-wrap\" data-name=\"file-978\"><input size=\"40\" class=\"wpcf7-form-control wpcf7-file\" accept=\"audio\/*,video\/*,image\/*\" aria-invalid=\"false\" type=\"file\" name=\"file-978\" \/><\/span> <\/label>\n<\/p>\n<p><span class=\"wpcf7-form-control-wrap\" data-name=\"quiz-747\"><label><span class=\"wpcf7-quiz-label\">2+6=?<\/span> <input size=\"40\" class=\"wpcf7-form-control wpcf7-quiz\" autocomplete=\"off\" aria-required=\"true\" aria-invalid=\"false\" type=\"text\" name=\"quiz-747\" \/><\/label><input type=\"hidden\" name=\"_wpcf7_quiz_answer_quiz-747\" value=\"34fe0dce70d770da3a4b02c0e1fa88fe\" \/><\/span>\n<\/p>\n<p><input class=\"wpcf7-form-control wpcf7-submit has-spinner\" type=\"submit\" value=\"Skicka in\" \/>\n<\/p><div class=\"wpcf7-response-output\" aria-hidden=\"true\"><\/div>\n<\/form>\n<\/div>\n\n\n","protected":false},"excerpt":{"rendered":"<p>Anpassat Cluedo-spel: Vem, Var och Hur G\u00f6r det klassiska detektivspelet mer komplext och spelbart. F\u00e5 en Offert Vad kan vi anpassa f\u00f6r ditt Cluedo-spel? 1. Mord och mysterier Anpassa en detaljerad ber\u00e4ttelse kring mordmysteriet, vilket ger spelarna mer sammanhang och motivation. Detta kan inkludera en prolog, karakt\u00e4rsmotiv och till och [&hellip;]<\/p>\n","protected":false},"author":1,"featured_media":0,"parent":0,"menu_order":0,"comment_status":"closed","ping_status":"closed","template":"","meta":{"site-sidebar-layout":"no-sidebar","site-content-layout":"page-builder","ast-site-content-layout":"full-width-container","site-content-style":"unboxed","site-sidebar-style":"unboxed","ast-global-header-display":"","ast-banner-title-visibility":"","ast-main-header-display":"","ast-hfb-above-header-display":"","ast-hfb-below-header-display":"","ast-hfb-mobile-header-display":"","site-post-title":"disabled","ast-breadcrumbs-content":"","ast-featured-img":"disabled","footer-sml-layout":"","ast-disable-related-posts":"","theme-transparent-header-meta":"default","adv-header-id-meta":"","stick-header-meta":"default","header-above-stick-meta":"","header-main-stick-meta":"","header-below-stick-meta":"","astra-migrate-meta-layouts":"default","ast-page-background-enabled":"default","ast-page-background-meta":{"desktop":{"background-color":"","background-image":"","background-repeat":"repeat","background-position":"center center","background-size":"auto","background-attachment":"scroll","background-type":"","background-media":"","overlay-type":"","overlay-color":"","overlay-opacity":"","overlay-gradient":""},"tablet":{"background-color":"","background-image":"","background-repeat":"repeat","background-position":"center center","background-size":"auto","background-attachment":"scroll","background-type":"","background-media":"","overlay-type":"","overlay-color":"","overlay-opacity":"","overlay-gradient":""},"mobile":{"background-color":"","background-image":"","background-repeat":"repeat","background-position":"center center","background-size":"auto","background-attachment":"scroll","background-type":"","background-media":"","overlay-type":"","overlay-color":"","overlay-opacity":"","overlay-gradient":""}},"ast-content-background-meta":{"desktop":{"background-color":"var(--ast-global-color-5)","background-image":"","background-repeat":"repeat","background-position":"center center","background-size":"auto","background-attachment":"scroll","background-type":"","background-media":"","overlay-type":"","overlay-color":"","overlay-opacity":"","overlay-gradient":""},"tablet":{"background-color":"var(--ast-global-color-5)","background-image":"","background-repeat":"repeat","background-position":"center center","background-size":"auto","background-attachment":"scroll","background-type":"","background-media":"","overlay-type":"","overlay-color":"","overlay-opacity":"","overlay-gradient":""},"mobile":{"background-color":"var(--ast-global-color-5)","background-image":"","background-repeat":"repeat","background-position":"center center","background-size":"auto","background-attachment":"scroll","background-type":"","background-media":"","overlay-type":"","overlay-color":"","overlay-opacity":"","overlay-gradient":""}},"footnotes":""},"class_list":["post-14837","page","type-page","status-publish","hentry"],"_links":{"self":[{"href":"https:\/\/www.hicreategames.com\/sv\/wp-json\/wp\/v2\/pages\/14837","targetHints":{"allow":["GET"]}}],"collection":[{"href":"https:\/\/www.hicreategames.com\/sv\/wp-json\/wp\/v2\/pages"}],"about":[{"href":"https:\/\/www.hicreategames.com\/sv\/wp-json\/wp\/v2\/types\/page"}],"author":[{"embeddable":true,"href":"https:\/\/www.hicreategames.com\/sv\/wp-json\/wp\/v2\/users\/1"}],"replies":[{"embeddable":true,"href":"https:\/\/www.hicreategames.com\/sv\/wp-json\/wp\/v2\/comments?post=14837"}],"version-history":[{"count":2,"href":"https:\/\/www.hicreategames.com\/sv\/wp-json\/wp\/v2\/pages\/14837\/revisions"}],"predecessor-version":[{"id":24745,"href":"https:\/\/www.hicreategames.com\/sv\/wp-json\/wp\/v2\/pages\/14837\/revisions\/24745"}],"wp:attachment":[{"href":"https:\/\/www.hicreategames.com\/sv\/wp-json\/wp\/v2\/media?parent=14837"}],"curies":[{"name":"wp","href":"https:\/\/api.w.org\/{rel}","templated":true}]}}