{"id":4137,"date":"2022-04-11T08:38:16","date_gmt":"2022-04-11T08:38:16","guid":{"rendered":"https:\/\/www.hicreategames.com\/anpassat-kortspel\/"},"modified":"2025-08-29T10:23:03","modified_gmt":"2025-08-29T10:23:03","slug":"anpassat-kortspel","status":"publish","type":"page","link":"https:\/\/www.hicreategames.com\/sv\/anpassat-kortspel\/","title":{"rendered":"Anpassat Kortspel"},"content":{"rendered":"\r\n<h3>Tillverkare av Kortspel: Design &amp; Tryckning<\/h3>\r\n<p>Fr\u00e5n koncept till prototypframst\u00e4llning och massproduktion &#8211; vi hj\u00e4lper spelutvecklare, Kickstarter-skapare och f\u00f6rlag att tillverka h\u00f6gkvalitativa kortspel med fullst\u00e4ndiga anpassningsm\u00f6jligheter.<\/p>\r\n<p><a role=\"button\" href=\"#\"> Kontakta oss och ladda upp dina id\u00e9er <\/a> \n<div class=\"wpcf7 no-js\" id=\"wpcf7-f3885-o1\" lang=\"sv-SE\" dir=\"ltr\" data-wpcf7-id=\"3885\">\n<div class=\"screen-reader-response\"><p role=\"status\" aria-live=\"polite\" aria-atomic=\"true\"><\/p> <ul><\/ul><\/div>\n<form action=\"\/sv\/wp-json\/wp\/v2\/pages\/4137#wpcf7-f3885-o1\" method=\"post\" class=\"wpcf7-form init\" aria-label=\"Kontaktformul\u00e4r\" enctype=\"multipart\/form-data\" novalidate=\"novalidate\" data-status=\"init\">\n<fieldset class=\"hidden-fields-container\"><input type=\"hidden\" name=\"_wpcf7\" value=\"3885\" \/><input type=\"hidden\" name=\"_wpcf7_version\" value=\"6.1.5\" \/><input type=\"hidden\" name=\"_wpcf7_locale\" value=\"sv_SE\" \/><input type=\"hidden\" name=\"_wpcf7_unit_tag\" value=\"wpcf7-f3885-o1\" \/><input type=\"hidden\" name=\"_wpcf7_container_post\" value=\"0\" \/><input type=\"hidden\" name=\"_wpcf7_posted_data_hash\" value=\"\" \/><input type=\"hidden\" name=\"_wpcf7_recaptcha_response\" value=\"\" \/>\n<\/fieldset>\n<p><label> Ditt namn<br \/>\n<span class=\"wpcf7-form-control-wrap\" data-name=\"your-name\"><input size=\"40\" maxlength=\"400\" class=\"wpcf7-form-control wpcf7-text wpcf7-validates-as-required\" aria-required=\"true\" aria-invalid=\"false\" value=\"\" type=\"text\" name=\"your-name\" \/><\/span> <\/label>\n<\/p>\n<p><label> Din email<br \/>\n<span class=\"wpcf7-form-control-wrap\" data-name=\"your-email\"><input size=\"40\" maxlength=\"400\" class=\"wpcf7-form-control wpcf7-email wpcf7-validates-as-required wpcf7-text wpcf7-validates-as-email\" aria-required=\"true\" aria-invalid=\"false\" value=\"\" type=\"email\" name=\"your-email\" \/><\/span> <\/label>\n<\/p>\n<p><label> Minsta orderkvantitet<br \/>\n<span class=\"wpcf7-form-control-wrap\" data-name=\"menu-734\"><select class=\"wpcf7-form-control wpcf7-select wpcf7-validates-as-required\" aria-required=\"true\" aria-invalid=\"false\" name=\"menu-734\"><option value=\"\">\u2013 V\u00e4lj ett alternativ \u2013<\/option><option value=\"300\">300<\/option><option value=\"500\">500<\/option><option value=\"1000\">1000<\/option><\/select><\/span> <\/label>\n<\/p>\n<p><label> Ditt meddelande<br \/>\n<span class=\"wpcf7-form-control-wrap\" data-name=\"your-message\"><textarea cols=\"40\" rows=\"10\" maxlength=\"2000\" class=\"wpcf7-form-control wpcf7-textarea wpcf7-validates-as-required\" aria-required=\"true\" aria-invalid=\"false\" name=\"your-message\"><\/textarea><\/span> <\/label>\n<\/p>\n<p><label> Din fil (valfritt)<br \/>\n<span class=\"wpcf7-form-control-wrap\" data-name=\"file-978\"><input size=\"40\" class=\"wpcf7-form-control wpcf7-file\" accept=\"audio\/*,video\/*,image\/*\" aria-invalid=\"false\" type=\"file\" name=\"file-978\" \/><\/span> <\/label>\n<\/p>\n<p><span class=\"wpcf7-form-control-wrap\" data-name=\"quiz-747\"><label><span class=\"wpcf7-quiz-label\">2+6=?<\/span> <input size=\"40\" class=\"wpcf7-form-control wpcf7-quiz\" autocomplete=\"off\" aria-required=\"true\" aria-invalid=\"false\" type=\"text\" name=\"quiz-747\" \/><\/label><input type=\"hidden\" name=\"_wpcf7_quiz_answer_quiz-747\" value=\"34fe0dce70d770da3a4b02c0e1fa88fe\" \/><\/span>\n<\/p>\n<p><input class=\"wpcf7-form-control wpcf7-submit has-spinner\" type=\"submit\" value=\"Skicka in\" \/>\n<\/p><div class=\"wpcf7-response-output\" aria-hidden=\"true\"><\/div>\n<\/form>\n<\/div>\n\r\n<h3>Vad kan vi anpassa f\u00f6r ditt kortspel?<\/h3>\r\n<p><img loading=\"lazy\" decoding=\"async\" title=\"Spelkortsregler\" src=\"https:\/\/www.hicreategames.com\/wp-content\/uploads\/2022\/04\/Game-Card-Rules.jpg\" alt=\"Spelkortsregler\" width=\"640\" height=\"426\" \/><\/p>\r\n<h4>Kortspelsregler<\/h4>\r\n<p>F\u00f6r dem som inte har n\u00e5gon aning om hur man g\u00f6r roliga och engagerande kortspelsregler kan vi erbjuda skr\u00e4ddarsydd service. Du beh\u00f6ver bara ge oss information om ditt kortspel s\u00e5 mycket som m\u00f6jligt, inklusive speltyp, antal spelare, m\u00e5l, mekanik, etc.<\/p>\r\n<p><img loading=\"lazy\" decoding=\"async\" title=\"Spelkortsstorlek\" src=\"https:\/\/www.hicreategames.com\/wp-content\/uploads\/2022\/04\/Game-Card-Size.jpg\" alt=\"Spelkortsstorlek\" width=\"640\" height=\"426\" \/><\/p>\r\n<h4>Vanlig kortstorlek<\/h4>\r\n<p>Kortstorlekar p\u00e5verkar produktionskostnaden, s\u00e5v\u00e4l som kompatibiliteten med andra spelkomponenter som kortfodral, f\u00f6rvaringsl\u00e5dor och spelbr\u00e4dor. H\u00e4r \u00e4r n\u00e5gra vanliga storlekar f\u00f6r spelkort: 63*88 mm f\u00f6r poker, 57*88 mm f\u00f6r bridge och 70*120 mm\/88*126 mm f\u00f6r Tarot.<\/p>\r\n<p><img loading=\"lazy\" decoding=\"async\" title=\"Spelkortsform\" src=\"https:\/\/www.hicreategames.com\/wp-content\/uploads\/2022\/04\/Game-Card-Shape.jpg\" alt=\"Spelkortsform\" width=\"640\" height=\"426\" \/><\/p>\r\n<h4>Kort form<\/h4>\r\n<p>Som kortspelstillverkare f\u00f6rst\u00e5r vi att varje spelkort \u00e4r unikt och kr\u00e4ver ett distinkt utseende och k\u00e4nsla, s\u00e5 vi erbjuder ett brett utbud av former som du kan v\u00e4lja mellan, inklusive fyrkantig, rund, rektangel, oval, hj\u00e4rta, stj\u00e4rna, triangel och specialanpassade former.<\/p>\r\n<h4>Kartongmaterial och kvalitet<\/h4>\r\n<p><img loading=\"lazy\" decoding=\"async\" title=\"Kartongmaterial\" src=\"https:\/\/www.hicreategames.com\/wp-content\/uploads\/2022\/04\/Cardstock-Material.jpg\" alt=\"Kartongmaterial\" width=\"1024\" height=\"533\" \/><\/p>\r\n<ul>\r\n<li>250 \/300 \/350 g\/m2 belagd p\u00e5 tv\u00e5 sidor<\/li>\r\n<li>280 \/300 g\/m2 gr\u00e5 k\u00e4rna spelkort<\/li>\r\n<li>310 gsm tysktillverkade svarta spelkort<\/li>\r\n<li>300 gsm Kina-tillverkade svarta k\u00e4rnspelkort<\/li>\r\n<li>250 \/300 g\/m2 bl\u00e5 k\u00e4rna spelkort<\/li>\r\n<li>0,3-0,35 mm tjock vit\/svart sl\u00e4t PVC<br \/><hr \/><\/li>\r\n<\/ul>\r\n<ul>\r\n<li>Kartongvikten m\u00e4ts i g\/m2 (gram per kvadratmeter), ju h\u00f6gre GSM desto tjockare och tyngre blir kortet.<\/li>\r\n<li>Kortk\u00e4rnan g\u00e5r fr\u00e5n vitt till gr\u00e5tt och bl\u00e5tt, och slutligen till svart, och kortets kvalitet och h\u00e5llbarhet \u00f6kar.<\/li>\r\n<\/ul>\r\n<h4>Kortutskrift<\/h4>\r\n<ul>\r\n<li>4C\/4C (4 f\u00e4rg 2 sidor utskrift)<\/li>\r\n<li>4C\/0C (4 f\u00e4rg 1 sida utskrift)<br \/><hr \/><\/li>\r\n<\/ul>\r\n<ul>\r\n<li>4C betyder CMYK (Cyan, Magenta, Yellow, and Black)<\/li>\r\n<li>CMYK \u00e4r b\u00e4st f\u00f6r tryckt material eftersom utskriftsmedier anv\u00e4nder f\u00e4rgat bl\u00e4ck f\u00f6r meddelanden.<\/li>\r\n<li>Kombinera dessa 4 f\u00e4rger f\u00f6r att skapa ett brett utbud av f\u00e4rger.<\/li>\r\n<\/ul>\r\n<p><img loading=\"lazy\" decoding=\"async\" title=\"CMYK-utskrift\" src=\"https:\/\/www.hicreategames.com\/wp-content\/uploads\/2022\/04\/CMYK-Printing.png\" alt=\"CMYK-utskrift\" width=\"665\" height=\"375\" \/><\/p>\r\n<h4>Ytbehandling<\/h4>\r\n<p>Denna process kommer att f\u00f6rb\u00e4ttra dina konstverks utseende och slitstyrka.<\/p>\r\n<p><img loading=\"lazy\" decoding=\"async\" title=\"Matt lack\" src=\"https:\/\/www.hicreategames.com\/wp-content\/uploads\/2022\/04\/Matt-Varnish.jpg\" alt=\"Matt lack\" width=\"250\" height=\"250\" \/><\/p>\r\n<h5>Matt lack<\/h5>\r\n<p>Den ger en blank finish som kan hj\u00e4lpa till att minska bl\u00e4ndning och reflexer, vilket g\u00f6r det l\u00e4ttare att l\u00e4sa texten p\u00e5 korten.<\/p>\r\n<p><img loading=\"lazy\" decoding=\"async\" title=\"Glanslack\" src=\"https:\/\/www.hicreategames.com\/wp-content\/uploads\/2022\/04\/Gloss-Varnish.jpg\" alt=\"Glanslack\" width=\"250\" height=\"250\" \/><\/p>\r\n<h5>Glanslack<\/h5>\r\n<p>Det ger en blank och sl\u00e4t yta som f\u00f6rb\u00e4ttrar utseendet och f\u00f6rhindrar att tryckta m\u00f6nster bleknar.<\/p>\r\n<p><img loading=\"lazy\" decoding=\"async\" title=\"Laser f\u00e4rg foliest\u00e4mpel\" src=\"https:\/\/www.hicreategames.com\/wp-content\/uploads\/2022\/04\/Laser-Color-Foil-Stamp.jpg\" alt=\"Laser f\u00e4rg foliest\u00e4mpel\" width=\"250\" height=\"250\" \/><\/p>\r\n<h5>Laser f\u00e4rg foliest\u00e4mpel<\/h5>\r\n<p>Att kombinera laserst\u00e4mpling och f\u00e4rgfoliest\u00e4mpling m\u00f6jligg\u00f6r en i\u00f6gonfallande design som kan ge merv\u00e4rde till spelkort.<\/p>\r\n<p><img loading=\"lazy\" decoding=\"async\" title=\"Laser Gold Sliver Folie St\u00e4mpel\" src=\"https:\/\/www.hicreategames.com\/wp-content\/uploads\/2022\/04\/Laser-Gold-Sliver-Foil-Stamp.jpg\" alt=\"Laser Gold Sliver Folie St\u00e4mpel\" width=\"250\" height=\"250\" \/><\/p>\r\n<h5>Laser Guld Silver Folie St\u00e4mpel<\/h5>\r\n<p>Anv\u00e4nd v\u00e4rme och tryck f\u00f6r att \u00f6verf\u00f6ra ett tunt guld-silverfolielager p\u00e5 ytan, vilket skapar en gl\u00e4nsande, metallisk effekt.<\/p>\r\n<p><img loading=\"lazy\" decoding=\"async\" title=\"Matt laminering\" src=\"https:\/\/www.hicreategames.com\/wp-content\/uploads\/2022\/04\/Matt-Lamination.jpg\" alt=\"Matt laminering\" width=\"250\" height=\"250\" \/><\/p>\r\n<h5>Matt laminering<\/h5>\r\n<p>Applicera ett tunt matt filmskikt p\u00e5 ytan och ger en mjukare naturlig look som f\u00f6rhindrar bl\u00e4ndning mot starkt ljus.<\/p>\r\n<p><img loading=\"lazy\" decoding=\"async\" title=\"Glans laminering\" src=\"https:\/\/www.hicreategames.com\/wp-content\/uploads\/2022\/04\/Gloss-Lamination.jpg\" alt=\"Glans laminering\" width=\"250\" height=\"250\" \/><\/p>\r\n<h5>Glans laminering<\/h5>\r\n<p>Applicera ett tunt lager av genomskinlig plast eller hartsfilm p\u00e5 ytan av spelkort f\u00f6r att ge ett blankare utseende.<\/p>\r\n<p><img loading=\"lazy\" decoding=\"async\" title=\"Linne Finish\" src=\"https:\/\/www.hicreategames.com\/wp-content\/uploads\/2022\/04\/Linen-Finish.jpg\" alt=\"Linne Finish\" width=\"250\" height=\"250\" \/><\/p>\r\n<h5>Linne Finish<\/h5>\r\n<p>Det uppn\u00e5s genom att pr\u00e4gla kartongen med ett fint linnem\u00f6nster, vilket ger b\u00e5de visuellt intresse och taktil feedback.<\/p>\r\n<p><img loading=\"lazy\" decoding=\"async\" title=\"Spot UV-bel\u00e4ggning\" src=\"https:\/\/www.hicreategames.com\/wp-content\/uploads\/2022\/04\/Spot-UV-Coating.jpg\" alt=\"Spot UV-bel\u00e4ggning\" width=\"250\" height=\"250\" \/><\/p>\r\n<h5>Spot UV-bel\u00e4ggning<\/h5>\r\n<p>Det \u00e4r en lyxig utskriftsteknik, den kan framh\u00e4va de specifika delarna av dina spelkort och erbjuder den b\u00e4sta kontrasten.<\/p>\r\n<h3>Hur tillverkar vi dina kortspel?<\/h3>\r\n<p><img loading=\"lazy\" decoding=\"async\" title=\"br\u00e4dspelsdesign\" src=\"https:\/\/www.hicreategames.com\/wp-content\/uploads\/2022\/04\/board-game-design.jpg\" alt=\"br\u00e4dspelsdesign\" width=\"640\" height=\"427\" \/><\/p>\r\n<h5>1. Designverifiering<\/h5>\r\n<p>N\u00e4r vi har f\u00e5tt dina kortspelsid\u00e9er eller filer diskuterar vi att ge dig den mest kostnadseffektiva l\u00f6sningen.<\/p>\r\n<p><img loading=\"lazy\" decoding=\"async\" title=\"Kortspelsprototyp\" src=\"https:\/\/www.hicreategames.com\/wp-content\/uploads\/2022\/04\/Card-Game-Prototype.jpg\" alt=\"Kortspelsprototyp\" width=\"640\" height=\"427\" \/><\/p>\r\n<h5>2. G\u00f6r en prototyp<\/h5>\r\n<p>Efter att ha bekr\u00e4ftat utskriftsstorlek, form och pappersalternativ kommer vi att g\u00f6ra en kortspelsprototyp f\u00f6r provkontroll.<\/p>\r\n<p><img loading=\"lazy\" decoding=\"async\" title=\"Kortspelsproduktion\" src=\"https:\/\/www.hicreategames.com\/wp-content\/uploads\/2022\/04\/Card-Game-Production.jpg\" alt=\"Kortspelsproduktion\" width=\"640\" height=\"426\" \/><\/p>\r\n<h5>3. Massproduktion<\/h5>\r\n<p>Om ditt kortspelsprov hade godk\u00e4nts kommer vi att ordna massproduktionen.<\/p>\r\n<h3>V\u00e5ra senaste kortspelsprojekt<\/h3>\r\n<div style=\"width: 640px;\" class=\"wp-video\"><video class=\"wp-video-shortcode\" id=\"video-4137-1\" width=\"640\" height=\"360\" preload=\"metadata\" controls=\"controls\"><source type=\"video\/mp4\" src=\"https:\/\/www.hicreategames.com\/wp-content\/uploads\/2022\/04\/Penguin-Brawl-Action-Card-Game.mp4?_=1\" \/><source type=\"video\/mp4\" src=\"https:\/\/www.hicreategames.com\/wp-content\/uploads\/2022\/04\/Penguin-Brawl-Action-Card-Game.mp4?_=1\" \/><a href=\"https:\/\/www.hicreategames.com\/wp-content\/uploads\/2022\/04\/Penguin-Brawl-Action-Card-Game.mp4\">https:\/\/www.hicreategames.com\/wp-content\/uploads\/2022\/04\/Penguin-Brawl-Action-Card-Game.mp4<\/a><\/video><\/div>\r\n<div style=\"width: 640px;\" class=\"wp-video\"><video class=\"wp-video-shortcode\" id=\"video-4137-2\" width=\"640\" height=\"360\" preload=\"metadata\" controls=\"controls\"><source type=\"video\/mp4\" src=\"https:\/\/www.hicreategames.com\/wp-content\/uploads\/2022\/04\/custom-card-game.mp4?_=2\" \/><source type=\"video\/mp4\" src=\"https:\/\/www.hicreategames.com\/wp-content\/uploads\/2022\/04\/custom-card-game.mp4?_=2\" \/><a href=\"https:\/\/www.hicreategames.com\/wp-content\/uploads\/2022\/04\/custom-card-game.mp4\">https:\/\/www.hicreategames.com\/wp-content\/uploads\/2022\/04\/custom-card-game.mp4<\/a><\/video><\/div>\r\n<p><img loading=\"lazy\" decoding=\"async\" title=\"anpassade kortspel\" src=\"https:\/\/www.hicreategames.com\/wp-content\/uploads\/2022\/04\/custom-game-cards.png\" alt=\"anpassade kortspel\" width=\"500\" height=\"500\" \/><\/p>\r\n<h3>Kontakta oss nu<\/h3>\r\n\n<div class=\"wpcf7 no-js\" id=\"wpcf7-f3885-o2\" lang=\"sv-SE\" dir=\"ltr\" data-wpcf7-id=\"3885\">\n<div class=\"screen-reader-response\"><p role=\"status\" aria-live=\"polite\" aria-atomic=\"true\"><\/p> <ul><\/ul><\/div>\n<form action=\"\/sv\/wp-json\/wp\/v2\/pages\/4137#wpcf7-f3885-o2\" method=\"post\" class=\"wpcf7-form init\" aria-label=\"Kontaktformul\u00e4r\" enctype=\"multipart\/form-data\" novalidate=\"novalidate\" data-status=\"init\">\n<fieldset class=\"hidden-fields-container\"><input type=\"hidden\" name=\"_wpcf7\" value=\"3885\" \/><input type=\"hidden\" name=\"_wpcf7_version\" value=\"6.1.5\" \/><input type=\"hidden\" name=\"_wpcf7_locale\" value=\"sv_SE\" \/><input type=\"hidden\" name=\"_wpcf7_unit_tag\" value=\"wpcf7-f3885-o2\" \/><input type=\"hidden\" name=\"_wpcf7_container_post\" value=\"0\" \/><input type=\"hidden\" name=\"_wpcf7_posted_data_hash\" value=\"\" \/><input type=\"hidden\" name=\"_wpcf7_recaptcha_response\" value=\"\" \/>\n<\/fieldset>\n<p><label> Ditt namn<br \/>\n<span class=\"wpcf7-form-control-wrap\" data-name=\"your-name\"><input size=\"40\" maxlength=\"400\" class=\"wpcf7-form-control wpcf7-text wpcf7-validates-as-required\" aria-required=\"true\" aria-invalid=\"false\" value=\"\" type=\"text\" name=\"your-name\" \/><\/span> <\/label>\n<\/p>\n<p><label> Din email<br \/>\n<span class=\"wpcf7-form-control-wrap\" data-name=\"your-email\"><input size=\"40\" maxlength=\"400\" class=\"wpcf7-form-control wpcf7-email wpcf7-validates-as-required wpcf7-text wpcf7-validates-as-email\" aria-required=\"true\" aria-invalid=\"false\" value=\"\" type=\"email\" name=\"your-email\" \/><\/span> <\/label>\n<\/p>\n<p><label> Minsta orderkvantitet<br \/>\n<span class=\"wpcf7-form-control-wrap\" data-name=\"menu-734\"><select class=\"wpcf7-form-control wpcf7-select wpcf7-validates-as-required\" aria-required=\"true\" aria-invalid=\"false\" name=\"menu-734\"><option value=\"\">\u2013 V\u00e4lj ett alternativ \u2013<\/option><option value=\"300\">300<\/option><option value=\"500\">500<\/option><option value=\"1000\">1000<\/option><\/select><\/span> <\/label>\n<\/p>\n<p><label> Ditt meddelande<br \/>\n<span class=\"wpcf7-form-control-wrap\" data-name=\"your-message\"><textarea cols=\"40\" rows=\"10\" maxlength=\"2000\" class=\"wpcf7-form-control wpcf7-textarea wpcf7-validates-as-required\" aria-required=\"true\" aria-invalid=\"false\" name=\"your-message\"><\/textarea><\/span> <\/label>\n<\/p>\n<p><label> Din fil (valfritt)<br \/>\n<span class=\"wpcf7-form-control-wrap\" data-name=\"file-978\"><input size=\"40\" class=\"wpcf7-form-control wpcf7-file\" accept=\"audio\/*,video\/*,image\/*\" aria-invalid=\"false\" type=\"file\" name=\"file-978\" \/><\/span> <\/label>\n<\/p>\n<p><span class=\"wpcf7-form-control-wrap\" data-name=\"quiz-747\"><label><span class=\"wpcf7-quiz-label\">2+6=?<\/span> <input size=\"40\" class=\"wpcf7-form-control wpcf7-quiz\" autocomplete=\"off\" aria-required=\"true\" aria-invalid=\"false\" type=\"text\" name=\"quiz-747\" \/><\/label><input type=\"hidden\" name=\"_wpcf7_quiz_answer_quiz-747\" value=\"34fe0dce70d770da3a4b02c0e1fa88fe\" \/><\/span>\n<\/p>\n<p><input class=\"wpcf7-form-control wpcf7-submit has-spinner\" type=\"submit\" value=\"Skicka in\" \/>\n<\/p><div class=\"wpcf7-response-output\" aria-hidden=\"true\"><\/div>\n<\/form>\n<\/div>\n\r\n","protected":false},"excerpt":{"rendered":"<p>Tillverkare av Kortspel: Design &amp; Tryckning Fr\u00e5n koncept till prototypframst\u00e4llning och massproduktion &#8211; vi hj\u00e4lper spelutvecklare, Kickstarter-skapare och f\u00f6rlag att tillverka h\u00f6gkvalitativa kortspel med fullst\u00e4ndiga anpassningsm\u00f6jligheter. Kontakta oss och ladda upp dina id\u00e9er Vad kan vi anpassa f\u00f6r ditt kortspel? Kortspelsregler F\u00f6r dem som inte har n\u00e5gon aning om hur [&hellip;]<\/p>\n","protected":false},"author":1,"featured_media":0,"parent":0,"menu_order":0,"comment_status":"closed","ping_status":"closed","template":"","meta":{"site-sidebar-layout":"no-sidebar","site-content-layout":"page-builder","ast-site-content-layout":"default","site-content-style":"default","site-sidebar-style":"default","ast-global-header-display":"","ast-banner-title-visibility":"","ast-main-header-display":"","ast-hfb-above-header-display":"","ast-hfb-below-header-display":"","ast-hfb-mobile-header-display":"","site-post-title":"disabled","ast-breadcrumbs-content":"","ast-featured-img":"disabled","footer-sml-layout":"","ast-disable-related-posts":"","theme-transparent-header-meta":"default","adv-header-id-meta":"","stick-header-meta":"default","header-above-stick-meta":"","header-main-stick-meta":"","header-below-stick-meta":"","astra-migrate-meta-layouts":"set","ast-page-background-enabled":"default","ast-page-background-meta":{"desktop":{"background-color":"","background-image":"","background-repeat":"repeat","background-position":"center center","background-size":"auto","background-attachment":"scroll","background-type":"","background-media":"","overlay-type":"","overlay-color":"","overlay-opacity":"","overlay-gradient":""},"tablet":{"background-color":"","background-image":"","background-repeat":"repeat","background-position":"center center","background-size":"auto","background-attachment":"scroll","background-type":"","background-media":"","overlay-type":"","overlay-color":"","overlay-opacity":"","overlay-gradient":""},"mobile":{"background-color":"","background-image":"","background-repeat":"repeat","background-position":"center center","background-size":"auto","background-attachment":"scroll","background-type":"","background-media":"","overlay-type":"","overlay-color":"","overlay-opacity":"","overlay-gradient":""}},"ast-content-background-meta":{"desktop":{"background-color":"var(--ast-global-color-5)","background-image":"","background-repeat":"repeat","background-position":"center center","background-size":"auto","background-attachment":"scroll","background-type":"","background-media":"","overlay-type":"","overlay-color":"","overlay-opacity":"","overlay-gradient":""},"tablet":{"background-color":"var(--ast-global-color-5)","background-image":"","background-repeat":"repeat","background-position":"center center","background-size":"auto","background-attachment":"scroll","background-type":"","background-media":"","overlay-type":"","overlay-color":"","overlay-opacity":"","overlay-gradient":""},"mobile":{"background-color":"var(--ast-global-color-5)","background-image":"","background-repeat":"repeat","background-position":"center center","background-size":"auto","background-attachment":"scroll","background-type":"","background-media":"","overlay-type":"","overlay-color":"","overlay-opacity":"","overlay-gradient":""}},"footnotes":""},"class_list":["post-4137","page","type-page","status-publish","hentry"],"_links":{"self":[{"href":"https:\/\/www.hicreategames.com\/sv\/wp-json\/wp\/v2\/pages\/4137","targetHints":{"allow":["GET"]}}],"collection":[{"href":"https:\/\/www.hicreategames.com\/sv\/wp-json\/wp\/v2\/pages"}],"about":[{"href":"https:\/\/www.hicreategames.com\/sv\/wp-json\/wp\/v2\/types\/page"}],"author":[{"embeddable":true,"href":"https:\/\/www.hicreategames.com\/sv\/wp-json\/wp\/v2\/users\/1"}],"replies":[{"embeddable":true,"href":"https:\/\/www.hicreategames.com\/sv\/wp-json\/wp\/v2\/comments?post=4137"}],"version-history":[{"count":5,"href":"https:\/\/www.hicreategames.com\/sv\/wp-json\/wp\/v2\/pages\/4137\/revisions"}],"predecessor-version":[{"id":26706,"href":"https:\/\/www.hicreategames.com\/sv\/wp-json\/wp\/v2\/pages\/4137\/revisions\/26706"}],"wp:attachment":[{"href":"https:\/\/www.hicreategames.com\/sv\/wp-json\/wp\/v2\/media?parent=4137"}],"curies":[{"name":"wp","href":"https:\/\/api.w.org\/{rel}","templated":true}]}}