{"id":4139,"date":"2022-04-04T09:13:54","date_gmt":"2022-04-04T09:13:54","guid":{"rendered":"https:\/\/www.hicreategames.com\/anpassad-spelplan\/"},"modified":"2025-08-27T07:13:22","modified_gmt":"2025-08-27T07:13:22","slug":"anpassad-spelplan","status":"publish","type":"page","link":"https:\/\/www.hicreategames.com\/sv\/anpassad-spelplan\/","title":{"rendered":"Anpassad spelplan"},"content":{"rendered":"\n\n\t<h3>\n\t\t\t\tAnpassade Spelbr\u00e4dor\n\t\t\t<\/h3>\n\t<p>Fr\u00e5n enkla hopf\u00e4llbara br\u00e4dor till avancerade modul\u00e4ra konstruktioner &#8211; vi \u00e4r specialiserade p\u00e5 att tillverka h\u00f6gkvalitativa, helt anpassningsbara spelbr\u00e4dor som skr\u00e4ddarsys efter dina \u00f6nskem\u00e5l.<\/p>\n\t\t\t<a href=\"#\" role=\"button\">\n\t\t\t\t\t\t\tF\u00e5 en Offert\n\t\t\t\t\t<\/a>\n\t\t\t\n<div class=\"wpcf7 no-js\" id=\"wpcf7-f3885-o1\" lang=\"sv-SE\" dir=\"ltr\" data-wpcf7-id=\"3885\">\n<div class=\"screen-reader-response\"><p role=\"status\" aria-live=\"polite\" aria-atomic=\"true\"><\/p> <ul><\/ul><\/div>\n<form action=\"\/sv\/wp-json\/wp\/v2\/pages\/4139#wpcf7-f3885-o1\" method=\"post\" class=\"wpcf7-form init\" aria-label=\"Kontaktformul\u00e4r\" enctype=\"multipart\/form-data\" novalidate=\"novalidate\" data-status=\"init\">\n<fieldset class=\"hidden-fields-container\"><input type=\"hidden\" name=\"_wpcf7\" value=\"3885\" \/><input type=\"hidden\" name=\"_wpcf7_version\" value=\"6.1.5\" \/><input type=\"hidden\" name=\"_wpcf7_locale\" value=\"sv_SE\" \/><input type=\"hidden\" name=\"_wpcf7_unit_tag\" value=\"wpcf7-f3885-o1\" \/><input type=\"hidden\" name=\"_wpcf7_container_post\" value=\"0\" \/><input type=\"hidden\" name=\"_wpcf7_posted_data_hash\" value=\"\" \/><input type=\"hidden\" name=\"_wpcf7_recaptcha_response\" value=\"\" \/>\n<\/fieldset>\n<p><label> Ditt namn<br \/>\n<span class=\"wpcf7-form-control-wrap\" data-name=\"your-name\"><input size=\"40\" maxlength=\"400\" class=\"wpcf7-form-control wpcf7-text wpcf7-validates-as-required\" aria-required=\"true\" aria-invalid=\"false\" value=\"\" type=\"text\" name=\"your-name\" \/><\/span> <\/label>\n<\/p>\n<p><label> Din email<br \/>\n<span class=\"wpcf7-form-control-wrap\" data-name=\"your-email\"><input size=\"40\" maxlength=\"400\" class=\"wpcf7-form-control wpcf7-email wpcf7-validates-as-required wpcf7-text wpcf7-validates-as-email\" aria-required=\"true\" aria-invalid=\"false\" value=\"\" type=\"email\" name=\"your-email\" \/><\/span> <\/label>\n<\/p>\n<p><label> Minsta orderkvantitet<br \/>\n<span class=\"wpcf7-form-control-wrap\" data-name=\"menu-734\"><select class=\"wpcf7-form-control wpcf7-select wpcf7-validates-as-required\" aria-required=\"true\" aria-invalid=\"false\" name=\"menu-734\"><option value=\"\">\u2013 V\u00e4lj ett alternativ \u2013<\/option><option value=\"300\">300<\/option><option value=\"500\">500<\/option><option value=\"1000\">1000<\/option><\/select><\/span> <\/label>\n<\/p>\n<p><label> Ditt meddelande<br \/>\n<span class=\"wpcf7-form-control-wrap\" data-name=\"your-message\"><textarea cols=\"40\" rows=\"10\" maxlength=\"2000\" class=\"wpcf7-form-control wpcf7-textarea wpcf7-validates-as-required\" aria-required=\"true\" aria-invalid=\"false\" name=\"your-message\"><\/textarea><\/span> <\/label>\n<\/p>\n<p><label> Din fil (valfritt)<br \/>\n<span class=\"wpcf7-form-control-wrap\" data-name=\"file-978\"><input size=\"40\" class=\"wpcf7-form-control wpcf7-file\" accept=\"audio\/*,video\/*,image\/*\" aria-invalid=\"false\" type=\"file\" name=\"file-978\" \/><\/span> <\/label>\n<\/p>\n<p><span class=\"wpcf7-form-control-wrap\" data-name=\"quiz-747\"><label><span class=\"wpcf7-quiz-label\">2+6=?<\/span> <input size=\"40\" class=\"wpcf7-form-control wpcf7-quiz\" autocomplete=\"off\" aria-required=\"true\" aria-invalid=\"false\" type=\"text\" name=\"quiz-747\" \/><\/label><input type=\"hidden\" name=\"_wpcf7_quiz_answer_quiz-747\" value=\"34fe0dce70d770da3a4b02c0e1fa88fe\" \/><\/span>\n<\/p>\n<p><input class=\"wpcf7-form-control wpcf7-submit has-spinner\" type=\"submit\" value=\"Skicka in\" \/>\n<\/p><div class=\"wpcf7-response-output\" aria-hidden=\"true\"><\/div>\n<\/form>\n<\/div>\n\t\t\n\t<h3>\n\t\t\t\tVad kan vi anpassa f\u00f6r spelplanen?\n\t\t\t<\/h3>\n\t\t\t\t<img decoding=\"async\" src=\"https:\/\/www.hicreategames.com\/wp-content\/uploads\/2023\/07\/Yamaha-automatisk-spelbradeformningsmaskin.jpg\" alt=\"Yamaha automatisk spelbr\u00e4deformningsmaskin\" itemprop=\"image\" height=\"959\" width=\"640\" title=\"Yamaha automatisk spelbr\u00e4deformningsmaskin\" onerror=\"this.style.display='none'\" loading=\"lazy\" \/>\n\t<p><em>Yamaha automatisk spelbr\u00e4deformningsmaskin<\/em><\/p>\n\t<ul>\n<li>Acceptera anpassad storlek<\/li>\n<li>Max storlek \u00e4r 100*80 cm.<\/li>\n<\/ul>\n\t<ul>\n<li>157 gsm <span id=\"su_tooltip_69d528f82957d_button\" class=\"su-tooltip-button su-tooltip-button-outline-yes\" aria-describedby=\"su_tooltip_69d528f82957d\" data-settings='{\"position\":\"top\",\"behavior\":\"hover\",\"hideDelay\":0}' tabindex=\"0\"><u>C2S<\/u><\/span><span style=\"display:none;z-index:100\" id=\"su_tooltip_69d528f82957d\" class=\"su-tooltip\" role=\"tooltip\"><span class=\"su-tooltip-inner su-tooltip-shadow-yes\" style=\"z-index:100;background:#ffffff;color:#00000;font-size:14px;border-radius:5px;text-align:left;max-width:300px;line-height:1.25\"><span class=\"su-tooltip-title\"><\/span><span class=\"su-tooltip-content su-u-trim\">belagd p\u00e5 tv\u00e5 sidor<\/span><\/span><span id=\"su_tooltip_69d528f82957d_arrow\" class=\"su-tooltip-arrow\" style=\"z-index:100;background:#ffffff\" data-popper-arrow><\/span><\/span> + gr\u00e5 kartong + svart omslagspapper<\/li>\n<\/ul>\n\t<ul>\n<li>1,2 mm\/1,5 mm\/1,8 mm\/2,0 mm<\/li>\n<\/ul>\n\t<ul>\n<li>3~5 mm<\/li>\n<\/ul>\n\t<ul>\n<li>Tv\u00e5faldigt, trefaldigt, fyrfaldigt, sexfaldigt, dragspelsvikning, rullning och pusselvikning.<\/li>\n<\/ul>\n\t<ul>\n<li>Blank\/Matt lack<\/li>\n<li>Blank\/Matt laminering<\/li>\n<\/ul>\n\t<ul>\n<li>PDF, PSD, AI eller CRD<\/li>\n<\/ul>\n\t<ul>\n<li>Minst 300 ppi eller h\u00f6gre<\/li>\n<\/ul>\n\t<ul>\n<li>CMYK (cyan, magenta, gult och svart)<\/li>\n<li>Svart beh\u00f6ver rent svart (C:0 %,M:0% ,Y:0 %,K:100% )<\/li>\n<\/ul>\n\t<ul>\n<li>4C\/4C (4 f\u00e4rg 2 sidor utskrift)<\/li>\n<li>4C\/0C (4 f\u00e4rg 1 sida utskrift)<\/li>\n<\/ul>\n\t<h3>\n\t\t\t\tFaktorer som p\u00e5verkar kostnaden f\u00f6r spelbr\u00e4dor\n\t\t\t<\/h3>\n\t\t\t<p>Kostnaden f\u00f6r spelbr\u00e4dor kan variera kraftigt beroende p\u00e5 m\u00e5nga faktorer, s\u00e5som storlek, material, tjocklek, vikningsalternativ, ytbehandling, designkomplexitet och andra anpassade tj\u00e4nster.<\/p>\t\n\t<p>Generellt sett kr\u00e4ver st\u00f6rre spelbr\u00e4dor mer material och tillverkningstid. Dessutom kr\u00e4ver de st\u00f6rre f\u00f6rpackningsmaterial och fraktkostnader. <\/p>\n\t<p>Kartong \u00e4r billigare \u00e4n andra material, s\u00e5som plast, tr\u00e4 och metall. Ut\u00f6ver detta kan olika typer av kartongmaterial ocks\u00e5 p\u00e5verka kostnaden. <\/p>\n\t<p>Tjockare spelbr\u00e4dor kr\u00e4ver i allm\u00e4nhet mer material och mer komplexa maskiner och produktionsprocesser, vilket \u00f6kar produktionskostnaderna.<\/p>\n\t<p>Spelbr\u00e4dor som kr\u00e4ver fler vikningsalternativ tenderar att vara mer komplexa, eftersom de beh\u00f6ver specialiserade maskiner och skickliga arbetare f\u00f6r att s\u00e4kerst\u00e4lla korrekt vikningsprocess.<\/p>\n\t<p>Mer komplexa ytbehandlingar som pr\u00e4gling, foliering eller punktbel\u00e4ggning med UV-lack kr\u00e4ver specialutrustning och arbetskraft, vilket \u00f6kar produktionskostnaden.<\/p>\n\t<p>Ju mer komplex designen av spelbr\u00e4dor \u00e4r, desto mer tid, anstr\u00e4ngning och resurser kr\u00e4vs f\u00f6r att skapa dem, vilket i sin tur kan leda till h\u00f6gre kostnader.<\/p>\n\t<h3>\n\t\t\t\tHur v\u00e4ljer man r\u00e4tt tjocklek?\n\t\t\t<\/h3>\n\t\t<meta itemprop=\"url\" content=\"https:\/\/www.hicreategames.com\/wp-content\/uploads\/2022\/04\/custom-game-board.mp4\" \/><div style=\"width: 640px;\" class=\"wp-video\"><video class=\"wp-video-shortcode\" id=\"video-4139-1\" width=\"640\" height=\"360\" poster=\"https:\/\/www.hicreategames.com\/wp-content\/uploads\/2025\/08\/Spelbradans-tjocklek.jpg\" preload=\"none\" controls=\"controls\"><source type=\"video\/mp4\" src=\"https:\/\/www.hicreategames.com\/wp-content\/uploads\/2022\/04\/custom-game-board.mp4?_=1\" \/><source type=\"video\/mp4\" src=\"https:\/\/www.hicreategames.com\/wp-content\/uploads\/2022\/04\/custom-game-board.mp4?_=1\" \/><a href=\"https:\/\/www.hicreategames.com\/wp-content\/uploads\/2022\/04\/custom-game-board.mp4\">https:\/\/www.hicreategames.com\/wp-content\/uploads\/2022\/04\/custom-game-board.mp4<\/a><\/video><\/div>\t\n\t<p>Vi st\u00e4ller in storleken p\u00e5 l\u00e5dan efter storleken p\u00e5 spelplanen och dess vikningsm\u00f6jligheter.<\/p>\n<p>Vanligtvis st\u00e4ller vi in br\u00e4dstorleken 50&#215;50 cm som det kritiska v\u00e4rdet.<\/p>\n<ul>\n<li>Om spelbr\u00e4dans l\u00e4ngd eller bredd \u00e4r &lt;50 cm kan du v\u00e4lja v\u00e5r 1,5 mm gr\u00e5a br\u00e4da.<\/li>\n<li>Om spelbr\u00e4dets l\u00e4ngd eller bredd \u00e4r &gt;50 cm kan du v\u00e4lja v\u00e5rt \u22651,8 mm gr\u00e5a br\u00e4de.<\/li>\n<\/ul>\n<p>Om du har en stor spelplan och anv\u00e4nder en tunn gr\u00e5 br\u00e4da kommer br\u00e4dan l\u00e4tt att deformeras.<\/p>\n\t<h3>\n\t\t\t\tVikningsalternativ\n\t\t\t<\/h3>\n\t\t\t\t<img decoding=\"async\" src=\"https:\/\/www.hicreategames.com\/wp-content\/uploads\/2025\/08\/Tvafaldigt-spelbrador.png\" alt=\"Tv\u00e5faldigt spelbr\u00e4dor\" itemprop=\"image\" height=\"310\" width=\"355\" title=\"Tv\u00e5faldigt spelbr\u00e4dor\" onerror=\"this.style.display='none'\" loading=\"lazy\" \/>\n\t<h5>\n\t\t\t\tTv\u00e5faldigt\n\t\t\t<\/h5>\n\t\t\t<p>Detta \u00e4r det vanligaste s\u00e4ttet att vika spelbr\u00e4dor. De anv\u00e4nds vanligtvis f\u00f6r br\u00e4dspel som har st\u00f6rre spelytor eller som har flera komponenter. <\/p>\t\n\t\t\t\t<img decoding=\"async\" src=\"https:\/\/www.hicreategames.com\/wp-content\/uploads\/2025\/08\/Trefaldigt-spelbrador.png\" alt=\"Trefaldigt spelbr\u00e4dor\" itemprop=\"image\" height=\"310\" width=\"355\" title=\"Trefaldigt spelbr\u00e4dor\" onerror=\"this.style.display='none'\" loading=\"lazy\" \/>\n\t<h5>\n\t\t\t\tTrefaldigt\n\t\t\t<\/h5>\n\t\t\t<p>Det trefaldiga spelbr\u00e4det \u00e4r ett popul\u00e4rt val, eftersom det erbjuder en stor spelyta med b\u00e4rbarhet och f\u00f6rvaringsprestanda. Det \u00e4r ocks\u00e5 en mer kostnadseffektiv l\u00f6sning \u00e4n ett enda stort br\u00e4de. <\/p>\t\n\t\t\t\t<img decoding=\"async\" src=\"https:\/\/www.hicreategames.com\/wp-content\/uploads\/2025\/08\/Fyrfaldigt-spelbrador.png\" alt=\"Fyrfaldigt spelbr\u00e4dor\" itemprop=\"image\" height=\"310\" width=\"355\" title=\"Fyrfaldigt spelbr\u00e4dor\" onerror=\"this.style.display='none'\" loading=\"lazy\" \/>\n\t<h5>\n\t\t\t\tFyrfaldigt\n\t\t\t<\/h5>\n\t\t\t<p>N\u00e4r det \u00e4r utf\u00e4llt ligger det fyrfaldiga spelbr\u00e4det plant och ger en stor spelyta. N\u00e4r du packar ihop spelet kan br\u00e4det vikas i fyra delar, vilket g\u00f6r det enkelt att f\u00f6rvara. <\/p> \t\n\t\t\t\t<img decoding=\"async\" src=\"https:\/\/www.hicreategames.com\/wp-content\/uploads\/2025\/08\/Sexfaldigt-spelbrador.png\" alt=\"Sexfaldigt spelbr\u00e4dor\" itemprop=\"image\" height=\"310\" width=\"355\" title=\"Sexfaldigt spelbr\u00e4dor\" onerror=\"this.style.display='none'\" loading=\"lazy\" \/>\n\t<h5>\n\t\t\t\tSexfaldigt\n\t\t\t<\/h5>\n\t\t\t<p>Det \u00e4r en typ av spelbr\u00e4de som kan vikas i sex delar. Det \u00e4r vanligtvis tillverkat av robust material som kartong eller plast och \u00e4r utformat f\u00f6r att anv\u00e4ndas till en m\u00e4ngd olika spel. <\/p> \t\n\t<h3>\n\t\t\t\tYtbehandling av spelbr\u00e4dor\n\t\t\t<\/h3>\n\t\t\t<p>Det beror p\u00e5 tryckeffekten, den skyddsniv\u00e5 du \u00f6nskar och din budget.<\/p>\t\n\t<strong>Ytbehandling med lack<br \/>\n<\/strong>Lackering \u00e4r en process d\u00e4r ett transparent lager silikon appliceras p\u00e5 br\u00e4dans yta f\u00f6r att skydda den och ge den en glansig yta.\n<div class=\"i2-pros-cons-icons i2-pros-cons-main-wrapper theme-i2pc-theme-1000 no-title no-button no-space-between-column no-outer-border no-round-corner no-heading-icon\"><div class=\"i2-pros-cons-wrapper\"><div class=\"i2-pros\"><strong class=\"i2-pros-title\">F\u00f6rdel<\/strong><div class=\"section\"><ul class='has-icon'><li><i class='icon icon-thumbs-up'><\/i>Billigare<\/li><li><i class='icon icon-thumbs-up'><\/i>Milj\u00f6v\u00e4nligt<\/li><\/ul><\/div><\/div><div class=\"i2-cons\"><strong class=\"i2-cons-title\">Brist<\/strong><div class=\"section\"><ul class='has-icon'><li><i class='icon icon-thumbs-down'><\/i>Mindre skydd<\/li><\/ul><\/div><\/div><\/div><\/div>\n\t<strong>Ytbehandling med laminering<\/strong><br \/>\nLaminering \u00e4r en process d\u00e4r en plastfilm appliceras p\u00e5 br\u00e4dans yta f\u00f6r att skydda den mot slitage.\n<div class=\"i2-pros-cons-icons i2-pros-cons-main-wrapper theme-i2pc-theme-1000 no-title no-button no-space-between-column no-outer-border no-round-corner no-heading-icon\"><div class=\"i2-pros-cons-wrapper\"><div class=\"i2-pros\"><strong class=\"i2-pros-title\">F\u00f6rdel<\/strong><div class=\"section\"><ul class='has-icon'><li><i class='icon icon-thumbs-up'><\/i>Mer skydd<\/li><\/ul><\/div><\/div><div class=\"i2-cons\"><strong class=\"i2-cons-title\">Brist<\/strong><div class=\"section\"><ul class='has-icon'><li><i class='icon icon-thumbs-down'><\/i>Mindre milj\u00f6v\u00e4nlig<\/li><li><i class='icon icon-thumbs-down'><\/i>Dyrt<\/li><\/ul><\/div><\/div><\/div><\/div>\n\t\t\t\t<img decoding=\"async\" src=\"https:\/\/www.hicreategames.com\/wp-content\/uploads\/2025\/08\/Spelbrador.jpg\" alt=\"Spelbr\u00e4dor\" itemprop=\"image\" height=\"800\" width=\"800\" title=\"Spelbr\u00e4dor\" onerror=\"this.style.display='none'\" loading=\"lazy\" \/>\n\t<h3>\n\t\t\t\tKomma i kontakt\n\t\t\t<\/h3>\n\t\n<div class=\"wpcf7 no-js\" id=\"wpcf7-f3885-o2\" lang=\"sv-SE\" dir=\"ltr\" data-wpcf7-id=\"3885\">\n<div class=\"screen-reader-response\"><p role=\"status\" aria-live=\"polite\" aria-atomic=\"true\"><\/p> <ul><\/ul><\/div>\n<form action=\"\/sv\/wp-json\/wp\/v2\/pages\/4139#wpcf7-f3885-o2\" method=\"post\" class=\"wpcf7-form init\" aria-label=\"Kontaktformul\u00e4r\" enctype=\"multipart\/form-data\" novalidate=\"novalidate\" data-status=\"init\">\n<fieldset class=\"hidden-fields-container\"><input type=\"hidden\" name=\"_wpcf7\" value=\"3885\" \/><input type=\"hidden\" name=\"_wpcf7_version\" value=\"6.1.5\" \/><input type=\"hidden\" name=\"_wpcf7_locale\" value=\"sv_SE\" \/><input type=\"hidden\" name=\"_wpcf7_unit_tag\" value=\"wpcf7-f3885-o2\" \/><input type=\"hidden\" name=\"_wpcf7_container_post\" value=\"0\" \/><input type=\"hidden\" name=\"_wpcf7_posted_data_hash\" value=\"\" \/><input type=\"hidden\" name=\"_wpcf7_recaptcha_response\" value=\"\" \/>\n<\/fieldset>\n<p><label> Ditt namn<br \/>\n<span class=\"wpcf7-form-control-wrap\" data-name=\"your-name\"><input size=\"40\" maxlength=\"400\" class=\"wpcf7-form-control wpcf7-text wpcf7-validates-as-required\" aria-required=\"true\" aria-invalid=\"false\" value=\"\" type=\"text\" name=\"your-name\" \/><\/span> <\/label>\n<\/p>\n<p><label> Din email<br \/>\n<span class=\"wpcf7-form-control-wrap\" data-name=\"your-email\"><input size=\"40\" maxlength=\"400\" class=\"wpcf7-form-control wpcf7-email wpcf7-validates-as-required wpcf7-text wpcf7-validates-as-email\" aria-required=\"true\" aria-invalid=\"false\" value=\"\" type=\"email\" name=\"your-email\" \/><\/span> <\/label>\n<\/p>\n<p><label> Minsta orderkvantitet<br \/>\n<span class=\"wpcf7-form-control-wrap\" data-name=\"menu-734\"><select class=\"wpcf7-form-control wpcf7-select wpcf7-validates-as-required\" aria-required=\"true\" aria-invalid=\"false\" name=\"menu-734\"><option value=\"\">\u2013 V\u00e4lj ett alternativ \u2013<\/option><option value=\"300\">300<\/option><option value=\"500\">500<\/option><option value=\"1000\">1000<\/option><\/select><\/span> <\/label>\n<\/p>\n<p><label> Ditt meddelande<br \/>\n<span class=\"wpcf7-form-control-wrap\" data-name=\"your-message\"><textarea cols=\"40\" rows=\"10\" maxlength=\"2000\" class=\"wpcf7-form-control wpcf7-textarea wpcf7-validates-as-required\" aria-required=\"true\" aria-invalid=\"false\" name=\"your-message\"><\/textarea><\/span> <\/label>\n<\/p>\n<p><label> Din fil (valfritt)<br \/>\n<span class=\"wpcf7-form-control-wrap\" data-name=\"file-978\"><input size=\"40\" class=\"wpcf7-form-control wpcf7-file\" accept=\"audio\/*,video\/*,image\/*\" aria-invalid=\"false\" type=\"file\" name=\"file-978\" \/><\/span> <\/label>\n<\/p>\n<p><span class=\"wpcf7-form-control-wrap\" data-name=\"quiz-747\"><label><span class=\"wpcf7-quiz-label\">2+6=?<\/span> <input size=\"40\" class=\"wpcf7-form-control wpcf7-quiz\" autocomplete=\"off\" aria-required=\"true\" aria-invalid=\"false\" type=\"text\" name=\"quiz-747\" \/><\/label><input type=\"hidden\" name=\"_wpcf7_quiz_answer_quiz-747\" value=\"34fe0dce70d770da3a4b02c0e1fa88fe\" \/><\/span>\n<\/p>\n<p><input class=\"wpcf7-form-control wpcf7-submit has-spinner\" type=\"submit\" value=\"Skicka in\" \/>\n<\/p><div class=\"wpcf7-response-output\" aria-hidden=\"true\"><\/div>\n<\/form>\n<\/div>\n\n\n","protected":false},"excerpt":{"rendered":"<p>Anpassade Spelbr\u00e4dor Fr\u00e5n enkla hopf\u00e4llbara br\u00e4dor till avancerade modul\u00e4ra konstruktioner &#8211; vi \u00e4r specialiserade p\u00e5 att tillverka h\u00f6gkvalitativa, helt anpassningsbara spelbr\u00e4dor som skr\u00e4ddarsys efter dina \u00f6nskem\u00e5l. F\u00e5 en Offert Vad kan vi anpassa f\u00f6r spelplanen? Yamaha automatisk spelbr\u00e4deformningsmaskin Acceptera anpassad storlek Max storlek \u00e4r 100*80 cm. 157 gsm + gr\u00e5 [&hellip;]<\/p>\n","protected":false},"author":1,"featured_media":0,"parent":0,"menu_order":0,"comment_status":"closed","ping_status":"closed","template":"","meta":{"site-sidebar-layout":"no-sidebar","site-content-layout":"page-builder","ast-site-content-layout":"default","site-content-style":"default","site-sidebar-style":"default","ast-global-header-display":"","ast-banner-title-visibility":"","ast-main-header-display":"","ast-hfb-above-header-display":"","ast-hfb-below-header-display":"","ast-hfb-mobile-header-display":"","site-post-title":"disabled","ast-breadcrumbs-content":"","ast-featured-img":"disabled","footer-sml-layout":"","ast-disable-related-posts":"","theme-transparent-header-meta":"default","adv-header-id-meta":"","stick-header-meta":"default","header-above-stick-meta":"","header-main-stick-meta":"","header-below-stick-meta":"","astra-migrate-meta-layouts":"default","ast-page-background-enabled":"default","ast-page-background-meta":{"desktop":{"background-color":"","background-image":"","background-repeat":"repeat","background-position":"center center","background-size":"auto","background-attachment":"scroll","background-type":"","background-media":"","overlay-type":"","overlay-color":"","overlay-opacity":"","overlay-gradient":""},"tablet":{"background-color":"","background-image":"","background-repeat":"repeat","background-position":"center center","background-size":"auto","background-attachment":"scroll","background-type":"","background-media":"","overlay-type":"","overlay-color":"","overlay-opacity":"","overlay-gradient":""},"mobile":{"background-color":"","background-image":"","background-repeat":"repeat","background-position":"center center","background-size":"auto","background-attachment":"scroll","background-type":"","background-media":"","overlay-type":"","overlay-color":"","overlay-opacity":"","overlay-gradient":""}},"ast-content-background-meta":{"desktop":{"background-color":"var(--ast-global-color-5)","background-image":"","background-repeat":"repeat","background-position":"center center","background-size":"auto","background-attachment":"scroll","background-type":"","background-media":"","overlay-type":"","overlay-color":"","overlay-opacity":"","overlay-gradient":""},"tablet":{"background-color":"var(--ast-global-color-5)","background-image":"","background-repeat":"repeat","background-position":"center center","background-size":"auto","background-attachment":"scroll","background-type":"","background-media":"","overlay-type":"","overlay-color":"","overlay-opacity":"","overlay-gradient":""},"mobile":{"background-color":"var(--ast-global-color-5)","background-image":"","background-repeat":"repeat","background-position":"center center","background-size":"auto","background-attachment":"scroll","background-type":"","background-media":"","overlay-type":"","overlay-color":"","overlay-opacity":"","overlay-gradient":""}},"footnotes":""},"class_list":["post-4139","page","type-page","status-publish","hentry"],"_links":{"self":[{"href":"https:\/\/www.hicreategames.com\/sv\/wp-json\/wp\/v2\/pages\/4139","targetHints":{"allow":["GET"]}}],"collection":[{"href":"https:\/\/www.hicreategames.com\/sv\/wp-json\/wp\/v2\/pages"}],"about":[{"href":"https:\/\/www.hicreategames.com\/sv\/wp-json\/wp\/v2\/types\/page"}],"author":[{"embeddable":true,"href":"https:\/\/www.hicreategames.com\/sv\/wp-json\/wp\/v2\/users\/1"}],"replies":[{"embeddable":true,"href":"https:\/\/www.hicreategames.com\/sv\/wp-json\/wp\/v2\/comments?post=4139"}],"version-history":[{"count":3,"href":"https:\/\/www.hicreategames.com\/sv\/wp-json\/wp\/v2\/pages\/4139\/revisions"}],"predecessor-version":[{"id":25831,"href":"https:\/\/www.hicreategames.com\/sv\/wp-json\/wp\/v2\/pages\/4139\/revisions\/25831"}],"wp:attachment":[{"href":"https:\/\/www.hicreategames.com\/sv\/wp-json\/wp\/v2\/media?parent=4139"}],"curies":[{"name":"wp","href":"https:\/\/api.w.org\/{rel}","templated":true}]}}