{"id":4142,"date":"2022-04-19T03:44:01","date_gmt":"2022-04-19T03:44:01","guid":{"rendered":"https:\/\/www.hicreategames.com\/anpassade-spelstycken\/"},"modified":"2025-08-26T12:08:00","modified_gmt":"2025-08-26T12:08:00","slug":"anpassade-spelstycken","status":"publish","type":"page","link":"https:\/\/www.hicreategames.com\/sv\/anpassade-spelstycken\/","title":{"rendered":"Anpassade spelstycken"},"content":{"rendered":"\n<h3>\n\t\tSkr\u00e4ddarsy och tillverka dina spelpj\u00e4ser\n\t<\/h3>\n\t\t\t<a href=\"#\" role=\"button\">\n\t\t\t\t\t\t\tKontakta oss och ladda upp dina id\u00e9er\n\t\t\t<\/a>\n\t\t\n<div class=\"wpcf7 no-js\" id=\"wpcf7-f3885-o1\" lang=\"sv-SE\" dir=\"ltr\" data-wpcf7-id=\"3885\">\n<div class=\"screen-reader-response\"><p role=\"status\" aria-live=\"polite\" aria-atomic=\"true\"><\/p> <ul><\/ul><\/div>\n<form action=\"\/sv\/wp-json\/wp\/v2\/pages\/4142#wpcf7-f3885-o1\" method=\"post\" class=\"wpcf7-form init\" aria-label=\"Kontaktformul\u00e4r\" enctype=\"multipart\/form-data\" novalidate=\"novalidate\" data-status=\"init\">\n<fieldset class=\"hidden-fields-container\"><input type=\"hidden\" name=\"_wpcf7\" value=\"3885\" \/><input type=\"hidden\" name=\"_wpcf7_version\" value=\"6.1.5\" \/><input type=\"hidden\" name=\"_wpcf7_locale\" value=\"sv_SE\" \/><input type=\"hidden\" name=\"_wpcf7_unit_tag\" value=\"wpcf7-f3885-o1\" \/><input type=\"hidden\" name=\"_wpcf7_container_post\" value=\"0\" \/><input type=\"hidden\" name=\"_wpcf7_posted_data_hash\" value=\"\" \/><input type=\"hidden\" name=\"_wpcf7_recaptcha_response\" value=\"\" \/>\n<\/fieldset>\n<p><label> Ditt namn<br \/>\n<span class=\"wpcf7-form-control-wrap\" data-name=\"your-name\"><input size=\"40\" maxlength=\"400\" class=\"wpcf7-form-control wpcf7-text wpcf7-validates-as-required\" aria-required=\"true\" aria-invalid=\"false\" value=\"\" type=\"text\" name=\"your-name\" \/><\/span> <\/label>\n<\/p>\n<p><label> Din email<br \/>\n<span class=\"wpcf7-form-control-wrap\" data-name=\"your-email\"><input size=\"40\" maxlength=\"400\" class=\"wpcf7-form-control wpcf7-email wpcf7-validates-as-required wpcf7-text wpcf7-validates-as-email\" aria-required=\"true\" aria-invalid=\"false\" value=\"\" type=\"email\" name=\"your-email\" \/><\/span> <\/label>\n<\/p>\n<p><label> Minsta orderkvantitet<br \/>\n<span class=\"wpcf7-form-control-wrap\" data-name=\"menu-734\"><select class=\"wpcf7-form-control wpcf7-select wpcf7-validates-as-required\" aria-required=\"true\" aria-invalid=\"false\" name=\"menu-734\"><option value=\"\">\u2013 V\u00e4lj ett alternativ \u2013<\/option><option value=\"300\">300<\/option><option value=\"500\">500<\/option><option value=\"1000\">1000<\/option><\/select><\/span> <\/label>\n<\/p>\n<p><label> Ditt meddelande<br \/>\n<span class=\"wpcf7-form-control-wrap\" data-name=\"your-message\"><textarea cols=\"40\" rows=\"10\" maxlength=\"2000\" class=\"wpcf7-form-control wpcf7-textarea wpcf7-validates-as-required\" aria-required=\"true\" aria-invalid=\"false\" name=\"your-message\"><\/textarea><\/span> <\/label>\n<\/p>\n<p><label> Din fil (valfritt)<br \/>\n<span class=\"wpcf7-form-control-wrap\" data-name=\"file-978\"><input size=\"40\" class=\"wpcf7-form-control wpcf7-file\" accept=\"audio\/*,video\/*,image\/*\" aria-invalid=\"false\" type=\"file\" name=\"file-978\" \/><\/span> <\/label>\n<\/p>\n<p><span class=\"wpcf7-form-control-wrap\" data-name=\"quiz-747\"><label><span class=\"wpcf7-quiz-label\">2+6=?<\/span> <input size=\"40\" class=\"wpcf7-form-control wpcf7-quiz\" autocomplete=\"off\" aria-required=\"true\" aria-invalid=\"false\" type=\"text\" name=\"quiz-747\" \/><\/label><input type=\"hidden\" name=\"_wpcf7_quiz_answer_quiz-747\" value=\"34fe0dce70d770da3a4b02c0e1fa88fe\" \/><\/span>\n<\/p>\n<p><input class=\"wpcf7-form-control wpcf7-submit has-spinner\" type=\"submit\" value=\"Skicka in\" \/>\n<\/p><div class=\"wpcf7-response-output\" aria-hidden=\"true\"><\/div>\n<\/form>\n<\/div>\n\t\n\t<h3>\n\t\t\t\tMaterial f\u00f6r spelpj\u00e4ser\n\t\t\t<\/h3>\n\t\t\t\t<img loading=\"lazy\" decoding=\"async\" src=\"https:\/\/www.hicreategames.com\/wp-content\/uploads\/2022\/04\/Wooden-Game-Pieces.jpg\" alt=\"Spelstycken i tr\u00e4\" itemprop=\"image\" height=\"426\" width=\"640\" title=\"Spelstycken i tr\u00e4\" onerror=\"this.style.display='none'\"  \/>\n\t<h5>\n\t\t\t\tTr\u00e4spelstycken\n\t\t\t<\/h5>\n\t\t\t<p>De \u00e4r vanligtvis tillverkade av tr\u00e4 och \u00e4r utformade f\u00f6r att vara h\u00e5llbara, taktila och visuellt tilltalande. N\u00e5gra vanliga exempel p\u00e5 tr\u00e4spelstycken inkluderar bonde, t\u00e4rningar, kuber, skivor och meeples.<\/p>\t\n\t\t\t\t<img loading=\"lazy\" decoding=\"async\" src=\"https:\/\/www.hicreategames.com\/wp-content\/uploads\/2022\/04\/Plastic-Game-Pieces.jpg\" alt=\"Spelbitar av plast\" itemprop=\"image\" height=\"426\" width=\"640\" title=\"Spelbitar av plast\" onerror=\"this.style.display='none'\"  \/>\n\t<h5>\n\t\t\t\tPlastspelstycken\n\t\t\t<\/h5>\n\t\t\t<p>Plastspelstycken f\u00f6redras ofta framf\u00f6r andra material som metall eller tr\u00e4 eftersom de \u00e4r \u00f6verkomliga, l\u00e4tta, h\u00e5llbara och kan tillverkas i en m\u00e4ngd olika former och f\u00e4rger.<\/p>\t\n\t\t\t\t<img loading=\"lazy\" decoding=\"async\" src=\"https:\/\/www.hicreategames.com\/wp-content\/uploads\/2022\/04\/Metal-Game-Pieces.jpg\" alt=\"Metal Spelstycken\" itemprop=\"image\" height=\"426\" width=\"640\" title=\"Metal Spelstycken\" onerror=\"this.style.display='none'\"  \/>\n\t<h5>\n\t\t\t\tMetallspel\n\t\t\t<\/h5>\n\t\t\t<p>Metallspelstycken kan vara tillverkade av zink, tenn, koppar eller aluminium genom gjutning, st\u00e4mpling eller etsningsprocesser. De \u00e4r f\u00f6redragna f\u00f6r sin vikt, h\u00e5llbarhet och premiumutseende och k\u00e4nsla.<\/p>\t\n<h3>\n\t\tTillverkningsprocesser f\u00f6r spelstycken av tr\u00e4\n\t<\/h3>\n\t\t\t\t<img loading=\"lazy\" decoding=\"async\" src=\"https:\/\/www.hicreategames.com\/wp-content\/uploads\/2022\/04\/wooden-raw-material.jpg\" alt=\"tr\u00e4r\u00e5vara\" itemprop=\"image\" height=\"125\" width=\"143\" title=\"tr\u00e4r\u00e5vara\" onerror=\"this.style.display='none'\"  \/>\n<h6>\n\t\tR\u00e5material\n\t<\/h6>\n\t\t\t\t<img loading=\"lazy\" decoding=\"async\" src=\"https:\/\/www.hicreategames.com\/wp-content\/uploads\/2022\/04\/wooden-distribution.jpg\" alt=\"tr\u00e4f\u00f6rdelning\" itemprop=\"image\" height=\"126\" width=\"143\" title=\"tr\u00e4f\u00f6rdelning\" onerror=\"this.style.display='none'\"  \/>\n<h6>\n\t\tDistribution\n\t<\/h6>\n\t\t\t\t<img loading=\"lazy\" decoding=\"async\" src=\"https:\/\/www.hicreategames.com\/wp-content\/uploads\/2022\/04\/wooden-cutting.jpg\" alt=\"tr\u00e4sk\u00e4rning\" itemprop=\"image\" height=\"127\" width=\"145\" title=\"tr\u00e4sk\u00e4rning\" onerror=\"this.style.display='none'\"  \/>\n<h6>\n\t\tSk\u00e4rande\n\t<\/h6>\n\t\t\t\t<img loading=\"lazy\" decoding=\"async\" src=\"https:\/\/www.hicreategames.com\/wp-content\/uploads\/2022\/04\/wooden-game-pieces-polishing.jpg\" alt=\"tr\u00e4 spelpj\u00e4ser polering\" itemprop=\"image\" height=\"126\" width=\"146\" title=\"tr\u00e4 spelpj\u00e4ser polering\" onerror=\"this.style.display='none'\"  \/>\n<h6>\n\t\tPutsning\n\t<\/h6>\n\t\t\t\t<img loading=\"lazy\" decoding=\"async\" src=\"https:\/\/www.hicreategames.com\/wp-content\/uploads\/2022\/04\/wooden-game-pieces-assembly.jpg\" alt=\"tr\u00e4 spelpj\u00e4ser montering\" itemprop=\"image\" height=\"123\" width=\"144\" title=\"tr\u00e4 spelpj\u00e4ser montering\" onerror=\"this.style.display='none'\"  \/>\n<h6>\n\t\thops\u00e4ttning\n\t<\/h6>\n\t\t\t\t<img loading=\"lazy\" decoding=\"async\" src=\"https:\/\/www.hicreategames.com\/wp-content\/uploads\/2022\/04\/wooden-game-pieces-printing.jpg\" alt=\"utskrift av spelpj\u00e4ser i tr\u00e4\" itemprop=\"image\" height=\"123\" width=\"144\" title=\"utskrift av spelpj\u00e4ser i tr\u00e4\" onerror=\"this.style.display='none'\"  \/>\n<h6>\n\t\tUtskrift\n\t<\/h6>\n\t\t\t\t<img loading=\"lazy\" decoding=\"async\" src=\"https:\/\/www.hicreategames.com\/wp-content\/uploads\/2022\/04\/wooden-game-pieces-shrink-wrap.jpg\" alt=\"tr\u00e4spelpj\u00e4ser krympplast\" itemprop=\"image\" height=\"122\" width=\"144\" title=\"tr\u00e4spelpj\u00e4ser krympplast\" onerror=\"this.style.display='none'\"  \/>\n<h6>\n\t\tInplastning\n\t<\/h6>\n\t\t\t\t<img loading=\"lazy\" decoding=\"async\" src=\"https:\/\/www.hicreategames.com\/wp-content\/uploads\/2022\/04\/wooden-game-pieces-packaging.jpg\" alt=\"f\u00f6rpackning f\u00f6r spelpj\u00e4ser i tr\u00e4\" itemprop=\"image\" height=\"123\" width=\"144\" title=\"f\u00f6rpackning f\u00f6r spelpj\u00e4ser i tr\u00e4\" onerror=\"this.style.display='none'\"  \/>\n<h6>\n\t\tF\u00f6rpackning\n\t<\/h6>\n<h3>\n\t\tTillverkningsprocesser f\u00f6r spelbitar av plast\n\t<\/h3>\n\t\t\t\t<img loading=\"lazy\" decoding=\"async\" src=\"https:\/\/www.hicreategames.com\/wp-content\/uploads\/2022\/04\/make-layout.jpg\" alt=\"g\u00f6ra layout\" itemprop=\"image\" height=\"141\" width=\"160\" title=\"g\u00f6ra layout\" onerror=\"this.style.display='none'\"  \/>\n<h6>\n\t\tG\u00f6r layout\n\t<\/h6>\n\t\t\t\t<img loading=\"lazy\" decoding=\"async\" src=\"https:\/\/www.hicreategames.com\/wp-content\/uploads\/2022\/04\/creat-model.jpg\" alt=\"skapa modell\" itemprop=\"image\" height=\"138\" width=\"159\" title=\"skapa modell\" onerror=\"this.style.display='none'\"  \/>\n<h6>\n\t\tSkapa modell\n\t<\/h6>\n\t\t\t\t<img loading=\"lazy\" decoding=\"async\" src=\"https:\/\/www.hicreategames.com\/wp-content\/uploads\/2022\/04\/injection.jpg\" alt=\"injektion\" itemprop=\"image\" height=\"138\" width=\"159\" title=\"injektion\" onerror=\"this.style.display='none'\"  \/>\n<h6>\n\t\tInjektion\n\t<\/h6>\n\t\t\t\t<img loading=\"lazy\" decoding=\"async\" src=\"https:\/\/www.hicreategames.com\/wp-content\/uploads\/2022\/04\/composing.jpg\" alt=\"komponera\" itemprop=\"image\" height=\"140\" width=\"159\" title=\"komponera\" onerror=\"this.style.display='none'\"  \/>\n<h6>\n\t\tAtt komponera\n\t<\/h6>\n\t\t\t\t<img loading=\"lazy\" decoding=\"async\" src=\"https:\/\/www.hicreategames.com\/wp-content\/uploads\/2022\/04\/engraving.jpg\" alt=\"gravyr\" itemprop=\"image\" height=\"141\" width=\"160\" title=\"gravyr\" onerror=\"this.style.display='none'\"  \/>\n<h6>\n\t\tGravyr\n\t<\/h6>\n\t\t\t\t<img loading=\"lazy\" decoding=\"async\" src=\"https:\/\/www.hicreategames.com\/wp-content\/uploads\/2022\/04\/assembly-1.jpg\" alt=\"hops\u00e4ttning\" itemprop=\"image\" height=\"140\" width=\"161\" title=\"hops\u00e4ttning\" onerror=\"this.style.display='none'\"  \/>\n<h6>\n\t\thops\u00e4ttning\n\t<\/h6>\n\t\t\t\t<img loading=\"lazy\" decoding=\"async\" src=\"https:\/\/www.hicreategames.com\/wp-content\/uploads\/2022\/04\/inspection.jpg\" alt=\"inspektion\" itemprop=\"image\" height=\"141\" width=\"161\" title=\"inspektion\" onerror=\"this.style.display='none'\"  \/>\n<h6>\n\t\tInspektion\n\t<\/h6>\n\t\t\t\t<img loading=\"lazy\" decoding=\"async\" src=\"https:\/\/www.hicreategames.com\/wp-content\/uploads\/2022\/04\/packaging-1.jpg\" alt=\"f\u00f6rpackning\" itemprop=\"image\" height=\"140\" width=\"160\" title=\"f\u00f6rpackning\" onerror=\"this.style.display='none'\"  \/>\n<h6>\n\t\tF\u00f6rpackning\n\t<\/h6>\n<h3>\n\t\tTillverkningsprocesser f\u00f6r spelstycken av Metall\n\t<\/h3>\n\t\t\t\t<img loading=\"lazy\" decoding=\"async\" src=\"https:\/\/www.hicreategames.com\/wp-content\/uploads\/2022\/04\/Metal-Pieces-Manufacturing.jpg\" alt=\"Tillverkning av metallbitar\" itemprop=\"image\" height=\"390\" width=\"670\" title=\"Tillverkning av metallbitar\" onerror=\"this.style.display='none'\"  \/>\n\t<ul>\n<li>N\u00e4stan br\u00e4dspel har metallbitar, gjorda av zinklegering, och elektropl\u00e4terade ytor.<\/li>\n<li>Minsta best\u00e4llningskvantitet (MOQ) \u00e4r 500 stycken, och priset beror p\u00e5 komplexiteten hos dina metallbitar.<\/li>\n<li>Kan inte g\u00f6ra 3D-prover, producera dem direkt genom att \u00f6ppna formen.<\/li>\n<li>Befintliga prover \u00e4r gratis.<\/li>\n<\/ul>\n<h3>\n\t\tAnpassade klassiska br\u00e4dspelsbitar\n\t<\/h3>\n\t\t\t\t<img loading=\"lazy\" decoding=\"async\" src=\"https:\/\/www.hicreategames.com\/wp-content\/uploads\/2023\/03\/Monopoly-Spelbitar.jpg\" alt=\"Monopoly Spelbitar\" itemprop=\"image\" height=\"426\" width=\"640\" title=\"Monopoly Spelbitar\" onerror=\"this.style.display='none'\"  \/>\n\t<h5>\n\t\t\t\tMonopoly Spelbitar\n\t\t\t<\/h5>\n\t\t\t<p>Genom att anpassa dina Monopolbitar kan vi hj\u00e4lpa dig att skapa ett bredare utbud av alternativ och teman f\u00f6r detta klassiska br\u00e4dspel. Och f\u00e5 dina unika spelpj\u00e4ser att sticka ut fr\u00e5n standardmonopolpj\u00e4serna f\u00f6r hund, katt, h\u00e4st, kanon och hatt.<\/p>\t\n\t\t\t\t<img loading=\"lazy\" decoding=\"async\" src=\"https:\/\/www.hicreategames.com\/wp-content\/uploads\/2023\/03\/Catan-Spelpjaser.jpg\" alt=\"Catan Spelpj\u00e4ser\" itemprop=\"image\" height=\"426\" width=\"640\" title=\"Catan Spelpj\u00e4ser\" onerror=\"this.style.display='none'\"  \/>\n\t<h5>\n\t\t\t\tCatan Spelpj\u00e4ser\n\t\t\t<\/h5>\n\t\t\t<p>F\u00f6r att f\u00f6rb\u00e4ttra estetiken och spelbarheten kan vi hj\u00e4lpa dig att anpassa dina Catan-spelpj\u00e4ser, som att g\u00f6ra om de traditionella Catan-pj\u00e4serna (hamnar, r\u00e5nare, hamnar, v\u00e4gar, bos\u00e4ttningar och st\u00e4der) eller l\u00e4gga till nya spelpj\u00e4ser som representerar resurser.<\/p>\t\n\t\t\t\t<img loading=\"lazy\" decoding=\"async\" src=\"https:\/\/www.hicreategames.com\/wp-content\/uploads\/2023\/03\/Risk-Spelbitar.jpg\" alt=\"Risk Spelbitar\" itemprop=\"image\" height=\"426\" width=\"640\" title=\"Risk Spelbitar\" onerror=\"this.style.display='none'\"  \/>\n\t<h5>\n\t\t\t\tRisk Spelbitar\n\t\t\t<\/h5>\n\t\t\t<p>Anpassning av Risk-br\u00e4dspelsbrickor med unik design kan l\u00e4gga till personalisering och differentiering till ditt spel. F\u00f6rutom infanteri, kavalleri och artilleri kan vi hj\u00e4lpa dig att anpassa nya trupppj\u00e4ser f\u00f6r att l\u00e4gga till ett nytt lager av strategi till spelet.<\/p>\t\n<h3>\n\t\tV\u00e5ra senaste spelprojekt\n\t<\/h3>\n\t<meta itemprop=\"url\" content=\"https:\/\/www.hicreategames.com\/wp-content\/uploads\/2022\/04\/Wooden-Game-Pieces.mp4\" \/><div style=\"width: 640px;\" class=\"wp-video\"><video class=\"wp-video-shortcode\" id=\"video-4142-1\" width=\"640\" height=\"360\" preload=\"metadata\" controls=\"controls\"><source type=\"video\/mp4\" src=\"https:\/\/www.hicreategames.com\/wp-content\/uploads\/2022\/04\/Wooden-Game-Pieces.mp4?_=1\" \/><source type=\"video\/mp4\" src=\"https:\/\/www.hicreategames.com\/wp-content\/uploads\/2022\/04\/Wooden-Game-Pieces.mp4?_=1\" \/><a href=\"https:\/\/www.hicreategames.com\/wp-content\/uploads\/2022\/04\/Wooden-Game-Pieces.mp4\">https:\/\/www.hicreategames.com\/wp-content\/uploads\/2022\/04\/Wooden-Game-Pieces.mp4<\/a><\/video><\/div>\n\t<meta itemprop=\"url\" content=\"https:\/\/www.hicreategames.com\/wp-content\/uploads\/2022\/04\/Plastic-Game-Pieces.mp4\" \/><div style=\"width: 640px;\" class=\"wp-video\"><video class=\"wp-video-shortcode\" id=\"video-4142-2\" width=\"640\" height=\"360\" preload=\"metadata\" controls=\"controls\"><source type=\"video\/mp4\" src=\"https:\/\/www.hicreategames.com\/wp-content\/uploads\/2022\/04\/Plastic-Game-Pieces.mp4?_=2\" \/><source type=\"video\/mp4\" src=\"https:\/\/www.hicreategames.com\/wp-content\/uploads\/2022\/04\/Plastic-Game-Pieces.mp4?_=2\" \/><a href=\"https:\/\/www.hicreategames.com\/wp-content\/uploads\/2022\/04\/Plastic-Game-Pieces.mp4\">https:\/\/www.hicreategames.com\/wp-content\/uploads\/2022\/04\/Plastic-Game-Pieces.mp4<\/a><\/video><\/div>\n\t<meta itemprop=\"url\" content=\"https:\/\/www.hicreategames.com\/wp-content\/uploads\/2022\/04\/Metal-Game-Pieces.mp4\" \/><div style=\"width: 640px;\" class=\"wp-video\"><video class=\"wp-video-shortcode\" id=\"video-4142-3\" width=\"640\" height=\"360\" preload=\"metadata\" controls=\"controls\"><source type=\"video\/mp4\" src=\"https:\/\/www.hicreategames.com\/wp-content\/uploads\/2022\/04\/Metal-Game-Pieces.mp4?_=3\" \/><source type=\"video\/mp4\" src=\"https:\/\/www.hicreategames.com\/wp-content\/uploads\/2022\/04\/Metal-Game-Pieces.mp4?_=3\" \/><a href=\"https:\/\/www.hicreategames.com\/wp-content\/uploads\/2022\/04\/Metal-Game-Pieces.mp4\">https:\/\/www.hicreategames.com\/wp-content\/uploads\/2022\/04\/Metal-Game-Pieces.mp4<\/a><\/video><\/div>\n\t<meta itemprop=\"url\" content=\"https:\/\/www.hicreategames.com\/wp-content\/uploads\/2022\/04\/Custom-Made-Card-Game-Pieces.mp4\" \/><div style=\"width: 640px;\" class=\"wp-video\"><video class=\"wp-video-shortcode\" id=\"video-4142-4\" width=\"640\" height=\"360\" preload=\"metadata\" controls=\"controls\"><source type=\"video\/mp4\" src=\"https:\/\/www.hicreategames.com\/wp-content\/uploads\/2022\/04\/Custom-Made-Card-Game-Pieces.mp4?_=4\" \/><source type=\"video\/mp4\" src=\"https:\/\/www.hicreategames.com\/wp-content\/uploads\/2022\/04\/Custom-Made-Card-Game-Pieces.mp4?_=4\" \/><a href=\"https:\/\/www.hicreategames.com\/wp-content\/uploads\/2022\/04\/Custom-Made-Card-Game-Pieces.mp4\">https:\/\/www.hicreategames.com\/wp-content\/uploads\/2022\/04\/Custom-Made-Card-Game-Pieces.mp4<\/a><\/video><\/div>\n\t\t\t\t<img loading=\"lazy\" decoding=\"async\" src=\"https:\/\/www.hicreategames.com\/wp-content\/uploads\/2022\/04\/custom-game-pieces.png\" alt=\"anpassade spelpj\u00e4ser\" itemprop=\"image\" height=\"500\" width=\"500\" title=\"anpassade spelpj\u00e4ser\" onerror=\"this.style.display='none'\"  \/>\n\t<h3>\n\t\t\t\tKontakta oss nu\n\t\t\t<\/h3>\n\t\n<div class=\"wpcf7 no-js\" id=\"wpcf7-f3885-o2\" lang=\"sv-SE\" dir=\"ltr\" data-wpcf7-id=\"3885\">\n<div class=\"screen-reader-response\"><p role=\"status\" aria-live=\"polite\" aria-atomic=\"true\"><\/p> <ul><\/ul><\/div>\n<form action=\"\/sv\/wp-json\/wp\/v2\/pages\/4142#wpcf7-f3885-o2\" method=\"post\" class=\"wpcf7-form init\" aria-label=\"Kontaktformul\u00e4r\" enctype=\"multipart\/form-data\" novalidate=\"novalidate\" data-status=\"init\">\n<fieldset class=\"hidden-fields-container\"><input type=\"hidden\" name=\"_wpcf7\" value=\"3885\" \/><input type=\"hidden\" name=\"_wpcf7_version\" value=\"6.1.5\" \/><input type=\"hidden\" name=\"_wpcf7_locale\" value=\"sv_SE\" \/><input type=\"hidden\" name=\"_wpcf7_unit_tag\" value=\"wpcf7-f3885-o2\" \/><input type=\"hidden\" name=\"_wpcf7_container_post\" value=\"0\" \/><input type=\"hidden\" name=\"_wpcf7_posted_data_hash\" value=\"\" \/><input type=\"hidden\" name=\"_wpcf7_recaptcha_response\" value=\"\" \/>\n<\/fieldset>\n<p><label> Ditt namn<br \/>\n<span class=\"wpcf7-form-control-wrap\" data-name=\"your-name\"><input size=\"40\" maxlength=\"400\" class=\"wpcf7-form-control wpcf7-text wpcf7-validates-as-required\" aria-required=\"true\" aria-invalid=\"false\" value=\"\" type=\"text\" name=\"your-name\" \/><\/span> <\/label>\n<\/p>\n<p><label> Din email<br \/>\n<span class=\"wpcf7-form-control-wrap\" data-name=\"your-email\"><input size=\"40\" maxlength=\"400\" class=\"wpcf7-form-control wpcf7-email wpcf7-validates-as-required wpcf7-text wpcf7-validates-as-email\" aria-required=\"true\" aria-invalid=\"false\" value=\"\" type=\"email\" name=\"your-email\" \/><\/span> <\/label>\n<\/p>\n<p><label> Minsta orderkvantitet<br \/>\n<span class=\"wpcf7-form-control-wrap\" data-name=\"menu-734\"><select class=\"wpcf7-form-control wpcf7-select wpcf7-validates-as-required\" aria-required=\"true\" aria-invalid=\"false\" name=\"menu-734\"><option value=\"\">\u2013 V\u00e4lj ett alternativ \u2013<\/option><option value=\"300\">300<\/option><option value=\"500\">500<\/option><option value=\"1000\">1000<\/option><\/select><\/span> <\/label>\n<\/p>\n<p><label> Ditt meddelande<br \/>\n<span class=\"wpcf7-form-control-wrap\" data-name=\"your-message\"><textarea cols=\"40\" rows=\"10\" maxlength=\"2000\" class=\"wpcf7-form-control wpcf7-textarea wpcf7-validates-as-required\" aria-required=\"true\" aria-invalid=\"false\" name=\"your-message\"><\/textarea><\/span> <\/label>\n<\/p>\n<p><label> Din fil (valfritt)<br \/>\n<span class=\"wpcf7-form-control-wrap\" data-name=\"file-978\"><input size=\"40\" class=\"wpcf7-form-control wpcf7-file\" accept=\"audio\/*,video\/*,image\/*\" aria-invalid=\"false\" type=\"file\" name=\"file-978\" \/><\/span> <\/label>\n<\/p>\n<p><span class=\"wpcf7-form-control-wrap\" data-name=\"quiz-747\"><label><span class=\"wpcf7-quiz-label\">2+6=?<\/span> <input size=\"40\" class=\"wpcf7-form-control wpcf7-quiz\" autocomplete=\"off\" aria-required=\"true\" aria-invalid=\"false\" type=\"text\" name=\"quiz-747\" \/><\/label><input type=\"hidden\" name=\"_wpcf7_quiz_answer_quiz-747\" value=\"34fe0dce70d770da3a4b02c0e1fa88fe\" \/><\/span>\n<\/p>\n<p><input class=\"wpcf7-form-control wpcf7-submit has-spinner\" type=\"submit\" value=\"Skicka in\" \/>\n<\/p><div class=\"wpcf7-response-output\" aria-hidden=\"true\"><\/div>\n<\/form>\n<\/div>\n\n\n","protected":false},"excerpt":{"rendered":"<p>Skr\u00e4ddarsy och tillverka dina spelpj\u00e4ser Kontakta oss och ladda upp dina id\u00e9er Material f\u00f6r spelpj\u00e4ser Tr\u00e4spelstycken De \u00e4r vanligtvis tillverkade av tr\u00e4 och \u00e4r utformade f\u00f6r att vara h\u00e5llbara, taktila och visuellt tilltalande. N\u00e5gra vanliga exempel p\u00e5 tr\u00e4spelstycken inkluderar bonde, t\u00e4rningar, kuber, skivor och meeples. Plastspelstycken Plastspelstycken f\u00f6redras ofta framf\u00f6r [&hellip;]<\/p>\n","protected":false},"author":1,"featured_media":0,"parent":0,"menu_order":0,"comment_status":"closed","ping_status":"closed","template":"","meta":{"site-sidebar-layout":"no-sidebar","site-content-layout":"page-builder","ast-site-content-layout":"full-width-container","site-content-style":"unboxed","site-sidebar-style":"unboxed","ast-global-header-display":"","ast-banner-title-visibility":"","ast-main-header-display":"","ast-hfb-above-header-display":"","ast-hfb-below-header-display":"","ast-hfb-mobile-header-display":"","site-post-title":"disabled","ast-breadcrumbs-content":"","ast-featured-img":"disabled","footer-sml-layout":"","ast-disable-related-posts":"","theme-transparent-header-meta":"default","adv-header-id-meta":"","stick-header-meta":"default","header-above-stick-meta":"","header-main-stick-meta":"","header-below-stick-meta":"","astra-migrate-meta-layouts":"default","ast-page-background-enabled":"default","ast-page-background-meta":{"desktop":{"background-color":"","background-image":"","background-repeat":"repeat","background-position":"center center","background-size":"auto","background-attachment":"scroll","background-type":"","background-media":"","overlay-type":"","overlay-color":"","overlay-opacity":"","overlay-gradient":""},"tablet":{"background-color":"","background-image":"","background-repeat":"repeat","background-position":"center center","background-size":"auto","background-attachment":"scroll","background-type":"","background-media":"","overlay-type":"","overlay-color":"","overlay-opacity":"","overlay-gradient":""},"mobile":{"background-color":"","background-image":"","background-repeat":"repeat","background-position":"center center","background-size":"auto","background-attachment":"scroll","background-type":"","background-media":"","overlay-type":"","overlay-color":"","overlay-opacity":"","overlay-gradient":""}},"ast-content-background-meta":{"desktop":{"background-color":"var(--ast-global-color-5)","background-image":"","background-repeat":"repeat","background-position":"center center","background-size":"auto","background-attachment":"scroll","background-type":"","background-media":"","overlay-type":"","overlay-color":"","overlay-opacity":"","overlay-gradient":""},"tablet":{"background-color":"var(--ast-global-color-5)","background-image":"","background-repeat":"repeat","background-position":"center center","background-size":"auto","background-attachment":"scroll","background-type":"","background-media":"","overlay-type":"","overlay-color":"","overlay-opacity":"","overlay-gradient":""},"mobile":{"background-color":"var(--ast-global-color-5)","background-image":"","background-repeat":"repeat","background-position":"center center","background-size":"auto","background-attachment":"scroll","background-type":"","background-media":"","overlay-type":"","overlay-color":"","overlay-opacity":"","overlay-gradient":""}},"footnotes":""},"class_list":["post-4142","page","type-page","status-publish","hentry"],"_links":{"self":[{"href":"https:\/\/www.hicreategames.com\/sv\/wp-json\/wp\/v2\/pages\/4142","targetHints":{"allow":["GET"]}}],"collection":[{"href":"https:\/\/www.hicreategames.com\/sv\/wp-json\/wp\/v2\/pages"}],"about":[{"href":"https:\/\/www.hicreategames.com\/sv\/wp-json\/wp\/v2\/types\/page"}],"author":[{"embeddable":true,"href":"https:\/\/www.hicreategames.com\/sv\/wp-json\/wp\/v2\/users\/1"}],"replies":[{"embeddable":true,"href":"https:\/\/www.hicreategames.com\/sv\/wp-json\/wp\/v2\/comments?post=4142"}],"version-history":[{"count":2,"href":"https:\/\/www.hicreategames.com\/sv\/wp-json\/wp\/v2\/pages\/4142\/revisions"}],"predecessor-version":[{"id":25088,"href":"https:\/\/www.hicreategames.com\/sv\/wp-json\/wp\/v2\/pages\/4142\/revisions\/25088"}],"wp:attachment":[{"href":"https:\/\/www.hicreategames.com\/sv\/wp-json\/wp\/v2\/media?parent=4142"}],"curies":[{"name":"wp","href":"https:\/\/api.w.org\/{rel}","templated":true}]}}