{"id":4144,"date":"2022-04-06T11:19:27","date_gmt":"2022-04-06T11:19:27","guid":{"rendered":"https:\/\/www.hicreategames.com\/anpassade-miniatyrer\/"},"modified":"2025-08-27T10:58:40","modified_gmt":"2025-08-27T10:58:40","slug":"anpassade-miniatyrer","status":"publish","type":"page","link":"https:\/\/www.hicreategames.com\/sv\/anpassade-miniatyrer\/","title":{"rendered":"Anpassade Miniatyrer"},"content":{"rendered":"\n<h3>\n\t\tAnpassa och skriva ut dina miniatyrer\n\t<\/h3>\n\t\t\t<a href=\"#\" role=\"button\">\n\t\t\t\t\t\t\tKontakta oss och ladda upp dina id\u00e9er\n\t\t\t<\/a>\n\t\t\n<div class=\"wpcf7 no-js\" id=\"wpcf7-f3885-o1\" lang=\"sv-SE\" dir=\"ltr\" data-wpcf7-id=\"3885\">\n<div class=\"screen-reader-response\"><p role=\"status\" aria-live=\"polite\" aria-atomic=\"true\"><\/p> <ul><\/ul><\/div>\n<form action=\"\/sv\/wp-json\/wp\/v2\/pages\/4144#wpcf7-f3885-o1\" method=\"post\" class=\"wpcf7-form init\" aria-label=\"Kontaktformul\u00e4r\" enctype=\"multipart\/form-data\" novalidate=\"novalidate\" data-status=\"init\">\n<fieldset class=\"hidden-fields-container\"><input type=\"hidden\" name=\"_wpcf7\" value=\"3885\" \/><input type=\"hidden\" name=\"_wpcf7_version\" value=\"6.1.5\" \/><input type=\"hidden\" name=\"_wpcf7_locale\" value=\"sv_SE\" \/><input type=\"hidden\" name=\"_wpcf7_unit_tag\" value=\"wpcf7-f3885-o1\" \/><input type=\"hidden\" name=\"_wpcf7_container_post\" value=\"0\" \/><input type=\"hidden\" name=\"_wpcf7_posted_data_hash\" value=\"\" \/><input type=\"hidden\" name=\"_wpcf7_recaptcha_response\" value=\"\" \/>\n<\/fieldset>\n<p><label> Ditt namn<br \/>\n<span class=\"wpcf7-form-control-wrap\" data-name=\"your-name\"><input size=\"40\" maxlength=\"400\" class=\"wpcf7-form-control wpcf7-text wpcf7-validates-as-required\" aria-required=\"true\" aria-invalid=\"false\" value=\"\" type=\"text\" name=\"your-name\" \/><\/span> <\/label>\n<\/p>\n<p><label> Din email<br \/>\n<span class=\"wpcf7-form-control-wrap\" data-name=\"your-email\"><input size=\"40\" maxlength=\"400\" class=\"wpcf7-form-control wpcf7-email wpcf7-validates-as-required wpcf7-text wpcf7-validates-as-email\" aria-required=\"true\" aria-invalid=\"false\" value=\"\" type=\"email\" name=\"your-email\" \/><\/span> <\/label>\n<\/p>\n<p><label> Minsta orderkvantitet<br \/>\n<span class=\"wpcf7-form-control-wrap\" data-name=\"menu-734\"><select class=\"wpcf7-form-control wpcf7-select wpcf7-validates-as-required\" aria-required=\"true\" aria-invalid=\"false\" name=\"menu-734\"><option value=\"\">\u2013 V\u00e4lj ett alternativ \u2013<\/option><option value=\"300\">300<\/option><option value=\"500\">500<\/option><option value=\"1000\">1000<\/option><\/select><\/span> <\/label>\n<\/p>\n<p><label> Ditt meddelande<br \/>\n<span class=\"wpcf7-form-control-wrap\" data-name=\"your-message\"><textarea cols=\"40\" rows=\"10\" maxlength=\"2000\" class=\"wpcf7-form-control wpcf7-textarea wpcf7-validates-as-required\" aria-required=\"true\" aria-invalid=\"false\" name=\"your-message\"><\/textarea><\/span> <\/label>\n<\/p>\n<p><label> Din fil (valfritt)<br \/>\n<span class=\"wpcf7-form-control-wrap\" data-name=\"file-978\"><input size=\"40\" class=\"wpcf7-form-control wpcf7-file\" accept=\"audio\/*,video\/*,image\/*\" aria-invalid=\"false\" type=\"file\" name=\"file-978\" \/><\/span> <\/label>\n<\/p>\n<p><span class=\"wpcf7-form-control-wrap\" data-name=\"quiz-747\"><label><span class=\"wpcf7-quiz-label\">2+6=?<\/span> <input size=\"40\" class=\"wpcf7-form-control wpcf7-quiz\" autocomplete=\"off\" aria-required=\"true\" aria-invalid=\"false\" type=\"text\" name=\"quiz-747\" \/><\/label><input type=\"hidden\" name=\"_wpcf7_quiz_answer_quiz-747\" value=\"34fe0dce70d770da3a4b02c0e1fa88fe\" \/><\/span>\n<\/p>\n<p><input class=\"wpcf7-form-control wpcf7-submit has-spinner\" type=\"submit\" value=\"Skicka in\" \/>\n<\/p><div class=\"wpcf7-response-output\" aria-hidden=\"true\"><\/div>\n<\/form>\n<\/div>\n\t\n\t<h3>\n\t\t\t\tProduktionsprocess f\u00f6r plastminiatyr\n\t\t\t<\/h3>\n\t<meta itemprop=\"url\" content=\"https:\/\/www.hicreategames.com\/wp-content\/uploads\/2022\/04\/Miniature-Procedure.mp4\" \/><div style=\"width: 640px;\" class=\"wp-video\"><video class=\"wp-video-shortcode\" id=\"video-4144-1\" width=\"640\" height=\"360\" preload=\"metadata\" controls=\"controls\"><source type=\"video\/mp4\" src=\"https:\/\/www.hicreategames.com\/wp-content\/uploads\/2022\/04\/Miniature-Procedure.mp4?_=1\" \/><source type=\"video\/mp4\" src=\"https:\/\/www.hicreategames.com\/wp-content\/uploads\/2022\/04\/Miniature-Procedure.mp4?_=1\" \/><a href=\"https:\/\/www.hicreategames.com\/wp-content\/uploads\/2022\/04\/Miniature-Procedure.mp4\">https:\/\/www.hicreategames.com\/wp-content\/uploads\/2022\/04\/Miniature-Procedure.mp4<\/a><\/video><\/div>\n\t<p>Miniatyrprocedur<\/p>\n\t<p>1. Om du har 3D-konstverk kommer vi att g\u00f6ra ett 3D-prov p\u00e5 en vecka och skicka det till dig f\u00f6r din bekr\u00e4ftelse. Sedan \u00f6ppnar vi formarna (om en m\u00e5nad) och g\u00f6r ett f\u00f6rproduktionsprov (PPS) p\u00e5 3 ~ 5 dagar f\u00f6r din bekr\u00e4ftelse. Slutligen kommer vi att ordna massproduktionen och f\u00e4rgl\u00e4gga dem.<\/p>\n<p>2. Om du bara kan tillhandah\u00e5lla foton erbjuder vi tv\u00e5 alternativ f\u00f6r dig:<\/p>\n<ul>\n<li>1. Vi kommer att rita STL-filer vilket \u00e4r dyrt och bra;<\/li>\n<li>2. Prototyp som \u00e4r billig och mindre fin.<\/li>\n<\/ul>\n<p>Sedan kommer vi att g\u00f6ra ett 3D-prov, \u00f6ppna formar, g\u00f6ra ett f\u00f6rproduktionsprov, massproduktion och f\u00e4rgning.<\/p>\n<p>3. F\u00f6r inkommande prover kommer vi att kopiera dem genom att g\u00f6ra ett PU-prov, de \u00f6ppna formarna, g\u00f6ra ett f\u00f6rproduktionsprov, massproduktion och f\u00e4rgning.<\/p>\n\t<h3>\n\t\t\t\tHur mycket kostar anpassade miniatyrer?\n\t\t\t<\/h3>\n\t<meta itemprop=\"url\" content=\"https:\/\/www.hicreategames.com\/wp-content\/uploads\/2022\/04\/Custom-Miniatures.mp4\" \/><div style=\"width: 640px;\" class=\"wp-video\"><video class=\"wp-video-shortcode\" id=\"video-4144-2\" width=\"640\" height=\"360\" preload=\"metadata\" controls=\"controls\"><source type=\"video\/mp4\" src=\"https:\/\/www.hicreategames.com\/wp-content\/uploads\/2022\/04\/Custom-Miniatures.mp4?_=2\" \/><source type=\"video\/mp4\" src=\"https:\/\/www.hicreategames.com\/wp-content\/uploads\/2022\/04\/Custom-Miniatures.mp4?_=2\" \/><a href=\"https:\/\/www.hicreategames.com\/wp-content\/uploads\/2022\/04\/Custom-Miniatures.mp4\">https:\/\/www.hicreategames.com\/wp-content\/uploads\/2022\/04\/Custom-Miniatures.mp4<\/a><\/video><\/div>\n\t<meta itemprop=\"url\" content=\"https:\/\/www.hicreategames.com\/wp-content\/uploads\/2022\/04\/Plastic-Miniature.mp4\" \/><div style=\"width: 640px;\" class=\"wp-video\"><video class=\"wp-video-shortcode\" id=\"video-4144-3\" width=\"640\" height=\"360\" preload=\"metadata\" controls=\"controls\"><source type=\"video\/mp4\" src=\"https:\/\/www.hicreategames.com\/wp-content\/uploads\/2022\/04\/Plastic-Miniature.mp4?_=3\" \/><source type=\"video\/mp4\" src=\"https:\/\/www.hicreategames.com\/wp-content\/uploads\/2022\/04\/Plastic-Miniature.mp4?_=3\" \/><a href=\"https:\/\/www.hicreategames.com\/wp-content\/uploads\/2022\/04\/Plastic-Miniature.mp4\">https:\/\/www.hicreategames.com\/wp-content\/uploads\/2022\/04\/Plastic-Miniature.mp4<\/a><\/video><\/div>\n\t<p>Kostnaden f\u00f6r anpassade plastminiatyrer best\u00e5r av tv\u00e5 delar: formladdningen och produktkostnaden.<\/p>\n<p><strong>1. M\u00f6gelladdning<\/strong><\/p>\n<p>Kostnaden f\u00f6r formningen beror p\u00e5 hur komplex din miniatyr \u00e4r. S\u00e5 vi m\u00e5ste bekr\u00e4fta priset enligt ditt konstverk. Vid behov m\u00e5ste vi finjustera ditt konstverk.<\/p>\n<ul>\n<li>F\u00f6r att anpassa en mer komplex miniatyr m\u00e5ste vi dela upp ditt konstverk f\u00f6r att \u00e5terspegla dess detaljer; G\u00f6r sedan en separat form f\u00f6r varje del; Till sist s\u00e4tter du ihop dem med lim.<\/li>\n<li>Miniatyr med enkel struktur, det finns ingen anledning att dela upp ditt konstverk.<\/li>\n<\/ul>\n<p><strong>2. Produktkostnad<\/strong><\/p>\n<p>Priset p\u00e5 produkten beror p\u00e5 s\u00e4ttet f\u00f6r miniatyrutkastningsmetoden, om det \u00e4r enkavitet eller multikavitet .<\/p>\n<p>S\u00e5 det exakta citatet \u00e4r baserat p\u00e5 ditt konstverk, filformatkraven \u00e4r STL , OBJ och STP .<\/p>\n<p><strong>3. Avgift f\u00f6r designkonstverk<\/strong><\/p>\n<p>Vi kan hj\u00e4lpa kunder att rita konstverk och ta ut motsvarande avgift beroende p\u00e5 sv\u00e5righetsgrad.<\/p>\n\t<h3>\n\t\t\t\tMaterialalternativ f\u00f6r 3D-miniatyrprover\n\t\t\t<\/h3>\n\t<meta itemprop=\"url\" content=\"https:\/\/www.hicreategames.com\/wp-content\/uploads\/2022\/04\/Miniature-Materials.mp4\" \/><div style=\"width: 640px;\" class=\"wp-video\"><video class=\"wp-video-shortcode\" id=\"video-4144-4\" width=\"640\" height=\"360\" preload=\"metadata\" controls=\"controls\"><source type=\"video\/mp4\" src=\"https:\/\/www.hicreategames.com\/wp-content\/uploads\/2022\/04\/Miniature-Materials.mp4?_=4\" \/><source type=\"video\/mp4\" src=\"https:\/\/www.hicreategames.com\/wp-content\/uploads\/2022\/04\/Miniature-Materials.mp4?_=4\" \/><a href=\"https:\/\/www.hicreategames.com\/wp-content\/uploads\/2022\/04\/Miniature-Materials.mp4\">https:\/\/www.hicreategames.com\/wp-content\/uploads\/2022\/04\/Miniature-Materials.mp4<\/a><\/video><\/div>\n\t<p>Till skillnad fr\u00e5n metallminiatyrer kan vi tillhandah\u00e5lla 3D-prover f\u00f6r plastminiatyrer. Det finns tv\u00e5 typer av material att v\u00e4lja mellan f\u00f6r att g\u00f6ra 3D-prover.<\/p>\n<p><strong>1. R\u00f6dvax<\/strong><\/p>\n<p>Med h\u00f6gre precision kan den reflektera detaljerna och perfekt \u00e5terst\u00e4lla konstverket. Det \u00e4r dyrare och har vanligtvis anv\u00e4nts p\u00e5 komplexa miniatyrer.<\/p>\n<p><strong>2. Vit vax<\/strong><\/p>\n<p>Den har l\u00e4gre precision och anv\u00e4nds vanligtvis p\u00e5 miniatyrer med enkla m\u00f6nster.<\/p>\n<p><strong>3. PU<\/strong><\/p>\n<p>I allm\u00e4nhet, f\u00f6r att b\u00e4ttre presentera detaljerna i designmanuskriptet, tillhandah\u00e5ller vi r\u00f6dvaxprover, men r\u00f6tt vax \u00e4r ett mycket \u00f6mt\u00e5ligt material och skadas l\u00e4tt under transport, s\u00e5 vi kopierar ocks\u00e5 ett PU-prov f\u00f6r dig att bekr\u00e4fta.<\/p>\n<p><strong>4. PVC<\/strong><\/p>\n<p>F\u00f6r den slutliga massproduktionen kommer vi att anv\u00e4nda PVC-material.<\/p>\n<p>J\u00e4mf\u00f6relsevis \u00e4r PU-prover starkare och skadas mindre l\u00e4tt under transport; men de \u00e4r fortfarande relativt spr\u00f6da j\u00e4mf\u00f6rt med PVC-material.<\/p>\n\t\t\t\t<img loading=\"lazy\" decoding=\"async\" src=\"https:\/\/www.hicreategames.com\/wp-content\/uploads\/2022\/04\/custom-miniatures.png\" alt=\"anpassade miniatyrer\" itemprop=\"image\" height=\"500\" width=\"500\" title=\"anpassade miniatyrer\" onerror=\"this.style.display='none'\"  \/>\n\t<h3>\n\t\t\t\tKontakta oss nu\n\t\t\t<\/h3>\n\t\n<div class=\"wpcf7 no-js\" id=\"wpcf7-f3885-o2\" lang=\"sv-SE\" dir=\"ltr\" data-wpcf7-id=\"3885\">\n<div class=\"screen-reader-response\"><p role=\"status\" aria-live=\"polite\" aria-atomic=\"true\"><\/p> <ul><\/ul><\/div>\n<form action=\"\/sv\/wp-json\/wp\/v2\/pages\/4144#wpcf7-f3885-o2\" method=\"post\" class=\"wpcf7-form init\" aria-label=\"Kontaktformul\u00e4r\" enctype=\"multipart\/form-data\" novalidate=\"novalidate\" data-status=\"init\">\n<fieldset class=\"hidden-fields-container\"><input type=\"hidden\" name=\"_wpcf7\" value=\"3885\" \/><input type=\"hidden\" name=\"_wpcf7_version\" value=\"6.1.5\" \/><input type=\"hidden\" name=\"_wpcf7_locale\" value=\"sv_SE\" \/><input type=\"hidden\" name=\"_wpcf7_unit_tag\" value=\"wpcf7-f3885-o2\" \/><input type=\"hidden\" name=\"_wpcf7_container_post\" value=\"0\" \/><input type=\"hidden\" name=\"_wpcf7_posted_data_hash\" value=\"\" \/><input type=\"hidden\" name=\"_wpcf7_recaptcha_response\" value=\"\" \/>\n<\/fieldset>\n<p><label> Ditt namn<br \/>\n<span class=\"wpcf7-form-control-wrap\" data-name=\"your-name\"><input size=\"40\" maxlength=\"400\" class=\"wpcf7-form-control wpcf7-text wpcf7-validates-as-required\" aria-required=\"true\" aria-invalid=\"false\" value=\"\" type=\"text\" name=\"your-name\" \/><\/span> <\/label>\n<\/p>\n<p><label> Din email<br \/>\n<span class=\"wpcf7-form-control-wrap\" data-name=\"your-email\"><input size=\"40\" maxlength=\"400\" class=\"wpcf7-form-control wpcf7-email wpcf7-validates-as-required wpcf7-text wpcf7-validates-as-email\" aria-required=\"true\" aria-invalid=\"false\" value=\"\" type=\"email\" name=\"your-email\" \/><\/span> <\/label>\n<\/p>\n<p><label> Minsta orderkvantitet<br \/>\n<span class=\"wpcf7-form-control-wrap\" data-name=\"menu-734\"><select class=\"wpcf7-form-control wpcf7-select wpcf7-validates-as-required\" aria-required=\"true\" aria-invalid=\"false\" name=\"menu-734\"><option value=\"\">\u2013 V\u00e4lj ett alternativ \u2013<\/option><option value=\"300\">300<\/option><option value=\"500\">500<\/option><option value=\"1000\">1000<\/option><\/select><\/span> <\/label>\n<\/p>\n<p><label> Ditt meddelande<br \/>\n<span class=\"wpcf7-form-control-wrap\" data-name=\"your-message\"><textarea cols=\"40\" rows=\"10\" maxlength=\"2000\" class=\"wpcf7-form-control wpcf7-textarea wpcf7-validates-as-required\" aria-required=\"true\" aria-invalid=\"false\" name=\"your-message\"><\/textarea><\/span> <\/label>\n<\/p>\n<p><label> Din fil (valfritt)<br \/>\n<span class=\"wpcf7-form-control-wrap\" data-name=\"file-978\"><input size=\"40\" class=\"wpcf7-form-control wpcf7-file\" accept=\"audio\/*,video\/*,image\/*\" aria-invalid=\"false\" type=\"file\" name=\"file-978\" \/><\/span> <\/label>\n<\/p>\n<p><span class=\"wpcf7-form-control-wrap\" data-name=\"quiz-747\"><label><span class=\"wpcf7-quiz-label\">2+6=?<\/span> <input size=\"40\" class=\"wpcf7-form-control wpcf7-quiz\" autocomplete=\"off\" aria-required=\"true\" aria-invalid=\"false\" type=\"text\" name=\"quiz-747\" \/><\/label><input type=\"hidden\" name=\"_wpcf7_quiz_answer_quiz-747\" value=\"34fe0dce70d770da3a4b02c0e1fa88fe\" \/><\/span>\n<\/p>\n<p><input class=\"wpcf7-form-control wpcf7-submit has-spinner\" type=\"submit\" value=\"Skicka in\" \/>\n<\/p><div class=\"wpcf7-response-output\" aria-hidden=\"true\"><\/div>\n<\/form>\n<\/div>\n\n\n","protected":false},"excerpt":{"rendered":"<p>Anpassa och skriva ut dina miniatyrer Kontakta oss och ladda upp dina id\u00e9er Produktionsprocess f\u00f6r plastminiatyr Miniatyrprocedur 1. Om du har 3D-konstverk kommer vi att g\u00f6ra ett 3D-prov p\u00e5 en vecka och skicka det till dig f\u00f6r din bekr\u00e4ftelse. Sedan \u00f6ppnar vi formarna (om en m\u00e5nad) och g\u00f6r ett f\u00f6rproduktionsprov [&hellip;]<\/p>\n","protected":false},"author":1,"featured_media":0,"parent":0,"menu_order":0,"comment_status":"closed","ping_status":"closed","template":"","meta":{"site-sidebar-layout":"no-sidebar","site-content-layout":"page-builder","ast-site-content-layout":"full-width-container","site-content-style":"unboxed","site-sidebar-style":"unboxed","ast-global-header-display":"","ast-banner-title-visibility":"","ast-main-header-display":"","ast-hfb-above-header-display":"","ast-hfb-below-header-display":"","ast-hfb-mobile-header-display":"","site-post-title":"disabled","ast-breadcrumbs-content":"","ast-featured-img":"disabled","footer-sml-layout":"","ast-disable-related-posts":"","theme-transparent-header-meta":"default","adv-header-id-meta":"","stick-header-meta":"default","header-above-stick-meta":"","header-main-stick-meta":"","header-below-stick-meta":"","astra-migrate-meta-layouts":"default","ast-page-background-enabled":"default","ast-page-background-meta":{"desktop":{"background-color":"","background-image":"","background-repeat":"repeat","background-position":"center center","background-size":"auto","background-attachment":"scroll","background-type":"","background-media":"","overlay-type":"","overlay-color":"","overlay-opacity":"","overlay-gradient":""},"tablet":{"background-color":"","background-image":"","background-repeat":"repeat","background-position":"center center","background-size":"auto","background-attachment":"scroll","background-type":"","background-media":"","overlay-type":"","overlay-color":"","overlay-opacity":"","overlay-gradient":""},"mobile":{"background-color":"","background-image":"","background-repeat":"repeat","background-position":"center center","background-size":"auto","background-attachment":"scroll","background-type":"","background-media":"","overlay-type":"","overlay-color":"","overlay-opacity":"","overlay-gradient":""}},"ast-content-background-meta":{"desktop":{"background-color":"var(--ast-global-color-5)","background-image":"","background-repeat":"repeat","background-position":"center center","background-size":"auto","background-attachment":"scroll","background-type":"","background-media":"","overlay-type":"","overlay-color":"","overlay-opacity":"","overlay-gradient":""},"tablet":{"background-color":"var(--ast-global-color-5)","background-image":"","background-repeat":"repeat","background-position":"center center","background-size":"auto","background-attachment":"scroll","background-type":"","background-media":"","overlay-type":"","overlay-color":"","overlay-opacity":"","overlay-gradient":""},"mobile":{"background-color":"var(--ast-global-color-5)","background-image":"","background-repeat":"repeat","background-position":"center center","background-size":"auto","background-attachment":"scroll","background-type":"","background-media":"","overlay-type":"","overlay-color":"","overlay-opacity":"","overlay-gradient":""}},"footnotes":""},"class_list":["post-4144","page","type-page","status-publish","hentry"],"_links":{"self":[{"href":"https:\/\/www.hicreategames.com\/sv\/wp-json\/wp\/v2\/pages\/4144","targetHints":{"allow":["GET"]}}],"collection":[{"href":"https:\/\/www.hicreategames.com\/sv\/wp-json\/wp\/v2\/pages"}],"about":[{"href":"https:\/\/www.hicreategames.com\/sv\/wp-json\/wp\/v2\/types\/page"}],"author":[{"embeddable":true,"href":"https:\/\/www.hicreategames.com\/sv\/wp-json\/wp\/v2\/users\/1"}],"replies":[{"embeddable":true,"href":"https:\/\/www.hicreategames.com\/sv\/wp-json\/wp\/v2\/comments?post=4144"}],"version-history":[{"count":1,"href":"https:\/\/www.hicreategames.com\/sv\/wp-json\/wp\/v2\/pages\/4144\/revisions"}],"predecessor-version":[{"id":18001,"href":"https:\/\/www.hicreategames.com\/sv\/wp-json\/wp\/v2\/pages\/4144\/revisions\/18001"}],"wp:attachment":[{"href":"https:\/\/www.hicreategames.com\/sv\/wp-json\/wp\/v2\/media?parent=4144"}],"curies":[{"name":"wp","href":"https:\/\/api.w.org\/{rel}","templated":true}]}}