{"id":4145,"date":"2022-04-19T07:05:40","date_gmt":"2022-04-19T07:05:40","guid":{"rendered":"https:\/\/www.hicreategames.com\/andra-spelkomponenter\/"},"modified":"2025-08-26T15:31:26","modified_gmt":"2025-08-26T15:31:26","slug":"andra-spelkomponenter","status":"publish","type":"page","link":"https:\/\/www.hicreategames.com\/sv\/andra-spelkomponenter\/","title":{"rendered":"Andra spelkomponenter"},"content":{"rendered":"\n<h3>\n\t\tAnpassade spelkomponenter\n\t<\/h3>\n\t\t\t\t<img loading=\"lazy\" decoding=\"async\" src=\"https:\/\/www.hicreategames.com\/wp-content\/uploads\/2022\/04\/Money-Pack.png\" alt=\"Pengar Pack\" itemprop=\"image\" height=\"404\" width=\"618\" title=\"Pengar Pack\" onerror=\"this.style.display='none'\"  \/>\n\t<h3>\n\t\t\t\t\tpengar\n\t\t\t\t<\/h3>\n\t<p><strong>Tillg\u00e4ngligt material:<\/strong><\/p>\n<ul>\n<li>80 gsm (gram per kvadratmeter) tr\u00e4fritt papper<\/li>\n<li>100 gsm tr\u00e4fritt papper<\/li>\n<\/ul>\n<p><strong>Tillg\u00e4nglig storlek:<\/strong><\/p>\n<ul>\n<li>100*52mm<\/li>\n<li>upp till dina egna krav<\/li>\n<\/ul>\n\t<h3>\n\t\t\t\t\tSand Timer\n\t\t\t\t<\/h3>\n\t<ul>\n<li><strong>Material<\/strong> : PP+glas<\/li>\n<li><strong>DIM<\/strong> :8,5*2,5 cm<\/li>\n<li><strong>Nettovikt<\/strong> : 0,013 kg<\/li>\n<li><strong>F\u00e4rg<\/strong> : F\u00e4rgglad<\/li>\n<li><strong>Tid<\/strong> : 30 sek\/1 min\/2 min\/3 min\/5 min\/10 min<\/li>\n<\/ul>\n<p>Acceptera OEM eller enligt v\u00e5r design<\/p>\n\t\t\t\t<img loading=\"lazy\" decoding=\"async\" src=\"https:\/\/www.hicreategames.com\/wp-content\/uploads\/2022\/04\/Sand-Timer.png\" alt=\"Sand Timer\" itemprop=\"image\" height=\"500\" width=\"500\" title=\"Sand Timer\" onerror=\"this.style.display='none'\"  \/>\n\t\t\t\t<img loading=\"lazy\" decoding=\"async\" src=\"https:\/\/www.hicreategames.com\/wp-content\/uploads\/2022\/04\/Marker-Pen.jpg\" alt=\"Markeringspenna\" itemprop=\"image\" height=\"500\" width=\"500\" title=\"Markeringspenna\" onerror=\"this.style.display='none'\"  \/>\n\t<h3>\n\t\t\t\t\tMarkeringspenna\n\t\t\t\t<\/h3>\n\t<ul>\n<li><strong>Material:<\/strong> plast+bl\u00e4ck<\/li>\n<li>Milj\u00f6v\u00e4nlig<\/li>\n<li>Acceptera OEM eller k\u00f6p v\u00e5r design<\/li>\n<\/ul>\n\t<h3>\n\t\t\t\t\tSpinnare\n\t\t\t\t<\/h3>\n\t\t\t\t<img loading=\"lazy\" decoding=\"async\" src=\"https:\/\/www.hicreategames.com\/wp-content\/uploads\/2022\/04\/Spinner.png\" alt=\"Spinnare\" itemprop=\"image\" height=\"402\" width=\"620\" title=\"Spinnare\" onerror=\"this.style.display='none'\"  \/>\n\t<h3>\n\t\t\t\t\tE-Flute Tray\n\t\t\t\t<\/h3>\n\t\t\t\t<img loading=\"lazy\" decoding=\"async\" src=\"https:\/\/www.hicreategames.com\/wp-content\/uploads\/2022\/04\/E-Flute-Tray.png\" alt=\"E-Fl\u00f6jtbricka\" itemprop=\"image\" height=\"500\" width=\"500\" title=\"E-Fl\u00f6jtbricka\" onerror=\"this.style.display='none'\"  \/>\n\t<h3>\n\t\t\t\t\tPlastbricka\n\t\t\t\t<\/h3>\n\t\t\t\t<img loading=\"lazy\" decoding=\"async\" src=\"https:\/\/www.hicreategames.com\/wp-content\/uploads\/2022\/04\/Plastic-Tray.png\" alt=\"Plastbricka\" itemprop=\"image\" height=\"500\" width=\"500\" title=\"Plastbricka\" onerror=\"this.style.display='none'\"  \/>\n\t\t\t\t<img loading=\"lazy\" decoding=\"async\" src=\"https:\/\/www.hicreategames.com\/wp-content\/uploads\/2022\/04\/Board-Game-Components.png\" alt=\"Tillverkare av spelkomponenter\" itemprop=\"image\" height=\"500\" width=\"500\" title=\"Br\u00e4dspelskomponenter\" onerror=\"this.style.display='none'\"  \/>\n\t<h3>\n\t\t\t\t\tKontakta oss nu\n\t\t\t\t<\/h3>\n\t\n<div class=\"wpcf7 no-js\" id=\"wpcf7-f3885-o1\" lang=\"sv-SE\" dir=\"ltr\" data-wpcf7-id=\"3885\">\n<div class=\"screen-reader-response\"><p role=\"status\" aria-live=\"polite\" aria-atomic=\"true\"><\/p> <ul><\/ul><\/div>\n<form action=\"\/sv\/wp-json\/wp\/v2\/pages\/4145#wpcf7-f3885-o1\" method=\"post\" class=\"wpcf7-form init\" aria-label=\"Kontaktformul\u00e4r\" enctype=\"multipart\/form-data\" novalidate=\"novalidate\" data-status=\"init\">\n<fieldset class=\"hidden-fields-container\"><input type=\"hidden\" name=\"_wpcf7\" value=\"3885\" \/><input type=\"hidden\" name=\"_wpcf7_version\" value=\"6.1.5\" \/><input type=\"hidden\" name=\"_wpcf7_locale\" value=\"sv_SE\" \/><input type=\"hidden\" name=\"_wpcf7_unit_tag\" value=\"wpcf7-f3885-o1\" \/><input type=\"hidden\" name=\"_wpcf7_container_post\" value=\"0\" \/><input type=\"hidden\" name=\"_wpcf7_posted_data_hash\" value=\"\" \/><input type=\"hidden\" name=\"_wpcf7_recaptcha_response\" value=\"\" \/>\n<\/fieldset>\n<p><label> Ditt namn<br \/>\n<span class=\"wpcf7-form-control-wrap\" data-name=\"your-name\"><input size=\"40\" maxlength=\"400\" class=\"wpcf7-form-control wpcf7-text wpcf7-validates-as-required\" aria-required=\"true\" aria-invalid=\"false\" value=\"\" type=\"text\" name=\"your-name\" \/><\/span> <\/label>\n<\/p>\n<p><label> Din email<br \/>\n<span class=\"wpcf7-form-control-wrap\" data-name=\"your-email\"><input size=\"40\" maxlength=\"400\" class=\"wpcf7-form-control wpcf7-email wpcf7-validates-as-required wpcf7-text wpcf7-validates-as-email\" aria-required=\"true\" aria-invalid=\"false\" value=\"\" type=\"email\" name=\"your-email\" \/><\/span> <\/label>\n<\/p>\n<p><label> Minsta orderkvantitet<br \/>\n<span class=\"wpcf7-form-control-wrap\" data-name=\"menu-734\"><select class=\"wpcf7-form-control wpcf7-select wpcf7-validates-as-required\" aria-required=\"true\" aria-invalid=\"false\" name=\"menu-734\"><option value=\"\">\u2013 V\u00e4lj ett alternativ \u2013<\/option><option value=\"300\">300<\/option><option value=\"500\">500<\/option><option value=\"1000\">1000<\/option><\/select><\/span> <\/label>\n<\/p>\n<p><label> Ditt meddelande<br \/>\n<span class=\"wpcf7-form-control-wrap\" data-name=\"your-message\"><textarea cols=\"40\" rows=\"10\" maxlength=\"2000\" class=\"wpcf7-form-control wpcf7-textarea wpcf7-validates-as-required\" aria-required=\"true\" aria-invalid=\"false\" name=\"your-message\"><\/textarea><\/span> <\/label>\n<\/p>\n<p><label> Din fil (valfritt)<br \/>\n<span class=\"wpcf7-form-control-wrap\" data-name=\"file-978\"><input size=\"40\" class=\"wpcf7-form-control wpcf7-file\" accept=\"audio\/*,video\/*,image\/*\" aria-invalid=\"false\" type=\"file\" name=\"file-978\" \/><\/span> <\/label>\n<\/p>\n<p><span class=\"wpcf7-form-control-wrap\" data-name=\"quiz-747\"><label><span class=\"wpcf7-quiz-label\">2+6=?<\/span> <input size=\"40\" class=\"wpcf7-form-control wpcf7-quiz\" autocomplete=\"off\" aria-required=\"true\" aria-invalid=\"false\" type=\"text\" name=\"quiz-747\" \/><\/label><input type=\"hidden\" name=\"_wpcf7_quiz_answer_quiz-747\" value=\"34fe0dce70d770da3a4b02c0e1fa88fe\" \/><\/span>\n<\/p>\n<p><input class=\"wpcf7-form-control wpcf7-submit has-spinner\" type=\"submit\" value=\"Skicka in\" \/>\n<\/p><div class=\"wpcf7-response-output\" aria-hidden=\"true\"><\/div>\n<\/form>\n<\/div>\n\n\n","protected":false},"excerpt":{"rendered":"<p>Anpassade spelkomponenter pengar Tillg\u00e4ngligt material: 80 gsm (gram per kvadratmeter) tr\u00e4fritt papper 100 gsm tr\u00e4fritt papper Tillg\u00e4nglig storlek: 100*52mm upp till dina egna krav Sand Timer Material : PP+glas DIM :8,5*2,5 cm Nettovikt : 0,013 kg F\u00e4rg : F\u00e4rgglad Tid : 30 sek\/1 min\/2 min\/3 min\/5 min\/10 min Acceptera OEM [&hellip;]<\/p>\n","protected":false},"author":1,"featured_media":0,"parent":0,"menu_order":0,"comment_status":"closed","ping_status":"closed","template":"","meta":{"site-sidebar-layout":"no-sidebar","site-content-layout":"page-builder","ast-site-content-layout":"default","site-content-style":"default","site-sidebar-style":"default","ast-global-header-display":"","ast-banner-title-visibility":"","ast-main-header-display":"","ast-hfb-above-header-display":"","ast-hfb-below-header-display":"","ast-hfb-mobile-header-display":"","site-post-title":"disabled","ast-breadcrumbs-content":"","ast-featured-img":"disabled","footer-sml-layout":"","ast-disable-related-posts":"","theme-transparent-header-meta":"default","adv-header-id-meta":"","stick-header-meta":"default","header-above-stick-meta":"","header-main-stick-meta":"","header-below-stick-meta":"","astra-migrate-meta-layouts":"default","ast-page-background-enabled":"default","ast-page-background-meta":{"desktop":{"background-color":"","background-image":"","background-repeat":"repeat","background-position":"center center","background-size":"auto","background-attachment":"scroll","background-type":"","background-media":"","overlay-type":"","overlay-color":"","overlay-opacity":"","overlay-gradient":""},"tablet":{"background-color":"","background-image":"","background-repeat":"repeat","background-position":"center center","background-size":"auto","background-attachment":"scroll","background-type":"","background-media":"","overlay-type":"","overlay-color":"","overlay-opacity":"","overlay-gradient":""},"mobile":{"background-color":"","background-image":"","background-repeat":"repeat","background-position":"center center","background-size":"auto","background-attachment":"scroll","background-type":"","background-media":"","overlay-type":"","overlay-color":"","overlay-opacity":"","overlay-gradient":""}},"ast-content-background-meta":{"desktop":{"background-color":"var(--ast-global-color-5)","background-image":"","background-repeat":"repeat","background-position":"center center","background-size":"auto","background-attachment":"scroll","background-type":"","background-media":"","overlay-type":"","overlay-color":"","overlay-opacity":"","overlay-gradient":""},"tablet":{"background-color":"var(--ast-global-color-5)","background-image":"","background-repeat":"repeat","background-position":"center center","background-size":"auto","background-attachment":"scroll","background-type":"","background-media":"","overlay-type":"","overlay-color":"","overlay-opacity":"","overlay-gradient":""},"mobile":{"background-color":"var(--ast-global-color-5)","background-image":"","background-repeat":"repeat","background-position":"center center","background-size":"auto","background-attachment":"scroll","background-type":"","background-media":"","overlay-type":"","overlay-color":"","overlay-opacity":"","overlay-gradient":""}},"footnotes":""},"class_list":["post-4145","page","type-page","status-publish","hentry"],"_links":{"self":[{"href":"https:\/\/www.hicreategames.com\/sv\/wp-json\/wp\/v2\/pages\/4145","targetHints":{"allow":["GET"]}}],"collection":[{"href":"https:\/\/www.hicreategames.com\/sv\/wp-json\/wp\/v2\/pages"}],"about":[{"href":"https:\/\/www.hicreategames.com\/sv\/wp-json\/wp\/v2\/types\/page"}],"author":[{"embeddable":true,"href":"https:\/\/www.hicreategames.com\/sv\/wp-json\/wp\/v2\/users\/1"}],"replies":[{"embeddable":true,"href":"https:\/\/www.hicreategames.com\/sv\/wp-json\/wp\/v2\/comments?post=4145"}],"version-history":[{"count":1,"href":"https:\/\/www.hicreategames.com\/sv\/wp-json\/wp\/v2\/pages\/4145\/revisions"}],"predecessor-version":[{"id":25096,"href":"https:\/\/www.hicreategames.com\/sv\/wp-json\/wp\/v2\/pages\/4145\/revisions\/25096"}],"wp:attachment":[{"href":"https:\/\/www.hicreategames.com\/sv\/wp-json\/wp\/v2\/media?parent=4145"}],"curies":[{"name":"wp","href":"https:\/\/api.w.org\/{rel}","templated":true}]}}